{"id":248,"date":"2024-04-30T15:51:16","date_gmt":"2024-04-30T13:51:16","guid":{"rendered":"https:\/\/lexify.nextindustry.net\/?page_id=248"},"modified":"2025-03-21T15:03:52","modified_gmt":"2025-03-21T15:03:52","slug":"privacy-data-protection","status":"publish","type":"page","link":"https:\/\/lexify.io\/it\/servizi\/privacy-data-protection\/","title":{"rendered":"Privacy e protezione dei dati"},"content":{"rendered":"<div class=\"wp-block-group alignfull banner-section is-layout-constrained wp-container-core-group-is-layout-72190d31 wp-block-group-is-layout-constrained has-background\" style=\"margin-top:0;margin-bottom:0;padding-top:0;padding-right:0;padding-bottom:0;padding-left:0;background-image:url(&apos;https:\/\/lexify.io\/wp-content\/uploads\/2024\/04\/banners_7.jpg&apos;);background-size:cover;\">\n<div style=\"height:20.8vw\" aria-hidden=\"true\" class=\"wp-block-spacer\"><\/div>\n<\/div>\n\n\n\n<div class=\"wp-block-group alignfull has-ast-global-color-0-background-color has-background is-layout-constrained wp-block-group-is-layout-constrained\" style=\"padding-top:var(--wp--preset--spacing--70);padding-bottom:var(--wp--preset--spacing--70)\">\n<h1 class=\"wp-block-heading has-text-align-left has-ast-global-color-5-color has-text-color has-link-color wp-elements-3eedb92f0f5015e0ef7ed8fcc65960b4\">Privacy e protezione dei dati<\/h1>\n\n\n\n<p class=\"has-text-align-left has-ast-global-color-5-color has-text-color has-link-color wp-elements-5911abd3646d2d5972dc95b3378e0098\" style=\"padding-top:0;padding-bottom:0;font-size:25px;line-height:1.5\"><strong><strong><strong>Attivit\u00e0 di Data Protection Officer, conduzione del gestionale di protezione dei dati.<\/strong><\/strong><\/strong><\/p>\n<\/div>\n\n\n\n<div class=\"wp-block-group alignfull is-layout-constrained wp-block-group-is-layout-constrained\">\n<div class=\"wp-block-columns is-layout-flex wp-container-core-columns-is-layout-28f84493 wp-block-columns-is-layout-flex\">\n<div class=\"wp-block-column is-layout-flow wp-block-column-is-layout-flow\">\n<figure class=\"wp-block-image size-full\"><img loading=\"lazy\" decoding=\"async\" width=\"800\" height=\"400\" src=\"https:\/\/lexify.io\/wp-content\/uploads\/2024\/04\/LEXIFY_07_01.jpg\" alt=\"\" class=\"wp-image-354\" srcset=\"https:\/\/lexify.io\/wp-content\/uploads\/2024\/04\/LEXIFY_07_01.jpg 800w, https:\/\/lexify.io\/wp-content\/uploads\/2024\/04\/LEXIFY_07_01-300x150.jpg 300w, https:\/\/lexify.io\/wp-content\/uploads\/2024\/04\/LEXIFY_07_01-768x384.jpg 768w\" sizes=\"auto, (max-width: 800px) 100vw, 800px\" \/><\/figure>\n\n\n\n<h2 class=\"wp-block-heading\">Gestionale Data Protection<\/h2>\n\n\n\n<p>La LPD richiede una mappatura dei processi e dei dati gestiti dall\u2019azienda. Questa mappatura \u00e8 la base della conformit\u00e0 legale ed \u00e8 da svolgere tramite un gestionale. Gli specialisti di Lexify, unitamente a \u201cPrivacy Swiss\u201d vi supportano in questo compito.<\/p>\n<\/div>\n\n\n\n<div class=\"wp-block-column is-layout-flow wp-block-column-is-layout-flow\">\n<figure class=\"wp-block-image size-full\"><img loading=\"lazy\" decoding=\"async\" width=\"800\" height=\"400\" src=\"https:\/\/lexify.io\/wp-content\/uploads\/2024\/04\/LEXIFY_07_02.jpg\" alt=\"\" class=\"wp-image-355\" srcset=\"https:\/\/lexify.io\/wp-content\/uploads\/2024\/04\/LEXIFY_07_02.jpg 800w, https:\/\/lexify.io\/wp-content\/uploads\/2024\/04\/LEXIFY_07_02-300x150.jpg 300w, https:\/\/lexify.io\/wp-content\/uploads\/2024\/04\/LEXIFY_07_02-768x384.jpg 768w\" sizes=\"auto, (max-width: 800px) 100vw, 800px\" \/><\/figure>\n\n\n\n<h2 class=\"wp-block-heading\">DATA PROTECTION OFFICER<\/h2>\n\n\n\n<p>Il Data Protection Officer \u00e8 la persona che si rapporta alle autorit\u00e0 e sostiene l\u2019entit\u00e0 nella sua gestione dei dati. Non lasciate i vostri dati in mano a persone che non capiscono il vostro business.<\/p>\n<\/div>\n<\/div>\n<\/div>\n\n\n\n<div class=\"wp-block-group alignfull has-ast-global-color-4-background-color has-background is-layout-constrained wp-block-group-is-layout-constrained\">\n<div class=\"wp-block-columns is-layout-flex wp-container-core-columns-is-layout-28f84493 wp-block-columns-is-layout-flex\">\n<div class=\"wp-block-column is-layout-flow wp-block-column-is-layout-flow\">\n<figure class=\"wp-block-image size-full\"><img loading=\"lazy\" decoding=\"async\" width=\"800\" height=\"400\" src=\"https:\/\/lexify.io\/wp-content\/uploads\/2024\/04\/LEXIFY_07_03.jpg\" alt=\"\" class=\"wp-image-356\" srcset=\"https:\/\/lexify.io\/wp-content\/uploads\/2024\/04\/LEXIFY_07_03.jpg 800w, https:\/\/lexify.io\/wp-content\/uploads\/2024\/04\/LEXIFY_07_03-300x150.jpg 300w, https:\/\/lexify.io\/wp-content\/uploads\/2024\/04\/LEXIFY_07_03-768x384.jpg 768w\" sizes=\"auto, (max-width: 800px) 100vw, 800px\" \/><\/figure>\n\n\n\n<h2 class=\"wp-block-heading\">Rappresentante Svizzero<\/h2>\n\n\n\n<p>Societ\u00e0 estere che operano in Svizzera necessitano di un rappresentante. Lexify funge da rappresentante per queste entit\u00e0 e garantisce il rispetto della normativa elvetica.<\/p>\n<\/div>\n\n\n\n<div class=\"wp-block-column is-layout-flow wp-block-column-is-layout-flow\">\n<figure class=\"wp-block-image size-full\"><img loading=\"lazy\" decoding=\"async\" width=\"800\" height=\"400\" src=\"https:\/\/lexify.io\/wp-content\/uploads\/2024\/04\/LEXIFY_07_04.jpg\" alt=\"\" class=\"wp-image-357\" srcset=\"https:\/\/lexify.io\/wp-content\/uploads\/2024\/04\/LEXIFY_07_04.jpg 800w, https:\/\/lexify.io\/wp-content\/uploads\/2024\/04\/LEXIFY_07_04-300x150.jpg 300w, https:\/\/lexify.io\/wp-content\/uploads\/2024\/04\/LEXIFY_07_04-768x384.jpg 768w\" sizes=\"auto, (max-width: 800px) 100vw, 800px\" \/><\/figure>\n\n\n\n<h2 class=\"wp-block-heading\">Contrattualistica<\/h2>\n\n\n\n<p>State trasmettendo dati all\u2019estero? Avete un Data Processor? I vostri contratti devono essere adeguati. Lexify vi supporta nel rispettare le normative sulla protezione dei dati.<\/p>\n<\/div>\n<\/div>\n<\/div>\n\n\n\n<div class=\"wp-block-group alignfull is-layout-constrained wp-block-group-is-layout-constrained\">\n<div class=\"wp-block-columns is-layout-flex wp-container-core-columns-is-layout-28f84493 wp-block-columns-is-layout-flex\">\n<div class=\"wp-block-column is-layout-flow wp-block-column-is-layout-flow\">\n<figure class=\"wp-block-image size-full\"><img loading=\"lazy\" decoding=\"async\" width=\"800\" height=\"400\" src=\"https:\/\/lexify.io\/wp-content\/uploads\/2024\/04\/LEXIFY_07_05.jpg\" alt=\"\" class=\"wp-image-358\" srcset=\"https:\/\/lexify.io\/wp-content\/uploads\/2024\/04\/LEXIFY_07_05.jpg 800w, https:\/\/lexify.io\/wp-content\/uploads\/2024\/04\/LEXIFY_07_05-300x150.jpg 300w, https:\/\/lexify.io\/wp-content\/uploads\/2024\/04\/LEXIFY_07_05-768x384.jpg 768w\" sizes=\"auto, (max-width: 800px) 100vw, 800px\" \/><\/figure>\n\n\n\n<h2 class=\"wp-block-heading\">GDPR e Normativa Europea<\/h2>\n\n\n\n<p>Lexify vi supporter\u00e0 anche con tutti gli obblighi derivanti dal \u201cRegolamento UE 2016\/679\u201d GDPR. Lexify svolger\u00e0 anche il ruolo di rappresentante nell\u2019Unione Europea per le societ\u00e0 Svizzere e di paesi terzi, in modo da essere conformi alla normativa europea.<\/p>\n<\/div>\n\n\n\n<div class=\"wp-block-column is-layout-flow wp-block-column-is-layout-flow\"><\/div>\n<\/div>\n<\/div>","protected":false},"excerpt":{"rendered":"<p>Privacy &amp; Data Protection Lexify offers Data Protection Officer activities conducting data [&hellip;]<\/p>","protected":false},"author":1,"featured_media":0,"parent":140,"menu_order":0,"comment_status":"closed","ping_status":"closed","template":"","meta":{"_acf_changed":false,"inline_featured_image":false,"_uag_custom_page_level_css":"","site-sidebar-layout":"default","site-content-layout":"","ast-site-content-layout":"default","site-content-style":"default","site-sidebar-style":"default","ast-global-header-display":"","ast-banner-title-visibility":"","ast-main-header-display":"","ast-hfb-above-header-display":"","ast-hfb-below-header-display":"","ast-hfb-mobile-header-display":"","site-post-title":"disabled","ast-breadcrumbs-content":"","ast-featured-img":"","footer-sml-layout":"","theme-transparent-header-meta":"","adv-header-id-meta":"","stick-header-meta":"","header-above-stick-meta":"","header-main-stick-meta":"","header-below-stick-meta":"","astra-migrate-meta-layouts":"default","ast-page-background-enabled":"default","ast-page-background-meta":{"desktop":{"background-color":"var(--ast-global-color-4)","background-image":"","background-repeat":"repeat","background-position":"center center","background-size":"auto","background-attachment":"scroll","background-type":"","background-media":"","overlay-type":"","overlay-color":"","overlay-opacity":"","overlay-gradient":""},"tablet":{"background-color":"","background-image":"","background-repeat":"repeat","background-position":"center center","background-size":"auto","background-attachment":"scroll","background-type":"","background-media":"","overlay-type":"","overlay-color":"","overlay-opacity":"","overlay-gradient":""},"mobile":{"background-color":"","background-image":"","background-repeat":"repeat","background-position":"center center","background-size":"auto","background-attachment":"scroll","background-type":"","background-media":"","overlay-type":"","overlay-color":"","overlay-opacity":"","overlay-gradient":""}},"ast-content-background-meta":{"desktop":{"background-color":"var(--ast-global-color-5)","background-image":"","background-repeat":"repeat","background-position":"center center","background-size":"auto","background-attachment":"scroll","background-type":"","background-media":"","overlay-type":"","overlay-color":"","overlay-opacity":"","overlay-gradient":""},"tablet":{"background-color":"var(--ast-global-color-5)","background-image":"","background-repeat":"repeat","background-position":"center center","background-size":"auto","background-attachment":"scroll","background-type":"","background-media":"","overlay-type":"","overlay-color":"","overlay-opacity":"","overlay-gradient":""},"mobile":{"background-color":"var(--ast-global-color-5)","background-image":"","background-repeat":"repeat","background-position":"center center","background-size":"auto","background-attachment":"scroll","background-type":"","background-media":"","overlay-type":"","overlay-color":"","overlay-opacity":"","overlay-gradient":""}},"footnotes":""},"class_list":["post-248","page","type-page","status-publish","hentry"],"acf":[],"yoast_head":"<!-- This site is optimized with the Yoast SEO plugin v25.5 - https:\/\/yoast.com\/wordpress\/plugins\/seo\/ -->\n<title>Privacy &amp; Data Protection - Lexify<\/title>\n<meta name=\"robots\" content=\"index, follow, max-snippet:-1, max-image-preview:large, max-video-preview:-1\" \/>\n<link rel=\"canonical\" href=\"https:\/\/lexify.io\/it\/servizi\/privacy-data-protection\/\" \/>\n<meta property=\"og:locale\" content=\"it_IT\" \/>\n<meta property=\"og:type\" content=\"article\" \/>\n<meta property=\"og:title\" content=\"Privacy &amp; Data Protection - Lexify\" \/>\n<meta property=\"og:description\" content=\"Privacy &amp; Data Protection Lexify offers Data Protection Officer activities conducting data [&hellip;]\" \/>\n<meta property=\"og:url\" content=\"https:\/\/lexify.io\/it\/servizi\/privacy-data-protection\/\" \/>\n<meta property=\"og:site_name\" content=\"Lexify\" \/>\n<meta property=\"article:modified_time\" content=\"2025-03-21T15:03:52+00:00\" \/>\n<meta property=\"og:image\" content=\"https:\/\/lexify.io\/wp-content\/uploads\/2024\/04\/LEXIFY_07_01.jpg\" \/>\n\t<meta property=\"og:image:width\" content=\"800\" \/>\n\t<meta property=\"og:image:height\" content=\"400\" \/>\n\t<meta property=\"og:image:type\" content=\"image\/jpeg\" \/>\n<meta name=\"twitter:card\" content=\"summary_large_image\" \/>\n<meta name=\"twitter:label1\" content=\"Tempo di lettura stimato\" \/>\n\t<meta name=\"twitter:data1\" content=\"3 minuti\" \/>\n<script type=\"application\/ld+json\" class=\"yoast-schema-graph\">{\"@context\":\"https:\/\/schema.org\",\"@graph\":[{\"@type\":\"WebPage\",\"@id\":\"https:\/\/lexify.io\/our-services\/privacy-data-protection\/\",\"url\":\"https:\/\/lexify.io\/our-services\/privacy-data-protection\/\",\"name\":\"Privacy & Data Protection - Lexify\",\"isPartOf\":{\"@id\":\"https:\/\/lexify.io\/#website\"},\"primaryImageOfPage\":{\"@id\":\"https:\/\/lexify.io\/our-services\/privacy-data-protection\/#primaryimage\"},\"image\":{\"@id\":\"https:\/\/lexify.io\/our-services\/privacy-data-protection\/#primaryimage\"},\"thumbnailUrl\":\"https:\/\/lexify.io\/wp-content\/uploads\/2024\/04\/LEXIFY_07_01.jpg\",\"datePublished\":\"2024-04-30T13:51:16+00:00\",\"dateModified\":\"2025-03-21T15:03:52+00:00\",\"breadcrumb\":{\"@id\":\"https:\/\/lexify.io\/our-services\/privacy-data-protection\/#breadcrumb\"},\"inLanguage\":\"it-IT\",\"potentialAction\":[{\"@type\":\"ReadAction\",\"target\":[\"https:\/\/lexify.io\/our-services\/privacy-data-protection\/\"]}]},{\"@type\":\"ImageObject\",\"inLanguage\":\"it-IT\",\"@id\":\"https:\/\/lexify.io\/our-services\/privacy-data-protection\/#primaryimage\",\"url\":\"https:\/\/lexify.io\/wp-content\/uploads\/2024\/04\/LEXIFY_07_01.jpg\",\"contentUrl\":\"https:\/\/lexify.io\/wp-content\/uploads\/2024\/04\/LEXIFY_07_01.jpg\"},{\"@type\":\"BreadcrumbList\",\"@id\":\"https:\/\/lexify.io\/our-services\/privacy-data-protection\/#breadcrumb\",\"itemListElement\":[{\"@type\":\"ListItem\",\"position\":1,\"name\":\"Home\",\"item\":\"https:\/\/lexify.io\/\"},{\"@type\":\"ListItem\",\"position\":2,\"name\":\"Our Services\",\"item\":\"https:\/\/lexify.io\/our-services\/\"},{\"@type\":\"ListItem\",\"position\":3,\"name\":\"Privacy &#038; Data Protection\"}]},{\"@type\":\"WebSite\",\"@id\":\"https:\/\/lexify.io\/#website\",\"url\":\"https:\/\/lexify.io\/\",\"name\":\"Lexify\",\"description\":\"\",\"publisher\":{\"@id\":\"https:\/\/lexify.io\/#organization\"},\"potentialAction\":[{\"@type\":\"SearchAction\",\"target\":{\"@type\":\"EntryPoint\",\"urlTemplate\":\"https:\/\/lexify.io\/?s={search_term_string}\"},\"query-input\":{\"@type\":\"PropertyValueSpecification\",\"valueRequired\":true,\"valueName\":\"search_term_string\"}}],\"inLanguage\":\"it-IT\"},{\"@type\":\"Organization\",\"@id\":\"https:\/\/lexify.io\/#organization\",\"name\":\"Lexify\",\"url\":\"https:\/\/lexify.io\/\",\"logo\":{\"@type\":\"ImageObject\",\"inLanguage\":\"it-IT\",\"@id\":\"https:\/\/lexify.io\/#\/schema\/logo\/image\/\",\"url\":\"https:\/\/lexify.io\/wp-content\/uploads\/2024\/05\/Lexify_logo-1.png\",\"contentUrl\":\"https:\/\/lexify.io\/wp-content\/uploads\/2024\/05\/Lexify_logo-1.png\",\"width\":730,\"height\":230,\"caption\":\"Lexify\"},\"image\":{\"@id\":\"https:\/\/lexify.io\/#\/schema\/logo\/image\/\"}}]}<\/script>\n<!-- \/ Yoast SEO plugin. -->","yoast_head_json":{"title":"Privacy & Data Protection - Lexify","robots":{"index":"index","follow":"follow","max-snippet":"max-snippet:-1","max-image-preview":"max-image-preview:large","max-video-preview":"max-video-preview:-1"},"canonical":"https:\/\/lexify.io\/it\/servizi\/privacy-data-protection\/","og_locale":"it_IT","og_type":"article","og_title":"Privacy & Data Protection - Lexify","og_description":"Privacy &amp; Data Protection Lexify offers Data Protection Officer activities conducting data [&hellip;]","og_url":"https:\/\/lexify.io\/it\/servizi\/privacy-data-protection\/","og_site_name":"Lexify","article_modified_time":"2025-03-21T15:03:52+00:00","og_image":[{"width":800,"height":400,"url":"https:\/\/lexify.io\/wp-content\/uploads\/2024\/04\/LEXIFY_07_01.jpg","type":"image\/jpeg"}],"twitter_card":"summary_large_image","twitter_misc":{"Tempo di lettura stimato":"3 minuti"},"schema":{"@context":"https:\/\/schema.org","@graph":[{"@type":"WebPage","@id":"https:\/\/lexify.io\/our-services\/privacy-data-protection\/","url":"https:\/\/lexify.io\/our-services\/privacy-data-protection\/","name":"Privacy & Data Protection - Lexify","isPartOf":{"@id":"https:\/\/lexify.io\/#website"},"primaryImageOfPage":{"@id":"https:\/\/lexify.io\/our-services\/privacy-data-protection\/#primaryimage"},"image":{"@id":"https:\/\/lexify.io\/our-services\/privacy-data-protection\/#primaryimage"},"thumbnailUrl":"https:\/\/lexify.io\/wp-content\/uploads\/2024\/04\/LEXIFY_07_01.jpg","datePublished":"2024-04-30T13:51:16+00:00","dateModified":"2025-03-21T15:03:52+00:00","breadcrumb":{"@id":"https:\/\/lexify.io\/our-services\/privacy-data-protection\/#breadcrumb"},"inLanguage":"it-IT","potentialAction":[{"@type":"ReadAction","target":["https:\/\/lexify.io\/our-services\/privacy-data-protection\/"]}]},{"@type":"ImageObject","inLanguage":"it-IT","@id":"https:\/\/lexify.io\/our-services\/privacy-data-protection\/#primaryimage","url":"https:\/\/lexify.io\/wp-content\/uploads\/2024\/04\/LEXIFY_07_01.jpg","contentUrl":"https:\/\/lexify.io\/wp-content\/uploads\/2024\/04\/LEXIFY_07_01.jpg"},{"@type":"BreadcrumbList","@id":"https:\/\/lexify.io\/our-services\/privacy-data-protection\/#breadcrumb","itemListElement":[{"@type":"ListItem","position":1,"name":"Home","item":"https:\/\/lexify.io\/"},{"@type":"ListItem","position":2,"name":"Our Services","item":"https:\/\/lexify.io\/our-services\/"},{"@type":"ListItem","position":3,"name":"Privacy &#038; Data Protection"}]},{"@type":"WebSite","@id":"https:\/\/lexify.io\/#website","url":"https:\/\/lexify.io\/","name":"Lexify","description":"","publisher":{"@id":"https:\/\/lexify.io\/#organization"},"potentialAction":[{"@type":"SearchAction","target":{"@type":"EntryPoint","urlTemplate":"https:\/\/lexify.io\/?s={search_term_string}"},"query-input":{"@type":"PropertyValueSpecification","valueRequired":true,"valueName":"search_term_string"}}],"inLanguage":"it-IT"},{"@type":"Organization","@id":"https:\/\/lexify.io\/#organization","name":"Lexify","url":"https:\/\/lexify.io\/","logo":{"@type":"ImageObject","inLanguage":"it-IT","@id":"https:\/\/lexify.io\/#\/schema\/logo\/image\/","url":"https:\/\/lexify.io\/wp-content\/uploads\/2024\/05\/Lexify_logo-1.png","contentUrl":"https:\/\/lexify.io\/wp-content\/uploads\/2024\/05\/Lexify_logo-1.png","width":730,"height":230,"caption":"Lexify"},"image":{"@id":"https:\/\/lexify.io\/#\/schema\/logo\/image\/"}}]}},"uagb_featured_image_src":{"full":false,"thumbnail":false,"medium":false,"medium_large":false,"large":false,"1536x1536":false,"2048x2048":false,"trp-custom-language-flag":false},"uagb_author_info":{"display_name":"admin","author_link":"https:\/\/lexify.io\/it\/author\/nextadmin\/"},"uagb_comment_info":0,"uagb_excerpt":"Privacy &amp; Data Protection Lexify offers Data Protection Officer activities conducting data [&hellip;]","_links":{"self":[{"href":"https:\/\/lexify.io\/it\/wp-json\/wp\/v2\/pages\/248","targetHints":{"allow":["GET"]}}],"collection":[{"href":"https:\/\/lexify.io\/it\/wp-json\/wp\/v2\/pages"}],"about":[{"href":"https:\/\/lexify.io\/it\/wp-json\/wp\/v2\/types\/page"}],"author":[{"embeddable":true,"href":"https:\/\/lexify.io\/it\/wp-json\/wp\/v2\/users\/1"}],"replies":[{"embeddable":true,"href":"https:\/\/lexify.io\/it\/wp-json\/wp\/v2\/comments?post=248"}],"version-history":[{"count":0,"href":"https:\/\/lexify.io\/it\/wp-json\/wp\/v2\/pages\/248\/revisions"}],"up":[{"embeddable":true,"href":"https:\/\/lexify.io\/it\/wp-json\/wp\/v2\/pages\/140"}],"wp:attachment":[{"href":"https:\/\/lexify.io\/it\/wp-json\/wp\/v2\/media?parent=248"}],"curies":[{"name":"wp","href":"https:\/\/api.w.org\/{rel}","templated":true}]}}