{"id":2454,"date":"2026-05-07T07:50:46","date_gmt":"2026-05-07T07:50:46","guid":{"rendered":"https:\/\/lexify.io\/?page_id=2454"},"modified":"2026-05-07T07:53:28","modified_gmt":"2026-05-07T07:53:28","slug":"space-economy","status":"publish","type":"page","link":"https:\/\/lexify.io\/it\/servizi\/space-economy\/","title":{"rendered":"Space Economy"},"content":{"rendered":"<div class=\"wp-block-group alignfull banner-section is-layout-constrained wp-block-group-is-layout-constrained has-background\" style=\"padding-top:0;padding-bottom:0;background-image:url(&apos;https:\/\/lexify.io\/wp-content\/uploads\/2026\/05\/banners_mini_01_space.webp&apos;);background-size:cover;\">\n<div style=\"height:21vw\" aria-hidden=\"true\" class=\"wp-block-spacer\"><\/div>\n<\/div>\n\n\n\n<div class=\"wp-block-group alignfull has-ast-global-color-0-background-color has-background is-layout-constrained wp-block-group-is-layout-constrained\" style=\"padding-top:var(--wp--preset--spacing--70);padding-bottom:var(--wp--preset--spacing--70)\">\n<h1 class=\"wp-block-heading has-text-align-left has-ast-global-color-5-color has-text-color has-link-color wp-elements-c41fcc725b0444d0101886978bedad6d\">Space Economy<\/h1>\n\n\n\n<p class=\"has-text-align-left has-ast-global-color-5-color has-text-color has-link-color wp-elements-11d37789905d66d5b367774bb452380a\" style=\"padding-top:0;padding-bottom:0;font-size:25px;line-height:1.5\">Il settore aerospaziale e l'economia del New Space stanno evolvendo a un ritmo senza precedenti. Per orientarsi in questo panorama dinamico \u00e8 necessaria una consulenza legale che comprenda sia le complessit\u00e0 dei trattati sullo spazio extra-atmosferico sia le realt\u00e0 pragmatiche e quotidiane della gestione di un'azienda tecnologica. Il nostro studio multidisciplinare supporta operatori satellitari, fornitori di servizi di lancio, produttori della catena di approvvigionamento e startup innovative. Colmiamo il divario tra la politica spaziale di alto livello e le operazioni commerciali standard, che si tratti di ottenere autorizzazioni internazionali di lancio, redigere contratti di fornitura di routine o strutturare la vostra partecipazione a programmi di finanziamento governativi. Il nostro obiettivo \u00e8 quello di essere un partner strategico per la vostra azienda, trasformando le sfide normative e commerciali in opportunit\u00e0 di crescita.<\/p>\n<\/div>\n\n\n\n<div class=\"wp-block-group alignfull is-layout-constrained wp-block-group-is-layout-constrained\">\n<div class=\"wp-block-columns is-layout-flex wp-container-core-columns-is-layout-28f84493 wp-block-columns-is-layout-flex\">\n<div class=\"wp-block-column is-layout-flow wp-block-column-is-layout-flow\">\n<figure class=\"wp-block-image size-full\"><img loading=\"lazy\" decoding=\"async\" width=\"800\" height=\"400\" src=\"https:\/\/lexify.io\/wp-content\/uploads\/2026\/05\/LEXIFY_07_regulatory_02.webp\" alt=\"\" class=\"wp-image-2449\" srcset=\"https:\/\/lexify.io\/wp-content\/uploads\/2026\/05\/LEXIFY_07_regulatory_02.webp 800w, https:\/\/lexify.io\/wp-content\/uploads\/2026\/05\/LEXIFY_07_regulatory_02-300x150.webp 300w, https:\/\/lexify.io\/wp-content\/uploads\/2026\/05\/LEXIFY_07_regulatory_02-768x384.webp 768w, https:\/\/lexify.io\/wp-content\/uploads\/2026\/05\/LEXIFY_07_regulatory_02-18x9.webp 18w\" sizes=\"auto, (max-width: 800px) 100vw, 800px\" \/><\/figure>\n\n\n\n<h2 class=\"wp-block-heading\">Diritto Spaziale e Regolamentazione delle Operazioni Spaziali<\/h2>\n\n\n\n<p>Consulenza in materia di diritto spaziale internazionale e svizzero. Assistiamo i clienti nelle procedure di autorizzazione al lancio, nelle assegnazioni di frequenze e nei complessi regimi di responsabilit\u00e0 previsti dai principali strumenti delle Nazioni Unite, tra cui il Trattato sullo Spazio Extra-atmosferico (1967) e la Convenzione sulla Responsabilit\u00e0 Internazionale per i Danni Causati da Oggetti Spaziali (1972).<\/p>\n<\/div>\n\n\n\n<div class=\"wp-block-column is-layout-flow wp-block-column-is-layout-flow\">\n<figure class=\"wp-block-image size-full\"><img loading=\"lazy\" decoding=\"async\" width=\"800\" height=\"400\" src=\"https:\/\/lexify.io\/wp-content\/uploads\/2026\/05\/LEXIFY_07_orbit.webp\" alt=\"\" class=\"wp-image-2448\" srcset=\"https:\/\/lexify.io\/wp-content\/uploads\/2026\/05\/LEXIFY_07_orbit.webp 800w, https:\/\/lexify.io\/wp-content\/uploads\/2026\/05\/LEXIFY_07_orbit-300x150.webp 300w, https:\/\/lexify.io\/wp-content\/uploads\/2026\/05\/LEXIFY_07_orbit-768x384.webp 768w, https:\/\/lexify.io\/wp-content\/uploads\/2026\/05\/LEXIFY_07_orbit-18x9.webp 18w\" sizes=\"auto, (max-width: 800px) 100vw, 800px\" \/><\/figure>\n\n\n\n<h2 class=\"wp-block-heading\">Commercio Spaziale e Servizi in Orbita<\/h2>\n\n\n\n<p>Supportiamo le imprese spaziali commerciali operanti nei segmenti pi\u00f9 innovativi del settore. Prestiamo consulenza in materia di operazioni satellitari, servizi in orbita (IOS), utilizzo delle risorse spaziali e accordi transfrontalieri di capacit\u00e0 con fornitori di lancio e clienti istituzionali.<\/p>\n<\/div>\n<\/div>\n<\/div>\n\n\n\n<div class=\"wp-block-group alignfull has-ast-global-color-4-background-color has-background is-layout-constrained wp-block-group-is-layout-constrained\">\n<div class=\"wp-block-columns is-layout-flex wp-container-core-columns-is-layout-28f84493 wp-block-columns-is-layout-flex\">\n<div class=\"wp-block-column is-layout-flow wp-block-column-is-layout-flow\">\n<figure class=\"wp-block-image size-full\"><img loading=\"lazy\" decoding=\"async\" width=\"800\" height=\"400\" src=\"https:\/\/lexify.io\/wp-content\/uploads\/2026\/05\/LEXIFY_07_supply-chain.webp\" alt=\"\" class=\"wp-image-2452\" srcset=\"https:\/\/lexify.io\/wp-content\/uploads\/2026\/05\/LEXIFY_07_supply-chain.webp 800w, https:\/\/lexify.io\/wp-content\/uploads\/2026\/05\/LEXIFY_07_supply-chain-300x150.webp 300w, https:\/\/lexify.io\/wp-content\/uploads\/2026\/05\/LEXIFY_07_supply-chain-768x384.webp 768w, https:\/\/lexify.io\/wp-content\/uploads\/2026\/05\/LEXIFY_07_supply-chain-18x9.webp 18w\" sizes=\"auto, (max-width: 800px) 100vw, 800px\" \/><\/figure>\n\n\n\n<h2 class=\"wp-block-heading\">Contrattualistica Commerciale e Filiera Aerospaziale<\/h2>\n\n\n\n<p>Redazione e negoziazione degli accordi che costituiscono la base operativa delle vostre attivit\u00e0. Oltre agli aspetti specialistici del diritto spaziale, assistiamo i clienti nelle esigenze commerciali ordinarie, inclusi contratti di produzione di componenti, licenze software e dati, partnership di ricerca e sviluppo e contratti standard con fornitori e subfornitori.<\/p>\n<\/div>\n\n\n\n<div class=\"wp-block-column is-layout-flow wp-block-column-is-layout-flow\">\n<figure class=\"wp-block-image size-full\"><img loading=\"lazy\" decoding=\"async\" width=\"800\" height=\"400\" src=\"https:\/\/lexify.io\/wp-content\/uploads\/2026\/05\/LEXIFY_funding.webp\" alt=\"\" class=\"wp-image-2453\" srcset=\"https:\/\/lexify.io\/wp-content\/uploads\/2026\/05\/LEXIFY_funding.webp 800w, https:\/\/lexify.io\/wp-content\/uploads\/2026\/05\/LEXIFY_funding-300x150.webp 300w, https:\/\/lexify.io\/wp-content\/uploads\/2026\/05\/LEXIFY_funding-768x384.webp 768w, https:\/\/lexify.io\/wp-content\/uploads\/2026\/05\/LEXIFY_funding-18x9.webp 18w\" sizes=\"auto, (max-width: 800px) 100vw, 800px\" \/><\/figure>\n\n\n\n<h2 class=\"wp-block-heading\">Appalti Pubblici e Finanziamenti Governativi<\/h2>\n\n\n\n<p>Assistiamo le imprese del settore spaziale nelle procedure amministrative necessarie per l\u2019accesso a capitali strategici. Forniamo supporto legale per la partecipazione a programmi di finanziamento pubblico, l\u2019ottenimento di contributi per ricerca e sviluppo e la partecipazione a gare indette da agenzie spaziali nazionali e internazionali, inclusa l\u2019ESA.<\/p>\n<\/div>\n<\/div>\n<\/div>\n\n\n\n<div class=\"wp-block-group alignfull has-ast-global-color-4-background-color has-background is-layout-constrained wp-block-group-is-layout-constrained\">\n<div class=\"wp-block-columns is-layout-flex wp-container-core-columns-is-layout-28f84493 wp-block-columns-is-layout-flex\">\n<div class=\"wp-block-column is-layout-flow wp-block-column-is-layout-flow\">\n<figure class=\"wp-block-image size-full\"><img loading=\"lazy\" decoding=\"async\" width=\"800\" height=\"400\" src=\"https:\/\/lexify.io\/wp-content\/uploads\/2026\/05\/LEXIFY_07_regulatory.webp\" alt=\"\" class=\"wp-image-2450\" srcset=\"https:\/\/lexify.io\/wp-content\/uploads\/2026\/05\/LEXIFY_07_regulatory.webp 800w, https:\/\/lexify.io\/wp-content\/uploads\/2026\/05\/LEXIFY_07_regulatory-300x150.webp 300w, https:\/\/lexify.io\/wp-content\/uploads\/2026\/05\/LEXIFY_07_regulatory-768x384.webp 768w, https:\/\/lexify.io\/wp-content\/uploads\/2026\/05\/LEXIFY_07_regulatory-18x9.webp 18w\" sizes=\"auto, (max-width: 800px) 100vw, 800px\" \/><\/figure>\n\n\n\n<h2 class=\"wp-block-heading\">Conformit\u00e0 Normativa e Controlli alle Esportazioni<\/h2>\n\n\n\n<p>Garantiamo la conformit\u00e0 delle operazioni in un settore soggetto a un elevato livello di vigilanza regolamentare. Prestiamo consulenza in materia di controlli alle esportazioni dual use, restrizioni al trasferimento tecnologico, sanzioni internazionali e nuovi quadri normativi relativi alla sostenibilit\u00e0 spaziale e alla mitigazione dei detriti orbitali.<\/p>\n<\/div>\n\n\n\n<div class=\"wp-block-column is-layout-flow wp-block-column-is-layout-flow\">\n<figure class=\"wp-block-image size-full\"><img loading=\"lazy\" decoding=\"async\" width=\"800\" height=\"400\" src=\"https:\/\/lexify.io\/wp-content\/uploads\/2026\/05\/LEXIFY_07_rocket.webp\" alt=\"\" class=\"wp-image-2451\" srcset=\"https:\/\/lexify.io\/wp-content\/uploads\/2026\/05\/LEXIFY_07_rocket.webp 800w, https:\/\/lexify.io\/wp-content\/uploads\/2026\/05\/LEXIFY_07_rocket-300x150.webp 300w, https:\/\/lexify.io\/wp-content\/uploads\/2026\/05\/LEXIFY_07_rocket-768x384.webp 768w, https:\/\/lexify.io\/wp-content\/uploads\/2026\/05\/LEXIFY_07_rocket-18x9.webp 18w\" sizes=\"auto, (max-width: 800px) 100vw, 800px\" \/><\/figure>\n\n\n\n<h2 class=\"wp-block-heading\">Strutturazione Societaria e Venture Capital<\/h2>\n\n\n\n<p>Assistiamo startup New Space e operatori aerospaziali consolidati in materia di governance societaria, operazioni di venture capital, due diligence legale e operazioni di fusione e acquisizione, al fine di sostenere la crescita e gli investimenti di lungo periodo.<\/p>\n<\/div>\n<\/div>\n<\/div>","protected":false},"excerpt":{"rendered":"<p>Space Economy The aerospace sector and the New Space economy are evolving [&hellip;]<\/p>","protected":false},"author":1,"featured_media":0,"parent":140,"menu_order":0,"comment_status":"closed","ping_status":"closed","template":"","meta":{"_acf_changed":false,"inline_featured_image":false,"_uag_custom_page_level_css":"","site-sidebar-layout":"default","site-content-layout":"","ast-site-content-layout":"default","site-content-style":"default","site-sidebar-style":"default","ast-global-header-display":"","ast-banner-title-visibility":"","ast-main-header-display":"","ast-hfb-above-header-display":"","ast-hfb-below-header-display":"","ast-hfb-mobile-header-display":"","site-post-title":"","ast-breadcrumbs-content":"","ast-featured-img":"","footer-sml-layout":"","theme-transparent-header-meta":"","adv-header-id-meta":"","stick-header-meta":"","header-above-stick-meta":"","header-main-stick-meta":"","header-below-stick-meta":"","astra-migrate-meta-layouts":"default","ast-page-background-enabled":"default","ast-page-background-meta":{"desktop":{"background-color":"var(--ast-global-color-4)","background-image":"","background-repeat":"repeat","background-position":"center center","background-size":"auto","background-attachment":"scroll","background-type":"","background-media":"","overlay-type":"","overlay-color":"","overlay-opacity":"","overlay-gradient":""},"tablet":{"background-color":"","background-image":"","background-repeat":"repeat","background-position":"center center","background-size":"auto","background-attachment":"scroll","background-type":"","background-media":"","overlay-type":"","overlay-color":"","overlay-opacity":"","overlay-gradient":""},"mobile":{"background-color":"","background-image":"","background-repeat":"repeat","background-position":"center center","background-size":"auto","background-attachment":"scroll","background-type":"","background-media":"","overlay-type":"","overlay-color":"","overlay-opacity":"","overlay-gradient":""}},"ast-content-background-meta":{"desktop":{"background-color":"var(--ast-global-color-5)","background-image":"","background-repeat":"repeat","background-position":"center center","background-size":"auto","background-attachment":"scroll","background-type":"","background-media":"","overlay-type":"","overlay-color":"","overlay-opacity":"","overlay-gradient":""},"tablet":{"background-color":"var(--ast-global-color-5)","background-image":"","background-repeat":"repeat","background-position":"center center","background-size":"auto","background-attachment":"scroll","background-type":"","background-media":"","overlay-type":"","overlay-color":"","overlay-opacity":"","overlay-gradient":""},"mobile":{"background-color":"var(--ast-global-color-5)","background-image":"","background-repeat":"repeat","background-position":"center center","background-size":"auto","background-attachment":"scroll","background-type":"","background-media":"","overlay-type":"","overlay-color":"","overlay-opacity":"","overlay-gradient":""}},"footnotes":""},"class_list":["post-2454","page","type-page","status-publish","hentry"],"acf":[],"yoast_head":"<!-- This site is optimized with the Yoast SEO plugin v25.5 - https:\/\/yoast.com\/wordpress\/plugins\/seo\/ -->\n<title>Space Economy - Lexify<\/title>\n<meta name=\"robots\" content=\"index, follow, max-snippet:-1, max-image-preview:large, max-video-preview:-1\" \/>\n<link rel=\"canonical\" href=\"https:\/\/lexify.io\/it\/servizi\/space-economy\/\" \/>\n<meta property=\"og:locale\" content=\"it_IT\" \/>\n<meta property=\"og:type\" content=\"article\" \/>\n<meta property=\"og:title\" content=\"Space Economy - Lexify\" \/>\n<meta property=\"og:description\" content=\"Space Economy The aerospace sector and the New Space economy are evolving [&hellip;]\" \/>\n<meta property=\"og:url\" content=\"https:\/\/lexify.io\/it\/servizi\/space-economy\/\" \/>\n<meta property=\"og:site_name\" content=\"Lexify\" \/>\n<meta property=\"article:modified_time\" content=\"2026-05-07T07:53:28+00:00\" \/>\n<meta property=\"og:image\" content=\"https:\/\/lexify.io\/wp-content\/uploads\/2026\/05\/LEXIFY_07_regulatory_02.webp\" \/>\n\t<meta property=\"og:image:width\" content=\"800\" \/>\n\t<meta property=\"og:image:height\" content=\"400\" \/>\n\t<meta property=\"og:image:type\" content=\"image\/webp\" \/>\n<meta name=\"twitter:card\" content=\"summary_large_image\" \/>\n<meta name=\"twitter:label1\" content=\"Tempo di lettura stimato\" \/>\n\t<meta name=\"twitter:data1\" content=\"3 minuti\" \/>\n<script type=\"application\/ld+json\" class=\"yoast-schema-graph\">{\"@context\":\"https:\/\/schema.org\",\"@graph\":[{\"@type\":\"WebPage\",\"@id\":\"https:\/\/lexify.io\/our-services\/space-economy\/\",\"url\":\"https:\/\/lexify.io\/our-services\/space-economy\/\",\"name\":\"Space Economy - Lexify\",\"isPartOf\":{\"@id\":\"https:\/\/lexify.io\/#website\"},\"primaryImageOfPage\":{\"@id\":\"https:\/\/lexify.io\/our-services\/space-economy\/#primaryimage\"},\"image\":{\"@id\":\"https:\/\/lexify.io\/our-services\/space-economy\/#primaryimage\"},\"thumbnailUrl\":\"https:\/\/lexify.io\/wp-content\/uploads\/2026\/05\/LEXIFY_07_regulatory_02.webp\",\"datePublished\":\"2026-05-07T07:50:46+00:00\",\"dateModified\":\"2026-05-07T07:53:28+00:00\",\"breadcrumb\":{\"@id\":\"https:\/\/lexify.io\/our-services\/space-economy\/#breadcrumb\"},\"inLanguage\":\"it-IT\",\"potentialAction\":[{\"@type\":\"ReadAction\",\"target\":[\"https:\/\/lexify.io\/our-services\/space-economy\/\"]}]},{\"@type\":\"ImageObject\",\"inLanguage\":\"it-IT\",\"@id\":\"https:\/\/lexify.io\/our-services\/space-economy\/#primaryimage\",\"url\":\"https:\/\/lexify.io\/wp-content\/uploads\/2026\/05\/LEXIFY_07_regulatory_02.webp\",\"contentUrl\":\"https:\/\/lexify.io\/wp-content\/uploads\/2026\/05\/LEXIFY_07_regulatory_02.webp\"},{\"@type\":\"BreadcrumbList\",\"@id\":\"https:\/\/lexify.io\/our-services\/space-economy\/#breadcrumb\",\"itemListElement\":[{\"@type\":\"ListItem\",\"position\":1,\"name\":\"Home\",\"item\":\"https:\/\/lexify.io\/\"},{\"@type\":\"ListItem\",\"position\":2,\"name\":\"Our Services\",\"item\":\"https:\/\/lexify.io\/our-services\/\"},{\"@type\":\"ListItem\",\"position\":3,\"name\":\"Space Economy\"}]},{\"@type\":\"WebSite\",\"@id\":\"https:\/\/lexify.io\/#website\",\"url\":\"https:\/\/lexify.io\/\",\"name\":\"Lexify\",\"description\":\"\",\"publisher\":{\"@id\":\"https:\/\/lexify.io\/#organization\"},\"potentialAction\":[{\"@type\":\"SearchAction\",\"target\":{\"@type\":\"EntryPoint\",\"urlTemplate\":\"https:\/\/lexify.io\/?s={search_term_string}\"},\"query-input\":{\"@type\":\"PropertyValueSpecification\",\"valueRequired\":true,\"valueName\":\"search_term_string\"}}],\"inLanguage\":\"it-IT\"},{\"@type\":\"Organization\",\"@id\":\"https:\/\/lexify.io\/#organization\",\"name\":\"Lexify\",\"url\":\"https:\/\/lexify.io\/\",\"logo\":{\"@type\":\"ImageObject\",\"inLanguage\":\"it-IT\",\"@id\":\"https:\/\/lexify.io\/#\/schema\/logo\/image\/\",\"url\":\"https:\/\/lexify.io\/wp-content\/uploads\/2024\/05\/Lexify_logo-1.png\",\"contentUrl\":\"https:\/\/lexify.io\/wp-content\/uploads\/2024\/05\/Lexify_logo-1.png\",\"width\":730,\"height\":230,\"caption\":\"Lexify\"},\"image\":{\"@id\":\"https:\/\/lexify.io\/#\/schema\/logo\/image\/\"}}]}<\/script>\n<!-- \/ Yoast SEO plugin. -->","yoast_head_json":{"title":"Space Economy - Lexify","robots":{"index":"index","follow":"follow","max-snippet":"max-snippet:-1","max-image-preview":"max-image-preview:large","max-video-preview":"max-video-preview:-1"},"canonical":"https:\/\/lexify.io\/it\/servizi\/space-economy\/","og_locale":"it_IT","og_type":"article","og_title":"Space Economy - Lexify","og_description":"Space Economy The aerospace sector and the New Space economy are evolving [&hellip;]","og_url":"https:\/\/lexify.io\/it\/servizi\/space-economy\/","og_site_name":"Lexify","article_modified_time":"2026-05-07T07:53:28+00:00","og_image":[{"width":800,"height":400,"url":"https:\/\/lexify.io\/wp-content\/uploads\/2026\/05\/LEXIFY_07_regulatory_02.webp","type":"image\/webp"}],"twitter_card":"summary_large_image","twitter_misc":{"Tempo di lettura stimato":"3 minuti"},"schema":{"@context":"https:\/\/schema.org","@graph":[{"@type":"WebPage","@id":"https:\/\/lexify.io\/our-services\/space-economy\/","url":"https:\/\/lexify.io\/our-services\/space-economy\/","name":"Space Economy - Lexify","isPartOf":{"@id":"https:\/\/lexify.io\/#website"},"primaryImageOfPage":{"@id":"https:\/\/lexify.io\/our-services\/space-economy\/#primaryimage"},"image":{"@id":"https:\/\/lexify.io\/our-services\/space-economy\/#primaryimage"},"thumbnailUrl":"https:\/\/lexify.io\/wp-content\/uploads\/2026\/05\/LEXIFY_07_regulatory_02.webp","datePublished":"2026-05-07T07:50:46+00:00","dateModified":"2026-05-07T07:53:28+00:00","breadcrumb":{"@id":"https:\/\/lexify.io\/our-services\/space-economy\/#breadcrumb"},"inLanguage":"it-IT","potentialAction":[{"@type":"ReadAction","target":["https:\/\/lexify.io\/our-services\/space-economy\/"]}]},{"@type":"ImageObject","inLanguage":"it-IT","@id":"https:\/\/lexify.io\/our-services\/space-economy\/#primaryimage","url":"https:\/\/lexify.io\/wp-content\/uploads\/2026\/05\/LEXIFY_07_regulatory_02.webp","contentUrl":"https:\/\/lexify.io\/wp-content\/uploads\/2026\/05\/LEXIFY_07_regulatory_02.webp"},{"@type":"BreadcrumbList","@id":"https:\/\/lexify.io\/our-services\/space-economy\/#breadcrumb","itemListElement":[{"@type":"ListItem","position":1,"name":"Home","item":"https:\/\/lexify.io\/"},{"@type":"ListItem","position":2,"name":"Our Services","item":"https:\/\/lexify.io\/our-services\/"},{"@type":"ListItem","position":3,"name":"Space Economy"}]},{"@type":"WebSite","@id":"https:\/\/lexify.io\/#website","url":"https:\/\/lexify.io\/","name":"Lexify","description":"","publisher":{"@id":"https:\/\/lexify.io\/#organization"},"potentialAction":[{"@type":"SearchAction","target":{"@type":"EntryPoint","urlTemplate":"https:\/\/lexify.io\/?s={search_term_string}"},"query-input":{"@type":"PropertyValueSpecification","valueRequired":true,"valueName":"search_term_string"}}],"inLanguage":"it-IT"},{"@type":"Organization","@id":"https:\/\/lexify.io\/#organization","name":"Lexify","url":"https:\/\/lexify.io\/","logo":{"@type":"ImageObject","inLanguage":"it-IT","@id":"https:\/\/lexify.io\/#\/schema\/logo\/image\/","url":"https:\/\/lexify.io\/wp-content\/uploads\/2024\/05\/Lexify_logo-1.png","contentUrl":"https:\/\/lexify.io\/wp-content\/uploads\/2024\/05\/Lexify_logo-1.png","width":730,"height":230,"caption":"Lexify"},"image":{"@id":"https:\/\/lexify.io\/#\/schema\/logo\/image\/"}}]}},"uagb_featured_image_src":{"full":false,"thumbnail":false,"medium":false,"medium_large":false,"large":false,"1536x1536":false,"2048x2048":false,"trp-custom-language-flag":false},"uagb_author_info":{"display_name":"admin","author_link":"https:\/\/lexify.io\/it\/author\/nextadmin\/"},"uagb_comment_info":0,"uagb_excerpt":"Space Economy The aerospace sector and the New Space economy are evolving [&hellip;]","_links":{"self":[{"href":"https:\/\/lexify.io\/it\/wp-json\/wp\/v2\/pages\/2454","targetHints":{"allow":["GET"]}}],"collection":[{"href":"https:\/\/lexify.io\/it\/wp-json\/wp\/v2\/pages"}],"about":[{"href":"https:\/\/lexify.io\/it\/wp-json\/wp\/v2\/types\/page"}],"author":[{"embeddable":true,"href":"https:\/\/lexify.io\/it\/wp-json\/wp\/v2\/users\/1"}],"replies":[{"embeddable":true,"href":"https:\/\/lexify.io\/it\/wp-json\/wp\/v2\/comments?post=2454"}],"version-history":[{"count":0,"href":"https:\/\/lexify.io\/it\/wp-json\/wp\/v2\/pages\/2454\/revisions"}],"up":[{"embeddable":true,"href":"https:\/\/lexify.io\/it\/wp-json\/wp\/v2\/pages\/140"}],"wp:attachment":[{"href":"https:\/\/lexify.io\/it\/wp-json\/wp\/v2\/media?parent=2454"}],"curies":[{"name":"wp","href":"https:\/\/api.w.org\/{rel}","templated":true}]}}