{"id":132,"date":"2024-04-24T18:48:02","date_gmt":"2024-04-24T16:48:02","guid":{"rendered":"https:\/\/lexify.nextindustry.net\/?page_id=132"},"modified":"2025-03-21T15:03:50","modified_gmt":"2025-03-21T15:03:50","slug":"flavio-testi","status":"publish","type":"page","link":"https:\/\/lexify.io\/it\/chi-siamo\/flavio-testi\/","title":{"rendered":"Flavio Testi"},"content":{"rendered":"<div class=\"wp-block-group alignfull services is-layout-constrained wp-container-core-group-is-layout-6df97487 wp-block-group-is-layout-constrained\" style=\"padding-top:0px;padding-right:0px;padding-bottom:0px;padding-left:0px\">\n<div class=\"wp-block-columns alignfull is-layout-flex wp-container-core-columns-is-layout-c753b8dc wp-block-columns-is-layout-flex\" style=\"margin-top:0px;margin-bottom:0px;padding-top:0px;padding-right:0px;padding-bottom:0px;padding-left:0px\">\n<div class=\"wp-block-column is-vertically-aligned-bottom is-layout-flow wp-container-core-column-is-layout-96dfdac3 wp-block-column-is-layout-flow\" style=\"padding-top:0px;padding-bottom:0px\">\n<figure class=\"wp-block-image aligncenter size-large\"><img loading=\"lazy\" decoding=\"async\" width=\"1024\" height=\"1024\" src=\"https:\/\/lexify.io\/wp-content\/uploads\/2024\/05\/Flavio_Testi_trasp-1024x1024.png\" alt=\"\" class=\"wp-image-524\" srcset=\"https:\/\/lexify.io\/wp-content\/uploads\/2024\/05\/Flavio_Testi_trasp-1024x1024.png 1024w, https:\/\/lexify.io\/wp-content\/uploads\/2024\/05\/Flavio_Testi_trasp-300x300.png 300w, https:\/\/lexify.io\/wp-content\/uploads\/2024\/05\/Flavio_Testi_trasp-150x150.png 150w, https:\/\/lexify.io\/wp-content\/uploads\/2024\/05\/Flavio_Testi_trasp-768x768.png 768w, https:\/\/lexify.io\/wp-content\/uploads\/2024\/05\/Flavio_Testi_trasp.png 1400w\" sizes=\"auto, (max-width: 1024px) 100vw, 1024px\" \/><\/figure>\n<\/div>\n\n\n\n<div class=\"wp-block-column is-vertically-aligned-stretch has-ast-global-color-0-background-color has-background is-layout-flow wp-block-column-is-layout-flow\">\n<div class=\"wp-block-group is-layout-constrained wp-container-core-group-is-layout-c5292bcf wp-block-group-is-layout-constrained\" style=\"padding-top:var(--wp--preset--spacing--60);padding-right:var(--wp--preset--spacing--30);padding-bottom:var(--wp--preset--spacing--60);padding-left:var(--wp--preset--spacing--30)\">\n<h1 class=\"wp-block-heading\"><strong>Flavio<\/strong> Testi<\/h1>\n\n\n\n<p class=\"translation-block\">Flavio si occupa di Risk Management. La sua capacit\u00e0 si fonda su una lunga esperienza nella gestione patrimoniale dove ha sempre gestito nel rispetto delle regole stabilite dal Risk Management e dalla Compliance fungendo da first line of defense. Da gennaio 2021, Flavio fa parte di Novum Capital Partners in qualit\u00e0 di Investment Manager, responsabile degli investimenti a reddito fisso. Ha iniziato la sua carriera presso la Banca BSI di Lugano, dove tra il 1993 e il 2012 ha gestito diversi fondi a reddito fisso come il Multibond USD. Dal 2002, Flavio \u00e8 stato responsabile della Fixed Income Unit all'interno del dipartimento di Asset Management, dove \u00e8 stato responsabile di 8 fondi e 4 gestori (AUM CHF 1,8 miliardi), ed \u00e8 stato membro del Tactical Asset Allocation Committee (OTAC) del Gruppo BSI. Nel 2012 \u00e8 entrato a far parte di Patrimony 1873, il Family Office del Gruppo EFG, in qualit\u00e0 di senior partner, dove ha gestito il White Fleet III Globes Euro Credit Bond Fund e ha fornito consulenza ai clienti nel settore del reddito fisso. Flavio ha conseguito un master in economia presso l'Universit\u00e0 di Friburgo ed \u00e8 analista finanziario certificato EFFAS.<\/p>\n\n\n\n<div class=\"wp-block-columns is-layout-flex wp-container-core-columns-is-layout-28f84493 wp-block-columns-is-layout-flex\">\n<div class=\"wp-block-column is-layout-flow wp-block-column-is-layout-flow\">\n<h2 class=\"wp-block-heading has-text-align-left has-ast-global-color-5-color has-text-color has-link-color wp-elements-71989ef97a5a4d09636796160d3972a1\">SOCIAL<\/h2>\n\n\n\n<ul class=\"wp-block-social-links is-content-justification-left is-layout-flex wp-container-core-social-links-is-layout-fc4fd283 wp-block-social-links-is-layout-flex\"><li class=\"wp-social-link wp-social-link-linkedin  wp-block-social-link\"><a href=\"https:\/\/www.linkedin.com\/in\/flavio-t-66b7b915a\/\" class=\"wp-block-social-link-anchor\"><svg width=\"24\" height=\"24\" viewbox=\"0 0 24 24\" version=\"1.1\" xmlns=\"http:\/\/www.w3.org\/2000\/svg\" aria-hidden=\"true\" focusable=\"false\"><path d=\"M19.7,3H4.3C3.582,3,3,3.582,3,4.3v15.4C3,20.418,3.582,21,4.3,21h15.4c0.718,0,1.3-0.582,1.3-1.3V4.3 C21,3.582,20.418,3,19.7,3z M8.339,18.338H5.667v-8.59h2.672V18.338z M7.004,8.574c-0.857,0-1.549-0.694-1.549-1.548 c0-0.855,0.691-1.548,1.549-1.548c0.854,0,1.547,0.694,1.547,1.548C8.551,7.881,7.858,8.574,7.004,8.574z M18.339,18.338h-2.669 v-4.177c0-0.996-0.017-2.278-1.387-2.278c-1.389,0-1.601,1.086-1.601,2.206v4.249h-2.667v-8.59h2.559v1.174h0.037 c0.356-0.675,1.227-1.387,2.526-1.387c2.703,0,3.203,1.779,3.203,4.092V18.338z\"><\/path><\/svg><span class=\"wp-block-social-link-label screen-reader-text\">LinkedIn<\/span><\/a><\/li><\/ul>\n<\/div>\n\n\n\n<div class=\"wp-block-column is-layout-flow wp-block-column-is-layout-flow\">\n<h2 class=\"wp-block-heading has-text-align-left has-ast-global-color-5-color has-text-color has-link-color wp-elements-1800d65a315cb86339cc84ceffe84f0e\">CONTATTI<\/h2>\n\n\n\n<div class=\"wp-block-uagb-icon-list uagb-block-a89bce35\"><div class=\"uagb-icon-list__wrap\">\n<div class=\"wp-block-uagb-icon-list-child uagb-block-764346ee\"><a target=\"_self\" aria-label=\"+41 792044872\" rel=\"noopener noreferrer\" href=\"tel:+41 793919170\"> <\/a><span class=\"uagb-icon-list__source-wrap\"><img decoding=\"async\" class=\"uagb-icon-list__source-image\" src=\"https:\/\/lexify.nextindustry.net\/wp-content\/uploads\/sites\/18\/2024\/05\/phone.svg\" width=\"35\" height=\"35\" loading=\"lazy\" alt=\"\"\/><\/span><span class=\"uagb-icon-list__label\">+41 792044872<\/span><\/div>\n<\/div><\/div>\n<\/div>\n<\/div>\n<\/div>\n<\/div>\n<\/div>\n<\/div>","protected":false},"excerpt":{"rendered":"<p>Flavio Testi Flavio is in charge of Risk Management. His skills are [&hellip;]<\/p>","protected":false},"author":1,"featured_media":0,"parent":117,"menu_order":0,"comment_status":"closed","ping_status":"closed","template":"","meta":{"_acf_changed":false,"inline_featured_image":false,"_uag_custom_page_level_css":"","site-sidebar-layout":"default","site-content-layout":"","ast-site-content-layout":"default","site-content-style":"default","site-sidebar-style":"default","ast-global-header-display":"","ast-banner-title-visibility":"","ast-main-header-display":"","ast-hfb-above-header-display":"","ast-hfb-below-header-display":"","ast-hfb-mobile-header-display":"","site-post-title":"disabled","ast-breadcrumbs-content":"","ast-featured-img":"","footer-sml-layout":"","theme-transparent-header-meta":"","adv-header-id-meta":"","stick-header-meta":"","header-above-stick-meta":"","header-main-stick-meta":"","header-below-stick-meta":"","astra-migrate-meta-layouts":"default","ast-page-background-enabled":"default","ast-page-background-meta":{"desktop":{"background-color":"var(--ast-global-color-4)","background-image":"","background-repeat":"repeat","background-position":"center center","background-size":"auto","background-attachment":"scroll","background-type":"","background-media":"","overlay-type":"","overlay-color":"","overlay-opacity":"","overlay-gradient":""},"tablet":{"background-color":"","background-image":"","background-repeat":"repeat","background-position":"center center","background-size":"auto","background-attachment":"scroll","background-type":"","background-media":"","overlay-type":"","overlay-color":"","overlay-opacity":"","overlay-gradient":""},"mobile":{"background-color":"","background-image":"","background-repeat":"repeat","background-position":"center center","background-size":"auto","background-attachment":"scroll","background-type":"","background-media":"","overlay-type":"","overlay-color":"","overlay-opacity":"","overlay-gradient":""}},"ast-content-background-meta":{"desktop":{"background-color":"var(--ast-global-color-5)","background-image":"","background-repeat":"repeat","background-position":"center center","background-size":"auto","background-attachment":"scroll","background-type":"","background-media":"","overlay-type":"","overlay-color":"","overlay-opacity":"","overlay-gradient":""},"tablet":{"background-color":"var(--ast-global-color-5)","background-image":"","background-repeat":"repeat","background-position":"center center","background-size":"auto","background-attachment":"scroll","background-type":"","background-media":"","overlay-type":"","overlay-color":"","overlay-opacity":"","overlay-gradient":""},"mobile":{"background-color":"var(--ast-global-color-5)","background-image":"","background-repeat":"repeat","background-position":"center center","background-size":"auto","background-attachment":"scroll","background-type":"","background-media":"","overlay-type":"","overlay-color":"","overlay-opacity":"","overlay-gradient":""}},"footnotes":""},"class_list":["post-132","page","type-page","status-publish","hentry"],"acf":[],"yoast_head":"<!-- This site is optimized with the Yoast SEO plugin v25.5 - https:\/\/yoast.com\/wordpress\/plugins\/seo\/ -->\n<title>Flavio Testi - Lexify<\/title>\n<meta name=\"robots\" content=\"index, follow, max-snippet:-1, max-image-preview:large, max-video-preview:-1\" \/>\n<link rel=\"canonical\" href=\"https:\/\/lexify.io\/it\/chi-siamo\/flavio-testi\/\" \/>\n<meta property=\"og:locale\" content=\"it_IT\" \/>\n<meta property=\"og:type\" content=\"article\" \/>\n<meta property=\"og:title\" content=\"Flavio Testi - Lexify\" \/>\n<meta property=\"og:description\" content=\"Flavio Testi Flavio is in charge of Risk Management. His skills are [&hellip;]\" \/>\n<meta property=\"og:url\" content=\"https:\/\/lexify.io\/it\/chi-siamo\/flavio-testi\/\" \/>\n<meta property=\"og:site_name\" content=\"Lexify\" \/>\n<meta property=\"article:modified_time\" content=\"2025-03-21T15:03:50+00:00\" \/>\n<meta property=\"og:image\" content=\"https:\/\/lexify.io\/wp-content\/uploads\/2024\/05\/Flavio_Testi_trasp.png\" \/>\n\t<meta property=\"og:image:width\" content=\"1400\" \/>\n\t<meta property=\"og:image:height\" content=\"1400\" \/>\n\t<meta property=\"og:image:type\" content=\"image\/png\" \/>\n<meta name=\"twitter:card\" content=\"summary_large_image\" \/>\n<meta name=\"twitter:label1\" content=\"Tempo di lettura stimato\" \/>\n\t<meta name=\"twitter:data1\" content=\"2 minuti\" \/>\n<script type=\"application\/ld+json\" class=\"yoast-schema-graph\">{\"@context\":\"https:\/\/schema.org\",\"@graph\":[{\"@type\":\"WebPage\",\"@id\":\"https:\/\/lexify.io\/about-us\/flavio-testi\/\",\"url\":\"https:\/\/lexify.io\/about-us\/flavio-testi\/\",\"name\":\"Flavio Testi - Lexify\",\"isPartOf\":{\"@id\":\"https:\/\/lexify.io\/#website\"},\"primaryImageOfPage\":{\"@id\":\"https:\/\/lexify.io\/about-us\/flavio-testi\/#primaryimage\"},\"image\":{\"@id\":\"https:\/\/lexify.io\/about-us\/flavio-testi\/#primaryimage\"},\"thumbnailUrl\":\"https:\/\/lexify.io\/wp-content\/uploads\/2024\/05\/Flavio_Testi_trasp-1024x1024.png\",\"datePublished\":\"2024-04-24T16:48:02+00:00\",\"dateModified\":\"2025-03-21T15:03:50+00:00\",\"breadcrumb\":{\"@id\":\"https:\/\/lexify.io\/about-us\/flavio-testi\/#breadcrumb\"},\"inLanguage\":\"it-IT\",\"potentialAction\":[{\"@type\":\"ReadAction\",\"target\":[\"https:\/\/lexify.io\/about-us\/flavio-testi\/\"]}]},{\"@type\":\"ImageObject\",\"inLanguage\":\"it-IT\",\"@id\":\"https:\/\/lexify.io\/about-us\/flavio-testi\/#primaryimage\",\"url\":\"https:\/\/lexify.io\/wp-content\/uploads\/2024\/05\/Flavio_Testi_trasp-1024x1024.png\",\"contentUrl\":\"https:\/\/lexify.io\/wp-content\/uploads\/2024\/05\/Flavio_Testi_trasp-1024x1024.png\"},{\"@type\":\"BreadcrumbList\",\"@id\":\"https:\/\/lexify.io\/about-us\/flavio-testi\/#breadcrumb\",\"itemListElement\":[{\"@type\":\"ListItem\",\"position\":1,\"name\":\"Home\",\"item\":\"https:\/\/lexify.io\/\"},{\"@type\":\"ListItem\",\"position\":2,\"name\":\"About Us\",\"item\":\"https:\/\/lexify.io\/about-us\/\"},{\"@type\":\"ListItem\",\"position\":3,\"name\":\"Flavio Testi\"}]},{\"@type\":\"WebSite\",\"@id\":\"https:\/\/lexify.io\/#website\",\"url\":\"https:\/\/lexify.io\/\",\"name\":\"Lexify\",\"description\":\"\",\"publisher\":{\"@id\":\"https:\/\/lexify.io\/#organization\"},\"potentialAction\":[{\"@type\":\"SearchAction\",\"target\":{\"@type\":\"EntryPoint\",\"urlTemplate\":\"https:\/\/lexify.io\/?s={search_term_string}\"},\"query-input\":{\"@type\":\"PropertyValueSpecification\",\"valueRequired\":true,\"valueName\":\"search_term_string\"}}],\"inLanguage\":\"it-IT\"},{\"@type\":\"Organization\",\"@id\":\"https:\/\/lexify.io\/#organization\",\"name\":\"Lexify\",\"url\":\"https:\/\/lexify.io\/\",\"logo\":{\"@type\":\"ImageObject\",\"inLanguage\":\"it-IT\",\"@id\":\"https:\/\/lexify.io\/#\/schema\/logo\/image\/\",\"url\":\"https:\/\/lexify.io\/wp-content\/uploads\/2024\/05\/Lexify_logo-1.png\",\"contentUrl\":\"https:\/\/lexify.io\/wp-content\/uploads\/2024\/05\/Lexify_logo-1.png\",\"width\":730,\"height\":230,\"caption\":\"Lexify\"},\"image\":{\"@id\":\"https:\/\/lexify.io\/#\/schema\/logo\/image\/\"}}]}<\/script>\n<!-- \/ Yoast SEO plugin. -->","yoast_head_json":{"title":"Flavio Testi - Lexify","robots":{"index":"index","follow":"follow","max-snippet":"max-snippet:-1","max-image-preview":"max-image-preview:large","max-video-preview":"max-video-preview:-1"},"canonical":"https:\/\/lexify.io\/it\/chi-siamo\/flavio-testi\/","og_locale":"it_IT","og_type":"article","og_title":"Flavio Testi - Lexify","og_description":"Flavio Testi Flavio is in charge of Risk Management. His skills are [&hellip;]","og_url":"https:\/\/lexify.io\/it\/chi-siamo\/flavio-testi\/","og_site_name":"Lexify","article_modified_time":"2025-03-21T15:03:50+00:00","og_image":[{"width":1400,"height":1400,"url":"https:\/\/lexify.io\/wp-content\/uploads\/2024\/05\/Flavio_Testi_trasp.png","type":"image\/png"}],"twitter_card":"summary_large_image","twitter_misc":{"Tempo di lettura stimato":"2 minuti"},"schema":{"@context":"https:\/\/schema.org","@graph":[{"@type":"WebPage","@id":"https:\/\/lexify.io\/about-us\/flavio-testi\/","url":"https:\/\/lexify.io\/about-us\/flavio-testi\/","name":"Flavio Testi - Lexify","isPartOf":{"@id":"https:\/\/lexify.io\/#website"},"primaryImageOfPage":{"@id":"https:\/\/lexify.io\/about-us\/flavio-testi\/#primaryimage"},"image":{"@id":"https:\/\/lexify.io\/about-us\/flavio-testi\/#primaryimage"},"thumbnailUrl":"https:\/\/lexify.io\/wp-content\/uploads\/2024\/05\/Flavio_Testi_trasp-1024x1024.png","datePublished":"2024-04-24T16:48:02+00:00","dateModified":"2025-03-21T15:03:50+00:00","breadcrumb":{"@id":"https:\/\/lexify.io\/about-us\/flavio-testi\/#breadcrumb"},"inLanguage":"it-IT","potentialAction":[{"@type":"ReadAction","target":["https:\/\/lexify.io\/about-us\/flavio-testi\/"]}]},{"@type":"ImageObject","inLanguage":"it-IT","@id":"https:\/\/lexify.io\/about-us\/flavio-testi\/#primaryimage","url":"https:\/\/lexify.io\/wp-content\/uploads\/2024\/05\/Flavio_Testi_trasp-1024x1024.png","contentUrl":"https:\/\/lexify.io\/wp-content\/uploads\/2024\/05\/Flavio_Testi_trasp-1024x1024.png"},{"@type":"BreadcrumbList","@id":"https:\/\/lexify.io\/about-us\/flavio-testi\/#breadcrumb","itemListElement":[{"@type":"ListItem","position":1,"name":"Home","item":"https:\/\/lexify.io\/"},{"@type":"ListItem","position":2,"name":"About Us","item":"https:\/\/lexify.io\/about-us\/"},{"@type":"ListItem","position":3,"name":"Flavio Testi"}]},{"@type":"WebSite","@id":"https:\/\/lexify.io\/#website","url":"https:\/\/lexify.io\/","name":"Lexify","description":"","publisher":{"@id":"https:\/\/lexify.io\/#organization"},"potentialAction":[{"@type":"SearchAction","target":{"@type":"EntryPoint","urlTemplate":"https:\/\/lexify.io\/?s={search_term_string}"},"query-input":{"@type":"PropertyValueSpecification","valueRequired":true,"valueName":"search_term_string"}}],"inLanguage":"it-IT"},{"@type":"Organization","@id":"https:\/\/lexify.io\/#organization","name":"Lexify","url":"https:\/\/lexify.io\/","logo":{"@type":"ImageObject","inLanguage":"it-IT","@id":"https:\/\/lexify.io\/#\/schema\/logo\/image\/","url":"https:\/\/lexify.io\/wp-content\/uploads\/2024\/05\/Lexify_logo-1.png","contentUrl":"https:\/\/lexify.io\/wp-content\/uploads\/2024\/05\/Lexify_logo-1.png","width":730,"height":230,"caption":"Lexify"},"image":{"@id":"https:\/\/lexify.io\/#\/schema\/logo\/image\/"}}]}},"uagb_featured_image_src":{"full":false,"thumbnail":false,"medium":false,"medium_large":false,"large":false,"1536x1536":false,"2048x2048":false,"trp-custom-language-flag":false},"uagb_author_info":{"display_name":"admin","author_link":"https:\/\/lexify.io\/it\/author\/nextadmin\/"},"uagb_comment_info":0,"uagb_excerpt":"Flavio Testi Flavio is in charge of Risk Management. His skills are [&hellip;]","_links":{"self":[{"href":"https:\/\/lexify.io\/it\/wp-json\/wp\/v2\/pages\/132","targetHints":{"allow":["GET"]}}],"collection":[{"href":"https:\/\/lexify.io\/it\/wp-json\/wp\/v2\/pages"}],"about":[{"href":"https:\/\/lexify.io\/it\/wp-json\/wp\/v2\/types\/page"}],"author":[{"embeddable":true,"href":"https:\/\/lexify.io\/it\/wp-json\/wp\/v2\/users\/1"}],"replies":[{"embeddable":true,"href":"https:\/\/lexify.io\/it\/wp-json\/wp\/v2\/comments?post=132"}],"version-history":[{"count":0,"href":"https:\/\/lexify.io\/it\/wp-json\/wp\/v2\/pages\/132\/revisions"}],"up":[{"embeddable":true,"href":"https:\/\/lexify.io\/it\/wp-json\/wp\/v2\/pages\/117"}],"wp:attachment":[{"href":"https:\/\/lexify.io\/it\/wp-json\/wp\/v2\/media?parent=132"}],"curies":[{"name":"wp","href":"https:\/\/api.w.org\/{rel}","templated":true}]}}