{"id":270,"date":"2024-04-30T16:30:06","date_gmt":"2024-04-30T14:30:06","guid":{"rendered":"https:\/\/lexify.nextindustry.net\/?page_id=270"},"modified":"2025-03-21T15:03:52","modified_gmt":"2025-03-21T15:03:52","slug":"crypto-and-blockchain-consultancy","status":"publish","type":"page","link":"https:\/\/lexify.io\/fr\/nos-services\/crypto-and-blockchain-consultancy\/","title":{"rendered":"Crypto and Blockchain consultancy"},"content":{"rendered":"<div class=\"wp-block-group alignfull banner-section is-layout-constrained wp-container-core-group-is-layout-72190d31 wp-block-group-is-layout-constrained has-background\" style=\"margin-top:0;margin-bottom:0;padding-top:0;padding-right:0;padding-bottom:0;padding-left:0;background-image:url(&apos;https:\/\/lexify.io\/wp-content\/uploads\/2024\/04\/crypto_blockchain_tech.jpg&apos;);background-size:cover;\">\n<div style=\"height:20.8vw\" aria-hidden=\"true\" class=\"wp-block-spacer\"><\/div>\n<\/div>\n\n\n\n<div class=\"wp-block-group alignfull has-ast-global-color-0-background-color has-background is-layout-constrained wp-block-group-is-layout-constrained\" style=\"padding-top:var(--wp--preset--spacing--70);padding-bottom:var(--wp--preset--spacing--70)\">\n<h1 class=\"wp-block-heading has-text-align-left has-ast-global-color-5-color has-text-color has-link-color wp-elements-70348e253e4ef520180f5ead2e185361\">Conseil en mati\u00e8re de crypto-monnaie et de blockchain<\/h1>\n\n\n\n<p class=\"has-text-align-left has-ast-global-color-5-color has-text-color has-link-color wp-elements-68ad045229e4d5baef26a96cb716f15e translation-block\" style=\"padding-top:0;padding-bottom:0;font-size:25px;line-height:1.5\">Lexify est un <strong>conseil en crypto et blockchain<\/strong> bas\u00e9 \u00e0 Lugano, en Suisse.<br>Nous consultons sur la tokenisation des actifs, l'offre de jetons, la blockchain, les actifs num\u00e9riques.<\/p>\n<\/div>\n\n\n\n<div class=\"wp-block-group alignfull is-layout-constrained wp-block-group-is-layout-constrained\">\n<div class=\"wp-block-columns is-layout-flex wp-container-core-columns-is-layout-28f84493 wp-block-columns-is-layout-flex\">\n<div class=\"wp-block-column is-layout-flow wp-block-column-is-layout-flow\">\n<figure class=\"wp-block-image size-full\"><img loading=\"lazy\" decoding=\"async\" width=\"800\" height=\"400\" src=\"https:\/\/lexify.io\/wp-content\/uploads\/2024\/04\/LEXIFY_01_01-1.jpg\" alt=\"\" class=\"wp-image-377\" srcset=\"https:\/\/lexify.io\/wp-content\/uploads\/2024\/04\/LEXIFY_01_01-1.jpg 800w, https:\/\/lexify.io\/wp-content\/uploads\/2024\/04\/LEXIFY_01_01-1-300x150.jpg 300w, https:\/\/lexify.io\/wp-content\/uploads\/2024\/04\/LEXIFY_01_01-1-768x384.jpg 768w\" sizes=\"auto, (max-width: 800px) 100vw, 800px\" \/><\/figure>\n\n\n\n<h2 class=\"wp-block-heading\">Tokenisation des actifs<\/h2>\n\n\n\n<p>La tokenisation sera une r\u00e9volution qui permettra \u00e0 la fois la cr\u00e9ation de liquidit\u00e9s et la transmission d'actifs financiers.<\/p>\n<\/div>\n\n\n\n<div class=\"wp-block-column is-layout-flow wp-block-column-is-layout-flow\">\n<figure class=\"wp-block-image size-full\"><img loading=\"lazy\" decoding=\"async\" width=\"800\" height=\"400\" src=\"https:\/\/lexify.io\/wp-content\/uploads\/2024\/04\/LEXIFY_01_02-1.jpg\" alt=\"\" class=\"wp-image-378\" srcset=\"https:\/\/lexify.io\/wp-content\/uploads\/2024\/04\/LEXIFY_01_02-1.jpg 800w, https:\/\/lexify.io\/wp-content\/uploads\/2024\/04\/LEXIFY_01_02-1-300x150.jpg 300w, https:\/\/lexify.io\/wp-content\/uploads\/2024\/04\/LEXIFY_01_02-1-768x384.jpg 768w\" sizes=\"auto, (max-width: 800px) 100vw, 800px\" \/><\/figure>\n\n\n\n<h2 class=\"wp-block-heading\">Plateformes d'\u00e9change d'actifs num\u00e9riques<\/h2>\n\n\n\n<p>La cr\u00e9ation d'actifs num\u00e9riques n\u00e9cessite des plateformes d'\u00e9change autoris\u00e9es. Lexify vous apporte un soutien complet dans leur d\u00e9veloppement et vous aide \u00e0 obtenir les autorisations n\u00e9cessaires.<\/p>\n<\/div>\n<\/div>\n<\/div>\n\n\n\n<div class=\"wp-block-group alignfull has-ast-global-color-4-background-color has-background is-layout-constrained wp-block-group-is-layout-constrained\">\n<div class=\"wp-block-columns is-layout-flex wp-container-core-columns-is-layout-28f84493 wp-block-columns-is-layout-flex\">\n<div class=\"wp-block-column is-layout-flow wp-block-column-is-layout-flow\">\n<figure class=\"wp-block-image size-full\"><img loading=\"lazy\" decoding=\"async\" width=\"800\" height=\"400\" src=\"https:\/\/lexify.io\/wp-content\/uploads\/2024\/04\/LEXIFY_01_03-1.jpg\" alt=\"\" class=\"wp-image-379\" srcset=\"https:\/\/lexify.io\/wp-content\/uploads\/2024\/04\/LEXIFY_01_03-1.jpg 800w, https:\/\/lexify.io\/wp-content\/uploads\/2024\/04\/LEXIFY_01_03-1-300x150.jpg 300w, https:\/\/lexify.io\/wp-content\/uploads\/2024\/04\/LEXIFY_01_03-1-768x384.jpg 768w\" sizes=\"auto, (max-width: 800px) 100vw, 800px\" \/><\/figure>\n\n\n\n<h2 class=\"wp-block-heading\">Cr\u00e9ation d'entreprise en Suisse<\/h2>\n\n\n\n<p>Lexify vous aidera \u00e0 cr\u00e9er votre entreprise en Suisse, de la cr\u00e9ation de la soci\u00e9t\u00e9 \u00e0 l'obtention des permis de s\u00e9jour n\u00e9cessaires pour faire des affaires en Suisse.<\/p>\n<\/div>\n\n\n\n<div class=\"wp-block-column is-layout-flow wp-block-column-is-layout-flow\">\n<figure class=\"wp-block-image size-full\"><img loading=\"lazy\" decoding=\"async\" width=\"800\" height=\"400\" src=\"https:\/\/lexify.io\/wp-content\/uploads\/2024\/04\/LEXIFY_01_04-1.jpg\" alt=\"\" class=\"wp-image-380\" srcset=\"https:\/\/lexify.io\/wp-content\/uploads\/2024\/04\/LEXIFY_01_04-1.jpg 800w, https:\/\/lexify.io\/wp-content\/uploads\/2024\/04\/LEXIFY_01_04-1-300x150.jpg 300w, https:\/\/lexify.io\/wp-content\/uploads\/2024\/04\/LEXIFY_01_04-1-768x384.jpg 768w\" sizes=\"auto, (max-width: 800px) 100vw, 800px\" \/><\/figure>\n\n\n\n<h2 class=\"wp-block-heading\">Offre de jetons<\/h2>\n\n\n\n<p>Nous aidons nos clients depuis la conception du jeton jusqu'\u00e0 sa vente. Nous soutenons nos clients pour toutes les exigences li\u00e9es \u00e0 la gestion quotidienne du jeton apr\u00e8s son \u00e9mission.<\/p>\n<\/div>\n<\/div>\n<\/div>\n\n\n\n<div class=\"wp-block-group alignfull is-layout-constrained wp-block-group-is-layout-constrained\">\n<div class=\"wp-block-columns is-layout-flex wp-container-core-columns-is-layout-28f84493 wp-block-columns-is-layout-flex\">\n<div class=\"wp-block-column is-layout-flow wp-block-column-is-layout-flow\">\n<figure class=\"wp-block-image size-full\"><img loading=\"lazy\" decoding=\"async\" width=\"800\" height=\"400\" src=\"https:\/\/lexify.io\/wp-content\/uploads\/2024\/04\/LEXIFY_01_05-1.jpg\" alt=\"\" class=\"wp-image-381\" srcset=\"https:\/\/lexify.io\/wp-content\/uploads\/2024\/04\/LEXIFY_01_05-1.jpg 800w, https:\/\/lexify.io\/wp-content\/uploads\/2024\/04\/LEXIFY_01_05-1-300x150.jpg 300w, https:\/\/lexify.io\/wp-content\/uploads\/2024\/04\/LEXIFY_01_05-1-768x384.jpg 768w\" sizes=\"auto, (max-width: 800px) 100vw, 800px\" \/><\/figure>\n\n\n\n<h2 class=\"wp-block-heading\">R\u00e8glement europ\u00e9en<\/h2>\n\n\n\n<p>Lexify vous accompagne sur toutes les obligations d\u00e9coulant de la r\u00e9glementation europ\u00e9enne sur les crypto-actifs et au-del\u00e0 : R\u00e8glement Mica, R\u00e9gime pilote sur les DLT.<\/p>\n<\/div>\n\n\n\n<div class=\"wp-block-column is-layout-flow wp-block-column-is-layout-flow\">\n<figure class=\"wp-block-image size-full\"><img loading=\"lazy\" decoding=\"async\" width=\"800\" height=\"400\" src=\"https:\/\/lexify.io\/wp-content\/uploads\/2024\/04\/LEXIFY_01_06-1.jpg\" alt=\"\" class=\"wp-image-382\" srcset=\"https:\/\/lexify.io\/wp-content\/uploads\/2024\/04\/LEXIFY_01_06-1.jpg 800w, https:\/\/lexify.io\/wp-content\/uploads\/2024\/04\/LEXIFY_01_06-1-300x150.jpg 300w, https:\/\/lexify.io\/wp-content\/uploads\/2024\/04\/LEXIFY_01_06-1-768x384.jpg 768w\" sizes=\"auto, (max-width: 800px) 100vw, 800px\" \/><\/figure>\n\n\n\n<h2 class=\"wp-block-heading\">R\u00e9glementation italienne<\/h2>\n\n\n\n<p>Lexify offre \u00e9galement son expertise et son assistance en ce qui concerne les r\u00e9glementations italiennes sur les fournisseurs de services de monnaies virtuelles.<\/p>\n<\/div>\n<\/div>\n<\/div>\n\n\n\n<div class=\"wp-block-group alignfull has-ast-global-color-4-background-color has-background is-layout-constrained wp-block-group-is-layout-constrained\">\n<div class=\"wp-block-columns is-layout-flex wp-container-core-columns-is-layout-28f84493 wp-block-columns-is-layout-flex\">\n<div class=\"wp-block-column is-layout-flow wp-block-column-is-layout-flow\">\n<figure class=\"wp-block-image size-full\"><img loading=\"lazy\" decoding=\"async\" width=\"800\" height=\"400\" src=\"https:\/\/lexify.io\/wp-content\/uploads\/2024\/04\/LEXIFY_01_07-1.jpg\" alt=\"\" class=\"wp-image-383\" srcset=\"https:\/\/lexify.io\/wp-content\/uploads\/2024\/04\/LEXIFY_01_07-1.jpg 800w, https:\/\/lexify.io\/wp-content\/uploads\/2024\/04\/LEXIFY_01_07-1-300x150.jpg 300w, https:\/\/lexify.io\/wp-content\/uploads\/2024\/04\/LEXIFY_01_07-1-768x384.jpg 768w\" sizes=\"auto, (max-width: 800px) 100vw, 800px\" \/><\/figure>\n\n\n\n<h2 class=\"wp-block-heading\">Soutien \u00e0 la qualification des jetons<\/h2>\n\n\n\n<p>Lexify vous aidera \u00e0 structurer et \u00e0 qualifier le jeton selon les cat\u00e9gories actuellement d\u00e9sign\u00e9es par le l\u00e9gislateur.<\/p>\n<\/div>\n\n\n\n<div class=\"wp-block-column is-layout-flow wp-block-column-is-layout-flow\">\n<figure class=\"wp-block-image size-full\"><img loading=\"lazy\" decoding=\"async\" width=\"800\" height=\"400\" src=\"https:\/\/lexify.io\/wp-content\/uploads\/2024\/04\/LEXIFY_01_08-1.jpg\" alt=\"\" class=\"wp-image-384\" srcset=\"https:\/\/lexify.io\/wp-content\/uploads\/2024\/04\/LEXIFY_01_08-1.jpg 800w, https:\/\/lexify.io\/wp-content\/uploads\/2024\/04\/LEXIFY_01_08-1-300x150.jpg 300w, https:\/\/lexify.io\/wp-content\/uploads\/2024\/04\/LEXIFY_01_08-1-768x384.jpg 768w\" sizes=\"auto, (max-width: 800px) 100vw, 800px\" \/><\/figure>\n\n\n\n<h2 class=\"wp-block-heading\">DAO<\/h2>\n\n\n\n<p>Nous donnons un statut l\u00e9gal \u00e0 votre DAO en \u00e9tablissant l'association correspondante.<\/p>\n<\/div>\n<\/div>\n<\/div>","protected":false},"excerpt":{"rendered":"<p>CRYPTO AND BLOCKCHAIN CONSULTANCY Lexify is a&nbsp;crypto and blockchain consultancy&nbsp;based in Lugano, [&hellip;]<\/p>","protected":false},"author":1,"featured_media":0,"parent":140,"menu_order":0,"comment_status":"closed","ping_status":"closed","template":"","meta":{"_acf_changed":false,"inline_featured_image":false,"_uag_custom_page_level_css":"","site-sidebar-layout":"default","site-content-layout":"","ast-site-content-layout":"default","site-content-style":"default","site-sidebar-style":"default","ast-global-header-display":"","ast-banner-title-visibility":"","ast-main-header-display":"","ast-hfb-above-header-display":"","ast-hfb-below-header-display":"","ast-hfb-mobile-header-display":"","site-post-title":"disabled","ast-breadcrumbs-content":"","ast-featured-img":"","footer-sml-layout":"","theme-transparent-header-meta":"default","adv-header-id-meta":"","stick-header-meta":"","header-above-stick-meta":"","header-main-stick-meta":"","header-below-stick-meta":"","astra-migrate-meta-layouts":"default","ast-page-background-enabled":"default","ast-page-background-meta":{"desktop":{"background-color":"var(--ast-global-color-4)","background-image":"","background-repeat":"repeat","background-position":"center center","background-size":"auto","background-attachment":"scroll","background-type":"","background-media":"","overlay-type":"","overlay-color":"","overlay-opacity":"","overlay-gradient":""},"tablet":{"background-color":"","background-image":"","background-repeat":"repeat","background-position":"center center","background-size":"auto","background-attachment":"scroll","background-type":"","background-media":"","overlay-type":"","overlay-color":"","overlay-opacity":"","overlay-gradient":""},"mobile":{"background-color":"","background-image":"","background-repeat":"repeat","background-position":"center center","background-size":"auto","background-attachment":"scroll","background-type":"","background-media":"","overlay-type":"","overlay-color":"","overlay-opacity":"","overlay-gradient":""}},"ast-content-background-meta":{"desktop":{"background-color":"var(--ast-global-color-5)","background-image":"","background-repeat":"repeat","background-position":"center center","background-size":"auto","background-attachment":"scroll","background-type":"","background-media":"","overlay-type":"","overlay-color":"","overlay-opacity":"","overlay-gradient":""},"tablet":{"background-color":"var(--ast-global-color-5)","background-image":"","background-repeat":"repeat","background-position":"center center","background-size":"auto","background-attachment":"scroll","background-type":"","background-media":"","overlay-type":"","overlay-color":"","overlay-opacity":"","overlay-gradient":""},"mobile":{"background-color":"var(--ast-global-color-5)","background-image":"","background-repeat":"repeat","background-position":"center center","background-size":"auto","background-attachment":"scroll","background-type":"","background-media":"","overlay-type":"","overlay-color":"","overlay-opacity":"","overlay-gradient":""}},"footnotes":""},"class_list":["post-270","page","type-page","status-publish","hentry"],"acf":[],"yoast_head":"<!-- This site is optimized with the Yoast SEO plugin v25.5 - https:\/\/yoast.com\/wordpress\/plugins\/seo\/ -->\n<title>Crypto and Blockchain consultancy - Lexify<\/title>\n<meta name=\"robots\" content=\"index, follow, max-snippet:-1, max-image-preview:large, max-video-preview:-1\" \/>\n<link rel=\"canonical\" href=\"https:\/\/lexify.io\/fr\/nos-services\/crypto-and-blockchain-consultancy\/\" \/>\n<meta property=\"og:locale\" content=\"fr_FR\" \/>\n<meta property=\"og:type\" content=\"article\" \/>\n<meta property=\"og:title\" content=\"Crypto and Blockchain consultancy - Lexify\" \/>\n<meta property=\"og:description\" content=\"CRYPTO AND BLOCKCHAIN CONSULTANCY Lexify is a&nbsp;crypto and blockchain consultancy&nbsp;based in Lugano, [&hellip;]\" \/>\n<meta property=\"og:url\" content=\"https:\/\/lexify.io\/fr\/nos-services\/crypto-and-blockchain-consultancy\/\" \/>\n<meta property=\"og:site_name\" content=\"Lexify\" \/>\n<meta property=\"article:modified_time\" content=\"2025-03-21T15:03:52+00:00\" \/>\n<meta property=\"og:image\" content=\"https:\/\/lexify.io\/wp-content\/uploads\/2024\/04\/LEXIFY_01_01-1.jpg\" \/>\n\t<meta property=\"og:image:width\" content=\"800\" \/>\n\t<meta property=\"og:image:height\" content=\"400\" \/>\n\t<meta property=\"og:image:type\" content=\"image\/jpeg\" \/>\n<meta name=\"twitter:card\" content=\"summary_large_image\" \/>\n<meta name=\"twitter:label1\" content=\"Dur\u00e9e de lecture estim\u00e9e\" \/>\n\t<meta name=\"twitter:data1\" content=\"3 minutes\" \/>\n<script type=\"application\/ld+json\" class=\"yoast-schema-graph\">{\"@context\":\"https:\/\/schema.org\",\"@graph\":[{\"@type\":\"WebPage\",\"@id\":\"https:\/\/lexify.io\/our-services\/crypto-and-blockchain-consultancy\/\",\"url\":\"https:\/\/lexify.io\/our-services\/crypto-and-blockchain-consultancy\/\",\"name\":\"Crypto and Blockchain consultancy - Lexify\",\"isPartOf\":{\"@id\":\"https:\/\/lexify.io\/#website\"},\"primaryImageOfPage\":{\"@id\":\"https:\/\/lexify.io\/our-services\/crypto-and-blockchain-consultancy\/#primaryimage\"},\"image\":{\"@id\":\"https:\/\/lexify.io\/our-services\/crypto-and-blockchain-consultancy\/#primaryimage\"},\"thumbnailUrl\":\"https:\/\/lexify.io\/wp-content\/uploads\/2024\/04\/LEXIFY_01_01-1.jpg\",\"datePublished\":\"2024-04-30T14:30:06+00:00\",\"dateModified\":\"2025-03-21T15:03:52+00:00\",\"breadcrumb\":{\"@id\":\"https:\/\/lexify.io\/our-services\/crypto-and-blockchain-consultancy\/#breadcrumb\"},\"inLanguage\":\"fr-FR\",\"potentialAction\":[{\"@type\":\"ReadAction\",\"target\":[\"https:\/\/lexify.io\/our-services\/crypto-and-blockchain-consultancy\/\"]}]},{\"@type\":\"ImageObject\",\"inLanguage\":\"fr-FR\",\"@id\":\"https:\/\/lexify.io\/our-services\/crypto-and-blockchain-consultancy\/#primaryimage\",\"url\":\"https:\/\/lexify.io\/wp-content\/uploads\/2024\/04\/LEXIFY_01_01-1.jpg\",\"contentUrl\":\"https:\/\/lexify.io\/wp-content\/uploads\/2024\/04\/LEXIFY_01_01-1.jpg\"},{\"@type\":\"BreadcrumbList\",\"@id\":\"https:\/\/lexify.io\/our-services\/crypto-and-blockchain-consultancy\/#breadcrumb\",\"itemListElement\":[{\"@type\":\"ListItem\",\"position\":1,\"name\":\"Home\",\"item\":\"https:\/\/lexify.io\/\"},{\"@type\":\"ListItem\",\"position\":2,\"name\":\"Our Services\",\"item\":\"https:\/\/lexify.io\/our-services\/\"},{\"@type\":\"ListItem\",\"position\":3,\"name\":\"Crypto and Blockchain consultancy\"}]},{\"@type\":\"WebSite\",\"@id\":\"https:\/\/lexify.io\/#website\",\"url\":\"https:\/\/lexify.io\/\",\"name\":\"Lexify\",\"description\":\"\",\"publisher\":{\"@id\":\"https:\/\/lexify.io\/#organization\"},\"potentialAction\":[{\"@type\":\"SearchAction\",\"target\":{\"@type\":\"EntryPoint\",\"urlTemplate\":\"https:\/\/lexify.io\/?s={search_term_string}\"},\"query-input\":{\"@type\":\"PropertyValueSpecification\",\"valueRequired\":true,\"valueName\":\"search_term_string\"}}],\"inLanguage\":\"fr-FR\"},{\"@type\":\"Organization\",\"@id\":\"https:\/\/lexify.io\/#organization\",\"name\":\"Lexify\",\"url\":\"https:\/\/lexify.io\/\",\"logo\":{\"@type\":\"ImageObject\",\"inLanguage\":\"fr-FR\",\"@id\":\"https:\/\/lexify.io\/#\/schema\/logo\/image\/\",\"url\":\"https:\/\/lexify.io\/wp-content\/uploads\/2024\/05\/Lexify_logo-1.png\",\"contentUrl\":\"https:\/\/lexify.io\/wp-content\/uploads\/2024\/05\/Lexify_logo-1.png\",\"width\":730,\"height\":230,\"caption\":\"Lexify\"},\"image\":{\"@id\":\"https:\/\/lexify.io\/#\/schema\/logo\/image\/\"}}]}<\/script>\n<!-- \/ Yoast SEO plugin. -->","yoast_head_json":{"title":"Crypto and Blockchain consultancy - Lexify","robots":{"index":"index","follow":"follow","max-snippet":"max-snippet:-1","max-image-preview":"max-image-preview:large","max-video-preview":"max-video-preview:-1"},"canonical":"https:\/\/lexify.io\/fr\/nos-services\/crypto-and-blockchain-consultancy\/","og_locale":"fr_FR","og_type":"article","og_title":"Crypto and Blockchain consultancy - Lexify","og_description":"CRYPTO AND BLOCKCHAIN CONSULTANCY Lexify is a&nbsp;crypto and blockchain consultancy&nbsp;based in Lugano, [&hellip;]","og_url":"https:\/\/lexify.io\/fr\/nos-services\/crypto-and-blockchain-consultancy\/","og_site_name":"Lexify","article_modified_time":"2025-03-21T15:03:52+00:00","og_image":[{"width":800,"height":400,"url":"https:\/\/lexify.io\/wp-content\/uploads\/2024\/04\/LEXIFY_01_01-1.jpg","type":"image\/jpeg"}],"twitter_card":"summary_large_image","twitter_misc":{"Dur\u00e9e de lecture estim\u00e9e":"3 minutes"},"schema":{"@context":"https:\/\/schema.org","@graph":[{"@type":"WebPage","@id":"https:\/\/lexify.io\/our-services\/crypto-and-blockchain-consultancy\/","url":"https:\/\/lexify.io\/our-services\/crypto-and-blockchain-consultancy\/","name":"Crypto and Blockchain consultancy - Lexify","isPartOf":{"@id":"https:\/\/lexify.io\/#website"},"primaryImageOfPage":{"@id":"https:\/\/lexify.io\/our-services\/crypto-and-blockchain-consultancy\/#primaryimage"},"image":{"@id":"https:\/\/lexify.io\/our-services\/crypto-and-blockchain-consultancy\/#primaryimage"},"thumbnailUrl":"https:\/\/lexify.io\/wp-content\/uploads\/2024\/04\/LEXIFY_01_01-1.jpg","datePublished":"2024-04-30T14:30:06+00:00","dateModified":"2025-03-21T15:03:52+00:00","breadcrumb":{"@id":"https:\/\/lexify.io\/our-services\/crypto-and-blockchain-consultancy\/#breadcrumb"},"inLanguage":"fr-FR","potentialAction":[{"@type":"ReadAction","target":["https:\/\/lexify.io\/our-services\/crypto-and-blockchain-consultancy\/"]}]},{"@type":"ImageObject","inLanguage":"fr-FR","@id":"https:\/\/lexify.io\/our-services\/crypto-and-blockchain-consultancy\/#primaryimage","url":"https:\/\/lexify.io\/wp-content\/uploads\/2024\/04\/LEXIFY_01_01-1.jpg","contentUrl":"https:\/\/lexify.io\/wp-content\/uploads\/2024\/04\/LEXIFY_01_01-1.jpg"},{"@type":"BreadcrumbList","@id":"https:\/\/lexify.io\/our-services\/crypto-and-blockchain-consultancy\/#breadcrumb","itemListElement":[{"@type":"ListItem","position":1,"name":"Home","item":"https:\/\/lexify.io\/"},{"@type":"ListItem","position":2,"name":"Our Services","item":"https:\/\/lexify.io\/our-services\/"},{"@type":"ListItem","position":3,"name":"Crypto and Blockchain consultancy"}]},{"@type":"WebSite","@id":"https:\/\/lexify.io\/#website","url":"https:\/\/lexify.io\/","name":"Lexify","description":"","publisher":{"@id":"https:\/\/lexify.io\/#organization"},"potentialAction":[{"@type":"SearchAction","target":{"@type":"EntryPoint","urlTemplate":"https:\/\/lexify.io\/?s={search_term_string}"},"query-input":{"@type":"PropertyValueSpecification","valueRequired":true,"valueName":"search_term_string"}}],"inLanguage":"fr-FR"},{"@type":"Organization","@id":"https:\/\/lexify.io\/#organization","name":"Lexify","url":"https:\/\/lexify.io\/","logo":{"@type":"ImageObject","inLanguage":"fr-FR","@id":"https:\/\/lexify.io\/#\/schema\/logo\/image\/","url":"https:\/\/lexify.io\/wp-content\/uploads\/2024\/05\/Lexify_logo-1.png","contentUrl":"https:\/\/lexify.io\/wp-content\/uploads\/2024\/05\/Lexify_logo-1.png","width":730,"height":230,"caption":"Lexify"},"image":{"@id":"https:\/\/lexify.io\/#\/schema\/logo\/image\/"}}]}},"uagb_featured_image_src":{"full":false,"thumbnail":false,"medium":false,"medium_large":false,"large":false,"1536x1536":false,"2048x2048":false,"trp-custom-language-flag":false},"uagb_author_info":{"display_name":"admin","author_link":"https:\/\/lexify.io\/fr\/author\/nextadmin\/"},"uagb_comment_info":0,"uagb_excerpt":"CRYPTO AND BLOCKCHAIN CONSULTANCY Lexify is a&nbsp;crypto and blockchain consultancy&nbsp;based in Lugano, [&hellip;]","_links":{"self":[{"href":"https:\/\/lexify.io\/fr\/wp-json\/wp\/v2\/pages\/270","targetHints":{"allow":["GET"]}}],"collection":[{"href":"https:\/\/lexify.io\/fr\/wp-json\/wp\/v2\/pages"}],"about":[{"href":"https:\/\/lexify.io\/fr\/wp-json\/wp\/v2\/types\/page"}],"author":[{"embeddable":true,"href":"https:\/\/lexify.io\/fr\/wp-json\/wp\/v2\/users\/1"}],"replies":[{"embeddable":true,"href":"https:\/\/lexify.io\/fr\/wp-json\/wp\/v2\/comments?post=270"}],"version-history":[{"count":0,"href":"https:\/\/lexify.io\/fr\/wp-json\/wp\/v2\/pages\/270\/revisions"}],"up":[{"embeddable":true,"href":"https:\/\/lexify.io\/fr\/wp-json\/wp\/v2\/pages\/140"}],"wp:attachment":[{"href":"https:\/\/lexify.io\/fr\/wp-json\/wp\/v2\/media?parent=270"}],"curies":[{"name":"wp","href":"https:\/\/api.w.org\/{rel}","templated":true}]}}