{"id":2454,"date":"2026-05-07T07:50:46","date_gmt":"2026-05-07T07:50:46","guid":{"rendered":"https:\/\/lexify.io\/?page_id=2454"},"modified":"2026-05-07T07:53:28","modified_gmt":"2026-05-07T07:53:28","slug":"space-economy","status":"publish","type":"page","link":"https:\/\/lexify.io\/fr\/nos-services\/space-economy\/","title":{"rendered":"Space Economy"},"content":{"rendered":"<div class=\"wp-block-group alignfull banner-section is-layout-constrained wp-block-group-is-layout-constrained has-background\" style=\"padding-top:0;padding-bottom:0;background-image:url(&apos;https:\/\/lexify.io\/wp-content\/uploads\/2026\/05\/banners_mini_01_space.webp&apos;);background-size:cover;\">\n<div style=\"height:21vw\" aria-hidden=\"true\" class=\"wp-block-spacer\"><\/div>\n<\/div>\n\n\n\n<div class=\"wp-block-group alignfull has-ast-global-color-0-background-color has-background is-layout-constrained wp-block-group-is-layout-constrained\" style=\"padding-top:var(--wp--preset--spacing--70);padding-bottom:var(--wp--preset--spacing--70)\">\n<h1 class=\"wp-block-heading has-text-align-left has-ast-global-color-5-color has-text-color has-link-color wp-elements-c41fcc725b0444d0101886978bedad6d\">Space Economy<\/h1>\n\n\n\n<p class=\"has-text-align-left has-ast-global-color-5-color has-text-color has-link-color wp-elements-11d37789905d66d5b367774bb452380a\" style=\"padding-top:0;padding-bottom:0;font-size:25px;line-height:1.5\">Le secteur a\u00e9rospatial et l'\u00e9conomie du \u00ab New Space \u00bb \u00e9voluent \u00e0 un rythme sans pr\u00e9c\u00e9dent. Pour s'y retrouver dans ce paysage en constante mutation, il est indispensable de pouvoir compter sur des conseillers juridiques qui ma\u00eetrisent \u00e0 la fois les subtilit\u00e9s des trait\u00e9s relatifs \u00e0 l'espace extra-atmosph\u00e9rique et les r\u00e9alit\u00e9s pragmatiques du quotidien dans la gestion d'une entreprise technologique. Notre pratique multidisciplinaire accompagne les op\u00e9rateurs de satellites, les prestataires de services de lancement, les fabricants de la cha\u00eene d'approvisionnement et les start-ups innovantes. Nous faisons le lien entre la politique spatiale de haut niveau et les op\u00e9rations commerciales courantes, qu'il s'agisse d'obtenir des autorisations de lancement internationales, de r\u00e9diger des contrats de sous-traitance courants ou de structurer votre participation \u00e0 des programmes de financement publics. Notre objectif est d'\u00eatre un partenaire strat\u00e9gique pour votre entreprise, en transformant les d\u00e9fis r\u00e9glementaires et commerciaux en opportunit\u00e9s de croissance.<\/p>\n<\/div>\n\n\n\n<div class=\"wp-block-group alignfull is-layout-constrained wp-block-group-is-layout-constrained\">\n<div class=\"wp-block-columns is-layout-flex wp-container-core-columns-is-layout-28f84493 wp-block-columns-is-layout-flex\">\n<div class=\"wp-block-column is-layout-flow wp-block-column-is-layout-flow\">\n<figure class=\"wp-block-image size-full\"><img loading=\"lazy\" decoding=\"async\" width=\"800\" height=\"400\" src=\"https:\/\/lexify.io\/wp-content\/uploads\/2026\/05\/LEXIFY_07_regulatory_02.webp\" alt=\"\" class=\"wp-image-2449\" srcset=\"https:\/\/lexify.io\/wp-content\/uploads\/2026\/05\/LEXIFY_07_regulatory_02.webp 800w, https:\/\/lexify.io\/wp-content\/uploads\/2026\/05\/LEXIFY_07_regulatory_02-300x150.webp 300w, https:\/\/lexify.io\/wp-content\/uploads\/2026\/05\/LEXIFY_07_regulatory_02-768x384.webp 768w, https:\/\/lexify.io\/wp-content\/uploads\/2026\/05\/LEXIFY_07_regulatory_02-18x9.webp 18w\" sizes=\"auto, (max-width: 800px) 100vw, 800px\" \/><\/figure>\n\n\n\n<h2 class=\"wp-block-heading\">Droit spatial et r\u00e9glementation des op\u00e9rations spatiales<\/h2>\n\n\n\n<p>Conseil en droit spatial international et suisse. Nous accompagnons nos clients dans les proc\u00e9dures d\u2019autorisation de lancement, l\u2019attribution de fr\u00e9quences ainsi que dans les r\u00e9gimes complexes de responsabilit\u00e9 pr\u00e9vus par les principaux instruments des Nations Unies, notamment le Trait\u00e9 de l\u2019espace de 1967 et la Convention sur la responsabilit\u00e9 internationale de 1972.<\/p>\n<\/div>\n\n\n\n<div class=\"wp-block-column is-layout-flow wp-block-column-is-layout-flow\">\n<figure class=\"wp-block-image size-full\"><img loading=\"lazy\" decoding=\"async\" width=\"800\" height=\"400\" src=\"https:\/\/lexify.io\/wp-content\/uploads\/2026\/05\/LEXIFY_07_orbit.webp\" alt=\"\" class=\"wp-image-2448\" srcset=\"https:\/\/lexify.io\/wp-content\/uploads\/2026\/05\/LEXIFY_07_orbit.webp 800w, https:\/\/lexify.io\/wp-content\/uploads\/2026\/05\/LEXIFY_07_orbit-300x150.webp 300w, https:\/\/lexify.io\/wp-content\/uploads\/2026\/05\/LEXIFY_07_orbit-768x384.webp 768w, https:\/\/lexify.io\/wp-content\/uploads\/2026\/05\/LEXIFY_07_orbit-18x9.webp 18w\" sizes=\"auto, (max-width: 800px) 100vw, 800px\" \/><\/figure>\n\n\n\n<h2 class=\"wp-block-heading\">Commerce spatial et services en orbite<\/h2>\n\n\n\n<p>Accompagnement des entreprises spatiales commerciales \u00e0 la pointe du secteur. Nous intervenons en mati\u00e8re d\u2019op\u00e9rations satellitaires, de services en orbite (IOS), d\u2019exploitation des ressources spatiales et d\u2019accords transfrontaliers de capacit\u00e9 avec des prestataires de lancement et des clients institutionnels.<\/p>\n<\/div>\n<\/div>\n<\/div>\n\n\n\n<div class=\"wp-block-group alignfull has-ast-global-color-4-background-color has-background is-layout-constrained wp-block-group-is-layout-constrained\">\n<div class=\"wp-block-columns is-layout-flex wp-container-core-columns-is-layout-28f84493 wp-block-columns-is-layout-flex\">\n<div class=\"wp-block-column is-layout-flow wp-block-column-is-layout-flow\">\n<figure class=\"wp-block-image size-full\"><img loading=\"lazy\" decoding=\"async\" width=\"800\" height=\"400\" src=\"https:\/\/lexify.io\/wp-content\/uploads\/2026\/05\/LEXIFY_07_supply-chain.webp\" alt=\"\" class=\"wp-image-2452\" srcset=\"https:\/\/lexify.io\/wp-content\/uploads\/2026\/05\/LEXIFY_07_supply-chain.webp 800w, https:\/\/lexify.io\/wp-content\/uploads\/2026\/05\/LEXIFY_07_supply-chain-300x150.webp 300w, https:\/\/lexify.io\/wp-content\/uploads\/2026\/05\/LEXIFY_07_supply-chain-768x384.webp 768w, https:\/\/lexify.io\/wp-content\/uploads\/2026\/05\/LEXIFY_07_supply-chain-18x9.webp 18w\" sizes=\"auto, (max-width: 800px) 100vw, 800px\" \/><\/figure>\n\n\n\n<h2 class=\"wp-block-heading\">Contrats commerciaux et cha\u00eene d\u2019approvisionnement spatiale<\/h2>\n\n\n\n<p>R\u00e9daction et n\u00e9gociation des accords essentiels au fonctionnement de vos activit\u00e9s. Au-del\u00e0 du droit spatial sp\u00e9cialis\u00e9, nous accompagnons nos clients dans leurs besoins commerciaux courants, notamment les contrats de fabrication de composants, les licences de logiciels et de donn\u00e9es, les partenariats de recherche et d\u00e9veloppement ainsi que les contrats standards avec fournisseurs et sous-traitants.<\/p>\n<\/div>\n\n\n\n<div class=\"wp-block-column is-layout-flow wp-block-column-is-layout-flow\">\n<figure class=\"wp-block-image size-full\"><img loading=\"lazy\" decoding=\"async\" width=\"800\" height=\"400\" src=\"https:\/\/lexify.io\/wp-content\/uploads\/2026\/05\/LEXIFY_funding.webp\" alt=\"\" class=\"wp-image-2453\" srcset=\"https:\/\/lexify.io\/wp-content\/uploads\/2026\/05\/LEXIFY_funding.webp 800w, https:\/\/lexify.io\/wp-content\/uploads\/2026\/05\/LEXIFY_funding-300x150.webp 300w, https:\/\/lexify.io\/wp-content\/uploads\/2026\/05\/LEXIFY_funding-768x384.webp 768w, https:\/\/lexify.io\/wp-content\/uploads\/2026\/05\/LEXIFY_funding-18x9.webp 18w\" sizes=\"auto, (max-width: 800px) 100vw, 800px\" \/><\/figure>\n\n\n\n<h2 class=\"wp-block-heading\">March\u00e9s publics et financements publics<\/h2>\n\n\n\n<p>Accompagnement des entreprises du secteur spatial dans les proc\u00e9dures administratives n\u00e9cessaires \u00e0 l\u2019obtention de financements strat\u00e9giques. Nous apportons un soutien juridique dans le cadre des programmes de financement public, des subventions de recherche et d\u00e9veloppement et des appels d\u2019offres lanc\u00e9s par des agences spatiales nationales et internationales, notamment l\u2019ESA.<\/p>\n<\/div>\n<\/div>\n<\/div>\n\n\n\n<div class=\"wp-block-group alignfull has-ast-global-color-4-background-color has-background is-layout-constrained wp-block-group-is-layout-constrained\">\n<div class=\"wp-block-columns is-layout-flex wp-container-core-columns-is-layout-28f84493 wp-block-columns-is-layout-flex\">\n<div class=\"wp-block-column is-layout-flow wp-block-column-is-layout-flow\">\n<figure class=\"wp-block-image size-full\"><img loading=\"lazy\" decoding=\"async\" width=\"800\" height=\"400\" src=\"https:\/\/lexify.io\/wp-content\/uploads\/2026\/05\/LEXIFY_07_regulatory.webp\" alt=\"\" class=\"wp-image-2450\" srcset=\"https:\/\/lexify.io\/wp-content\/uploads\/2026\/05\/LEXIFY_07_regulatory.webp 800w, https:\/\/lexify.io\/wp-content\/uploads\/2026\/05\/LEXIFY_07_regulatory-300x150.webp 300w, https:\/\/lexify.io\/wp-content\/uploads\/2026\/05\/LEXIFY_07_regulatory-768x384.webp 768w, https:\/\/lexify.io\/wp-content\/uploads\/2026\/05\/LEXIFY_07_regulatory-18x9.webp 18w\" sizes=\"auto, (max-width: 800px) 100vw, 800px\" \/><\/figure>\n\n\n\n<h2 class=\"wp-block-heading\">Conformit\u00e9 r\u00e9glementaire et contr\u00f4le des exportations<\/h2>\n\n\n\n<p>Veiller \u00e0 la conformit\u00e9 de vos op\u00e9rations dans un secteur soumis \u00e0 une surveillance r\u00e9glementaire renforc\u00e9e. Nous conseillons nos clients sur les contr\u00f4les des exportations de biens \u00e0 double usage, les restrictions relatives aux transferts de technologies, les sanctions internationales ainsi que les nouveaux cadres r\u00e9glementaires en mati\u00e8re de durabilit\u00e9 spatiale et de r\u00e9duction des d\u00e9bris spatiaux.<\/p>\n<\/div>\n\n\n\n<div class=\"wp-block-column is-layout-flow wp-block-column-is-layout-flow\">\n<figure class=\"wp-block-image size-full\"><img loading=\"lazy\" decoding=\"async\" width=\"800\" height=\"400\" src=\"https:\/\/lexify.io\/wp-content\/uploads\/2026\/05\/LEXIFY_07_rocket.webp\" alt=\"\" class=\"wp-image-2451\" srcset=\"https:\/\/lexify.io\/wp-content\/uploads\/2026\/05\/LEXIFY_07_rocket.webp 800w, https:\/\/lexify.io\/wp-content\/uploads\/2026\/05\/LEXIFY_07_rocket-300x150.webp 300w, https:\/\/lexify.io\/wp-content\/uploads\/2026\/05\/LEXIFY_07_rocket-768x384.webp 768w, https:\/\/lexify.io\/wp-content\/uploads\/2026\/05\/LEXIFY_07_rocket-18x9.webp 18w\" sizes=\"auto, (max-width: 800px) 100vw, 800px\" \/><\/figure>\n\n\n\n<h2 class=\"wp-block-heading\">Structuration soci\u00e9taire et capital-risque<\/h2>\n\n\n\n<p>Accompagnement des entreprises New Space et des acteurs \u00e9tablis de l\u2019a\u00e9rospatial en mati\u00e8re de gouvernance d\u2019entreprise, de lev\u00e9es de fonds en capital-risque, de due diligence juridique et d\u2019op\u00e9rations de fusion-acquisition afin de soutenir leur d\u00e9veloppement et leurs investissements \u00e0 long terme.<\/p>\n<\/div>\n<\/div>\n<\/div>","protected":false},"excerpt":{"rendered":"<p>Space Economy The aerospace sector and the New Space economy are evolving [&hellip;]<\/p>","protected":false},"author":1,"featured_media":0,"parent":140,"menu_order":0,"comment_status":"closed","ping_status":"closed","template":"","meta":{"_acf_changed":false,"inline_featured_image":false,"_uag_custom_page_level_css":"","site-sidebar-layout":"default","site-content-layout":"","ast-site-content-layout":"default","site-content-style":"default","site-sidebar-style":"default","ast-global-header-display":"","ast-banner-title-visibility":"","ast-main-header-display":"","ast-hfb-above-header-display":"","ast-hfb-below-header-display":"","ast-hfb-mobile-header-display":"","site-post-title":"","ast-breadcrumbs-content":"","ast-featured-img":"","footer-sml-layout":"","theme-transparent-header-meta":"","adv-header-id-meta":"","stick-header-meta":"","header-above-stick-meta":"","header-main-stick-meta":"","header-below-stick-meta":"","astra-migrate-meta-layouts":"default","ast-page-background-enabled":"default","ast-page-background-meta":{"desktop":{"background-color":"var(--ast-global-color-4)","background-image":"","background-repeat":"repeat","background-position":"center center","background-size":"auto","background-attachment":"scroll","background-type":"","background-media":"","overlay-type":"","overlay-color":"","overlay-opacity":"","overlay-gradient":""},"tablet":{"background-color":"","background-image":"","background-repeat":"repeat","background-position":"center center","background-size":"auto","background-attachment":"scroll","background-type":"","background-media":"","overlay-type":"","overlay-color":"","overlay-opacity":"","overlay-gradient":""},"mobile":{"background-color":"","background-image":"","background-repeat":"repeat","background-position":"center center","background-size":"auto","background-attachment":"scroll","background-type":"","background-media":"","overlay-type":"","overlay-color":"","overlay-opacity":"","overlay-gradient":""}},"ast-content-background-meta":{"desktop":{"background-color":"var(--ast-global-color-5)","background-image":"","background-repeat":"repeat","background-position":"center center","background-size":"auto","background-attachment":"scroll","background-type":"","background-media":"","overlay-type":"","overlay-color":"","overlay-opacity":"","overlay-gradient":""},"tablet":{"background-color":"var(--ast-global-color-5)","background-image":"","background-repeat":"repeat","background-position":"center center","background-size":"auto","background-attachment":"scroll","background-type":"","background-media":"","overlay-type":"","overlay-color":"","overlay-opacity":"","overlay-gradient":""},"mobile":{"background-color":"var(--ast-global-color-5)","background-image":"","background-repeat":"repeat","background-position":"center center","background-size":"auto","background-attachment":"scroll","background-type":"","background-media":"","overlay-type":"","overlay-color":"","overlay-opacity":"","overlay-gradient":""}},"footnotes":""},"class_list":["post-2454","page","type-page","status-publish","hentry"],"acf":[],"yoast_head":"<!-- This site is optimized with the Yoast SEO plugin v25.5 - https:\/\/yoast.com\/wordpress\/plugins\/seo\/ -->\n<title>Space Economy - Lexify<\/title>\n<meta name=\"robots\" content=\"index, follow, max-snippet:-1, max-image-preview:large, max-video-preview:-1\" \/>\n<link rel=\"canonical\" href=\"https:\/\/lexify.io\/fr\/nos-services\/space-economy\/\" \/>\n<meta property=\"og:locale\" content=\"fr_FR\" \/>\n<meta property=\"og:type\" content=\"article\" \/>\n<meta property=\"og:title\" content=\"Space Economy - Lexify\" \/>\n<meta property=\"og:description\" content=\"Space Economy The aerospace sector and the New Space economy are evolving [&hellip;]\" \/>\n<meta property=\"og:url\" content=\"https:\/\/lexify.io\/fr\/nos-services\/space-economy\/\" \/>\n<meta property=\"og:site_name\" content=\"Lexify\" \/>\n<meta property=\"article:modified_time\" content=\"2026-05-07T07:53:28+00:00\" \/>\n<meta property=\"og:image\" content=\"https:\/\/lexify.io\/wp-content\/uploads\/2026\/05\/LEXIFY_07_regulatory_02.webp\" \/>\n\t<meta property=\"og:image:width\" content=\"800\" \/>\n\t<meta property=\"og:image:height\" content=\"400\" \/>\n\t<meta property=\"og:image:type\" content=\"image\/webp\" \/>\n<meta name=\"twitter:card\" content=\"summary_large_image\" \/>\n<meta name=\"twitter:label1\" content=\"Dur\u00e9e de lecture estim\u00e9e\" \/>\n\t<meta name=\"twitter:data1\" content=\"3 minutes\" \/>\n<script type=\"application\/ld+json\" class=\"yoast-schema-graph\">{\"@context\":\"https:\/\/schema.org\",\"@graph\":[{\"@type\":\"WebPage\",\"@id\":\"https:\/\/lexify.io\/our-services\/space-economy\/\",\"url\":\"https:\/\/lexify.io\/our-services\/space-economy\/\",\"name\":\"Space Economy - Lexify\",\"isPartOf\":{\"@id\":\"https:\/\/lexify.io\/#website\"},\"primaryImageOfPage\":{\"@id\":\"https:\/\/lexify.io\/our-services\/space-economy\/#primaryimage\"},\"image\":{\"@id\":\"https:\/\/lexify.io\/our-services\/space-economy\/#primaryimage\"},\"thumbnailUrl\":\"https:\/\/lexify.io\/wp-content\/uploads\/2026\/05\/LEXIFY_07_regulatory_02.webp\",\"datePublished\":\"2026-05-07T07:50:46+00:00\",\"dateModified\":\"2026-05-07T07:53:28+00:00\",\"breadcrumb\":{\"@id\":\"https:\/\/lexify.io\/our-services\/space-economy\/#breadcrumb\"},\"inLanguage\":\"fr-FR\",\"potentialAction\":[{\"@type\":\"ReadAction\",\"target\":[\"https:\/\/lexify.io\/our-services\/space-economy\/\"]}]},{\"@type\":\"ImageObject\",\"inLanguage\":\"fr-FR\",\"@id\":\"https:\/\/lexify.io\/our-services\/space-economy\/#primaryimage\",\"url\":\"https:\/\/lexify.io\/wp-content\/uploads\/2026\/05\/LEXIFY_07_regulatory_02.webp\",\"contentUrl\":\"https:\/\/lexify.io\/wp-content\/uploads\/2026\/05\/LEXIFY_07_regulatory_02.webp\"},{\"@type\":\"BreadcrumbList\",\"@id\":\"https:\/\/lexify.io\/our-services\/space-economy\/#breadcrumb\",\"itemListElement\":[{\"@type\":\"ListItem\",\"position\":1,\"name\":\"Home\",\"item\":\"https:\/\/lexify.io\/\"},{\"@type\":\"ListItem\",\"position\":2,\"name\":\"Our Services\",\"item\":\"https:\/\/lexify.io\/our-services\/\"},{\"@type\":\"ListItem\",\"position\":3,\"name\":\"Space Economy\"}]},{\"@type\":\"WebSite\",\"@id\":\"https:\/\/lexify.io\/#website\",\"url\":\"https:\/\/lexify.io\/\",\"name\":\"Lexify\",\"description\":\"\",\"publisher\":{\"@id\":\"https:\/\/lexify.io\/#organization\"},\"potentialAction\":[{\"@type\":\"SearchAction\",\"target\":{\"@type\":\"EntryPoint\",\"urlTemplate\":\"https:\/\/lexify.io\/?s={search_term_string}\"},\"query-input\":{\"@type\":\"PropertyValueSpecification\",\"valueRequired\":true,\"valueName\":\"search_term_string\"}}],\"inLanguage\":\"fr-FR\"},{\"@type\":\"Organization\",\"@id\":\"https:\/\/lexify.io\/#organization\",\"name\":\"Lexify\",\"url\":\"https:\/\/lexify.io\/\",\"logo\":{\"@type\":\"ImageObject\",\"inLanguage\":\"fr-FR\",\"@id\":\"https:\/\/lexify.io\/#\/schema\/logo\/image\/\",\"url\":\"https:\/\/lexify.io\/wp-content\/uploads\/2024\/05\/Lexify_logo-1.png\",\"contentUrl\":\"https:\/\/lexify.io\/wp-content\/uploads\/2024\/05\/Lexify_logo-1.png\",\"width\":730,\"height\":230,\"caption\":\"Lexify\"},\"image\":{\"@id\":\"https:\/\/lexify.io\/#\/schema\/logo\/image\/\"}}]}<\/script>\n<!-- \/ Yoast SEO plugin. -->","yoast_head_json":{"title":"Space Economy - Lexify","robots":{"index":"index","follow":"follow","max-snippet":"max-snippet:-1","max-image-preview":"max-image-preview:large","max-video-preview":"max-video-preview:-1"},"canonical":"https:\/\/lexify.io\/fr\/nos-services\/space-economy\/","og_locale":"fr_FR","og_type":"article","og_title":"Space Economy - Lexify","og_description":"Space Economy The aerospace sector and the New Space economy are evolving [&hellip;]","og_url":"https:\/\/lexify.io\/fr\/nos-services\/space-economy\/","og_site_name":"Lexify","article_modified_time":"2026-05-07T07:53:28+00:00","og_image":[{"width":800,"height":400,"url":"https:\/\/lexify.io\/wp-content\/uploads\/2026\/05\/LEXIFY_07_regulatory_02.webp","type":"image\/webp"}],"twitter_card":"summary_large_image","twitter_misc":{"Dur\u00e9e de lecture estim\u00e9e":"3 minutes"},"schema":{"@context":"https:\/\/schema.org","@graph":[{"@type":"WebPage","@id":"https:\/\/lexify.io\/our-services\/space-economy\/","url":"https:\/\/lexify.io\/our-services\/space-economy\/","name":"Space Economy - Lexify","isPartOf":{"@id":"https:\/\/lexify.io\/#website"},"primaryImageOfPage":{"@id":"https:\/\/lexify.io\/our-services\/space-economy\/#primaryimage"},"image":{"@id":"https:\/\/lexify.io\/our-services\/space-economy\/#primaryimage"},"thumbnailUrl":"https:\/\/lexify.io\/wp-content\/uploads\/2026\/05\/LEXIFY_07_regulatory_02.webp","datePublished":"2026-05-07T07:50:46+00:00","dateModified":"2026-05-07T07:53:28+00:00","breadcrumb":{"@id":"https:\/\/lexify.io\/our-services\/space-economy\/#breadcrumb"},"inLanguage":"fr-FR","potentialAction":[{"@type":"ReadAction","target":["https:\/\/lexify.io\/our-services\/space-economy\/"]}]},{"@type":"ImageObject","inLanguage":"fr-FR","@id":"https:\/\/lexify.io\/our-services\/space-economy\/#primaryimage","url":"https:\/\/lexify.io\/wp-content\/uploads\/2026\/05\/LEXIFY_07_regulatory_02.webp","contentUrl":"https:\/\/lexify.io\/wp-content\/uploads\/2026\/05\/LEXIFY_07_regulatory_02.webp"},{"@type":"BreadcrumbList","@id":"https:\/\/lexify.io\/our-services\/space-economy\/#breadcrumb","itemListElement":[{"@type":"ListItem","position":1,"name":"Home","item":"https:\/\/lexify.io\/"},{"@type":"ListItem","position":2,"name":"Our Services","item":"https:\/\/lexify.io\/our-services\/"},{"@type":"ListItem","position":3,"name":"Space Economy"}]},{"@type":"WebSite","@id":"https:\/\/lexify.io\/#website","url":"https:\/\/lexify.io\/","name":"Lexify","description":"","publisher":{"@id":"https:\/\/lexify.io\/#organization"},"potentialAction":[{"@type":"SearchAction","target":{"@type":"EntryPoint","urlTemplate":"https:\/\/lexify.io\/?s={search_term_string}"},"query-input":{"@type":"PropertyValueSpecification","valueRequired":true,"valueName":"search_term_string"}}],"inLanguage":"fr-FR"},{"@type":"Organization","@id":"https:\/\/lexify.io\/#organization","name":"Lexify","url":"https:\/\/lexify.io\/","logo":{"@type":"ImageObject","inLanguage":"fr-FR","@id":"https:\/\/lexify.io\/#\/schema\/logo\/image\/","url":"https:\/\/lexify.io\/wp-content\/uploads\/2024\/05\/Lexify_logo-1.png","contentUrl":"https:\/\/lexify.io\/wp-content\/uploads\/2024\/05\/Lexify_logo-1.png","width":730,"height":230,"caption":"Lexify"},"image":{"@id":"https:\/\/lexify.io\/#\/schema\/logo\/image\/"}}]}},"uagb_featured_image_src":{"full":false,"thumbnail":false,"medium":false,"medium_large":false,"large":false,"1536x1536":false,"2048x2048":false,"trp-custom-language-flag":false},"uagb_author_info":{"display_name":"admin","author_link":"https:\/\/lexify.io\/fr\/author\/nextadmin\/"},"uagb_comment_info":0,"uagb_excerpt":"Space Economy The aerospace sector and the New Space economy are evolving [&hellip;]","_links":{"self":[{"href":"https:\/\/lexify.io\/fr\/wp-json\/wp\/v2\/pages\/2454","targetHints":{"allow":["GET"]}}],"collection":[{"href":"https:\/\/lexify.io\/fr\/wp-json\/wp\/v2\/pages"}],"about":[{"href":"https:\/\/lexify.io\/fr\/wp-json\/wp\/v2\/types\/page"}],"author":[{"embeddable":true,"href":"https:\/\/lexify.io\/fr\/wp-json\/wp\/v2\/users\/1"}],"replies":[{"embeddable":true,"href":"https:\/\/lexify.io\/fr\/wp-json\/wp\/v2\/comments?post=2454"}],"version-history":[{"count":0,"href":"https:\/\/lexify.io\/fr\/wp-json\/wp\/v2\/pages\/2454\/revisions"}],"up":[{"embeddable":true,"href":"https:\/\/lexify.io\/fr\/wp-json\/wp\/v2\/pages\/140"}],"wp:attachment":[{"href":"https:\/\/lexify.io\/fr\/wp-json\/wp\/v2\/media?parent=2454"}],"curies":[{"name":"wp","href":"https:\/\/api.w.org\/{rel}","templated":true}]}}