{"id":243,"date":"2024-04-30T15:45:21","date_gmt":"2024-04-30T13:45:21","guid":{"rendered":"https:\/\/lexify.nextindustry.net\/?page_id=243"},"modified":"2025-03-21T15:03:51","modified_gmt":"2025-03-21T15:03:51","slug":"anti-money-laundering-compliance","status":"publish","type":"page","link":"https:\/\/lexify.io\/fr\/nos-services\/anti-money-laundering-compliance\/","title":{"rendered":"Lutte contre le blanchiment d'argent et conformit\u00e9"},"content":{"rendered":"<div class=\"wp-block-group alignfull banner-section is-layout-constrained wp-block-group-is-layout-constrained has-background\" style=\"padding-top:0;padding-bottom:0;background-image:url(&apos;https:\/\/lexify.io\/wp-content\/uploads\/2024\/04\/banners_04.jpg&apos;);background-size:cover;\">\n<div style=\"height:21vw\" aria-hidden=\"true\" class=\"wp-block-spacer\"><\/div>\n<\/div>\n\n\n\n<div class=\"wp-block-group alignfull has-ast-global-color-0-background-color has-background is-layout-constrained wp-block-group-is-layout-constrained\" style=\"padding-top:var(--wp--preset--spacing--70);padding-bottom:var(--wp--preset--spacing--70)\">\n<h1 class=\"wp-block-heading has-text-align-left has-ast-global-color-5-color has-text-color has-link-color wp-elements-656c1fe3e1179953a3d21ca51698d6ad\">Lutte contre le blanchiment d'argent et conformit\u00e9<\/h1>\n\n\n\n<p class=\"has-text-align-left has-ast-global-color-5-color has-text-color has-link-color wp-elements-e35d8fab2a4d7e3f2b0ae57e9216fa7d\" style=\"padding-top:0;padding-bottom:0;font-size:25px;line-height:1.5\">Nous r\u00e9alisons des activit\u00e9s externalis\u00e9es de conformit\u00e9 et de gestion des risques et soutenons nos clients dans toutes les activit\u00e9s de conformit\u00e9.<\/p>\n<\/div>\n\n\n\n<div class=\"wp-block-group alignfull is-layout-constrained wp-block-group-is-layout-constrained\">\n<div class=\"wp-block-columns is-layout-flex wp-container-core-columns-is-layout-28f84493 wp-block-columns-is-layout-flex\">\n<div class=\"wp-block-column is-layout-flow wp-block-column-is-layout-flow\">\n<figure class=\"wp-block-image size-full\"><img loading=\"lazy\" decoding=\"async\" width=\"800\" height=\"400\" src=\"https:\/\/lexify.io\/wp-content\/uploads\/2024\/04\/LEXIFY_04_01.jpg\" alt=\"\" class=\"wp-image-333\" srcset=\"https:\/\/lexify.io\/wp-content\/uploads\/2024\/04\/LEXIFY_04_01.jpg 800w, https:\/\/lexify.io\/wp-content\/uploads\/2024\/04\/LEXIFY_04_01-300x150.jpg 300w, https:\/\/lexify.io\/wp-content\/uploads\/2024\/04\/LEXIFY_04_01-768x384.jpg 768w\" sizes=\"auto, (max-width: 800px) 100vw, 800px\" \/><\/figure>\n\n\n\n<h2 class=\"wp-block-heading\">Conseil et soutien en mati\u00e8re de r\u00e9glementation suisse et europ\u00e9enne sur le blanchiment d'argent<\/h2>\n\n\n\n<p>Conseils sur les questions relatives \u00e0 la lutte contre le blanchiment d'argent en relation avec la l\u00e9gislation suisse en la mati\u00e8re, la directive de l'UE sur la lutte contre le blanchiment d'argent et le d\u00e9cret l\u00e9gislatif 231\/2007 de l'Italie. 231\/2007 de l'Italie.<\/p>\n<\/div>\n\n\n\n<div class=\"wp-block-column is-layout-flow wp-block-column-is-layout-flow\">\n<figure class=\"wp-block-image size-full\"><img loading=\"lazy\" decoding=\"async\" width=\"800\" height=\"400\" src=\"https:\/\/lexify.io\/wp-content\/uploads\/2024\/04\/LEXIFY_04_02.jpg\" alt=\"\" class=\"wp-image-334\" srcset=\"https:\/\/lexify.io\/wp-content\/uploads\/2024\/04\/LEXIFY_04_02.jpg 800w, https:\/\/lexify.io\/wp-content\/uploads\/2024\/04\/LEXIFY_04_02-300x150.jpg 300w, https:\/\/lexify.io\/wp-content\/uploads\/2024\/04\/LEXIFY_04_02-768x384.jpg 768w\" sizes=\"auto, (max-width: 800px) 100vw, 800px\" \/><\/figure>\n\n\n\n<h2 class=\"wp-block-heading\">Affiliation OAR \/ OV<\/h2>\n\n\n\n<p>Lexify vous aide \u00e0 adh\u00e9rer \u00e0 des organismes d'autor\u00e9gulation dans le cadre de la l\u00e9gislation contre le blanchiment d'argent.<\/p>\n<\/div>\n<\/div>\n<\/div>\n\n\n\n<div class=\"wp-block-group alignfull has-ast-global-color-4-background-color has-background is-layout-constrained wp-block-group-is-layout-constrained\">\n<div class=\"wp-block-columns is-layout-flex wp-container-core-columns-is-layout-28f84493 wp-block-columns-is-layout-flex\">\n<div class=\"wp-block-column is-layout-flow wp-block-column-is-layout-flow\">\n<figure class=\"wp-block-image size-full\"><img loading=\"lazy\" decoding=\"async\" width=\"800\" height=\"400\" src=\"https:\/\/lexify.io\/wp-content\/uploads\/2024\/04\/LEXIFY_04_03.jpg\" alt=\"\" class=\"wp-image-335\" srcset=\"https:\/\/lexify.io\/wp-content\/uploads\/2024\/04\/LEXIFY_04_03.jpg 800w, https:\/\/lexify.io\/wp-content\/uploads\/2024\/04\/LEXIFY_04_03-300x150.jpg 300w, https:\/\/lexify.io\/wp-content\/uploads\/2024\/04\/LEXIFY_04_03-768x384.jpg 768w\" sizes=\"auto, (max-width: 800px) 100vw, 800px\" \/><\/figure>\n\n\n\n<h2 class=\"wp-block-heading\">Externalisation de la conformit\u00e9<\/h2>\n\n\n\n<p>Nos sp\u00e9cialistes prennent en charge la fonction de conformit\u00e9 et de gestion des risques, en s'appuyant sur l'exp\u00e9rience acquise lors de nos nombreuses interventions.<\/p>\n<\/div>\n\n\n\n<div class=\"wp-block-column is-layout-flow wp-block-column-is-layout-flow\">\n<figure class=\"wp-block-image size-full\"><img loading=\"lazy\" decoding=\"async\" width=\"800\" height=\"400\" src=\"https:\/\/lexify.io\/wp-content\/uploads\/2024\/04\/LEXIFY_04_04.jpg\" alt=\"\" class=\"wp-image-336\" srcset=\"https:\/\/lexify.io\/wp-content\/uploads\/2024\/04\/LEXIFY_04_04.jpg 800w, https:\/\/lexify.io\/wp-content\/uploads\/2024\/04\/LEXIFY_04_04-300x150.jpg 300w, https:\/\/lexify.io\/wp-content\/uploads\/2024\/04\/LEXIFY_04_04-768x384.jpg 768w\" sizes=\"auto, (max-width: 800px) 100vw, 800px\" \/><\/figure>\n\n\n\n<h2 class=\"wp-block-heading\">Rapports d'analyse en cha\u00eene<\/h2>\n\n\n\n<p>Gr\u00e2ce \u00e0 notre exp\u00e9rience, nous sommes en mesure de v\u00e9rifier l'origine des fonds cryptographiques \u00e0 partir de la blockchain, en fournissant des avis juridiques ad\u00e9quats pour justifier l'origine des fonds.<\/p>\n<\/div>\n<\/div>\n<\/div>","protected":false},"excerpt":{"rendered":"<p>Anti-Money Laundering &amp; Compliance We perform outsourced compliance and risk management activities [&hellip;]<\/p>","protected":false},"author":1,"featured_media":0,"parent":140,"menu_order":0,"comment_status":"closed","ping_status":"closed","template":"","meta":{"_acf_changed":false,"inline_featured_image":false,"_uag_custom_page_level_css":"","site-sidebar-layout":"default","site-content-layout":"","ast-site-content-layout":"default","site-content-style":"default","site-sidebar-style":"default","ast-global-header-display":"","ast-banner-title-visibility":"","ast-main-header-display":"","ast-hfb-above-header-display":"","ast-hfb-below-header-display":"","ast-hfb-mobile-header-display":"","site-post-title":"disabled","ast-breadcrumbs-content":"","ast-featured-img":"","footer-sml-layout":"","theme-transparent-header-meta":"","adv-header-id-meta":"","stick-header-meta":"","header-above-stick-meta":"","header-main-stick-meta":"","header-below-stick-meta":"","astra-migrate-meta-layouts":"default","ast-page-background-enabled":"default","ast-page-background-meta":{"desktop":{"background-color":"var(--ast-global-color-4)","background-image":"","background-repeat":"repeat","background-position":"center center","background-size":"auto","background-attachment":"scroll","background-type":"","background-media":"","overlay-type":"","overlay-color":"","overlay-opacity":"","overlay-gradient":""},"tablet":{"background-color":"","background-image":"","background-repeat":"repeat","background-position":"center center","background-size":"auto","background-attachment":"scroll","background-type":"","background-media":"","overlay-type":"","overlay-color":"","overlay-opacity":"","overlay-gradient":""},"mobile":{"background-color":"","background-image":"","background-repeat":"repeat","background-position":"center center","background-size":"auto","background-attachment":"scroll","background-type":"","background-media":"","overlay-type":"","overlay-color":"","overlay-opacity":"","overlay-gradient":""}},"ast-content-background-meta":{"desktop":{"background-color":"var(--ast-global-color-5)","background-image":"","background-repeat":"repeat","background-position":"center center","background-size":"auto","background-attachment":"scroll","background-type":"","background-media":"","overlay-type":"","overlay-color":"","overlay-opacity":"","overlay-gradient":""},"tablet":{"background-color":"var(--ast-global-color-5)","background-image":"","background-repeat":"repeat","background-position":"center center","background-size":"auto","background-attachment":"scroll","background-type":"","background-media":"","overlay-type":"","overlay-color":"","overlay-opacity":"","overlay-gradient":""},"mobile":{"background-color":"var(--ast-global-color-5)","background-image":"","background-repeat":"repeat","background-position":"center center","background-size":"auto","background-attachment":"scroll","background-type":"","background-media":"","overlay-type":"","overlay-color":"","overlay-opacity":"","overlay-gradient":""}},"footnotes":""},"class_list":["post-243","page","type-page","status-publish","hentry"],"acf":[],"yoast_head":"<!-- This site is optimized with the Yoast SEO plugin v25.5 - https:\/\/yoast.com\/wordpress\/plugins\/seo\/ -->\n<title>Anti-Money Laundering &amp; Compliance - Lexify<\/title>\n<meta name=\"robots\" content=\"index, follow, max-snippet:-1, max-image-preview:large, max-video-preview:-1\" \/>\n<link rel=\"canonical\" href=\"https:\/\/lexify.io\/fr\/nos-services\/anti-money-laundering-compliance\/\" \/>\n<meta property=\"og:locale\" content=\"fr_FR\" \/>\n<meta property=\"og:type\" content=\"article\" \/>\n<meta property=\"og:title\" content=\"Anti-Money Laundering &amp; Compliance - Lexify\" \/>\n<meta property=\"og:description\" content=\"Anti-Money Laundering &amp; Compliance We perform outsourced compliance and risk management activities [&hellip;]\" \/>\n<meta property=\"og:url\" content=\"https:\/\/lexify.io\/fr\/nos-services\/anti-money-laundering-compliance\/\" \/>\n<meta property=\"og:site_name\" content=\"Lexify\" \/>\n<meta property=\"article:modified_time\" content=\"2025-03-21T15:03:51+00:00\" \/>\n<meta property=\"og:image\" content=\"https:\/\/lexify.io\/wp-content\/uploads\/2024\/04\/LEXIFY_04_01.jpg\" \/>\n\t<meta property=\"og:image:width\" content=\"800\" \/>\n\t<meta property=\"og:image:height\" content=\"400\" \/>\n\t<meta property=\"og:image:type\" content=\"image\/jpeg\" \/>\n<meta name=\"twitter:card\" content=\"summary_large_image\" \/>\n<meta name=\"twitter:label1\" content=\"Dur\u00e9e de lecture estim\u00e9e\" \/>\n\t<meta name=\"twitter:data1\" content=\"2 minutes\" \/>\n<script type=\"application\/ld+json\" class=\"yoast-schema-graph\">{\"@context\":\"https:\/\/schema.org\",\"@graph\":[{\"@type\":\"WebPage\",\"@id\":\"https:\/\/lexify.io\/our-services\/anti-money-laundering-compliance\/\",\"url\":\"https:\/\/lexify.io\/our-services\/anti-money-laundering-compliance\/\",\"name\":\"Anti-Money Laundering & Compliance - Lexify\",\"isPartOf\":{\"@id\":\"https:\/\/lexify.io\/#website\"},\"primaryImageOfPage\":{\"@id\":\"https:\/\/lexify.io\/our-services\/anti-money-laundering-compliance\/#primaryimage\"},\"image\":{\"@id\":\"https:\/\/lexify.io\/our-services\/anti-money-laundering-compliance\/#primaryimage\"},\"thumbnailUrl\":\"https:\/\/lexify.io\/wp-content\/uploads\/2024\/04\/LEXIFY_04_01.jpg\",\"datePublished\":\"2024-04-30T13:45:21+00:00\",\"dateModified\":\"2025-03-21T15:03:51+00:00\",\"breadcrumb\":{\"@id\":\"https:\/\/lexify.io\/our-services\/anti-money-laundering-compliance\/#breadcrumb\"},\"inLanguage\":\"fr-FR\",\"potentialAction\":[{\"@type\":\"ReadAction\",\"target\":[\"https:\/\/lexify.io\/our-services\/anti-money-laundering-compliance\/\"]}]},{\"@type\":\"ImageObject\",\"inLanguage\":\"fr-FR\",\"@id\":\"https:\/\/lexify.io\/our-services\/anti-money-laundering-compliance\/#primaryimage\",\"url\":\"https:\/\/lexify.io\/wp-content\/uploads\/2024\/04\/LEXIFY_04_01.jpg\",\"contentUrl\":\"https:\/\/lexify.io\/wp-content\/uploads\/2024\/04\/LEXIFY_04_01.jpg\"},{\"@type\":\"BreadcrumbList\",\"@id\":\"https:\/\/lexify.io\/our-services\/anti-money-laundering-compliance\/#breadcrumb\",\"itemListElement\":[{\"@type\":\"ListItem\",\"position\":1,\"name\":\"Home\",\"item\":\"https:\/\/lexify.io\/\"},{\"@type\":\"ListItem\",\"position\":2,\"name\":\"Our Services\",\"item\":\"https:\/\/lexify.io\/our-services\/\"},{\"@type\":\"ListItem\",\"position\":3,\"name\":\"Anti-Money Laundering &#038; Compliance\"}]},{\"@type\":\"WebSite\",\"@id\":\"https:\/\/lexify.io\/#website\",\"url\":\"https:\/\/lexify.io\/\",\"name\":\"Lexify\",\"description\":\"\",\"publisher\":{\"@id\":\"https:\/\/lexify.io\/#organization\"},\"potentialAction\":[{\"@type\":\"SearchAction\",\"target\":{\"@type\":\"EntryPoint\",\"urlTemplate\":\"https:\/\/lexify.io\/?s={search_term_string}\"},\"query-input\":{\"@type\":\"PropertyValueSpecification\",\"valueRequired\":true,\"valueName\":\"search_term_string\"}}],\"inLanguage\":\"fr-FR\"},{\"@type\":\"Organization\",\"@id\":\"https:\/\/lexify.io\/#organization\",\"name\":\"Lexify\",\"url\":\"https:\/\/lexify.io\/\",\"logo\":{\"@type\":\"ImageObject\",\"inLanguage\":\"fr-FR\",\"@id\":\"https:\/\/lexify.io\/#\/schema\/logo\/image\/\",\"url\":\"https:\/\/lexify.io\/wp-content\/uploads\/2024\/05\/Lexify_logo-1.png\",\"contentUrl\":\"https:\/\/lexify.io\/wp-content\/uploads\/2024\/05\/Lexify_logo-1.png\",\"width\":730,\"height\":230,\"caption\":\"Lexify\"},\"image\":{\"@id\":\"https:\/\/lexify.io\/#\/schema\/logo\/image\/\"}}]}<\/script>\n<!-- \/ Yoast SEO plugin. -->","yoast_head_json":{"title":"Anti-Money Laundering & Compliance - Lexify","robots":{"index":"index","follow":"follow","max-snippet":"max-snippet:-1","max-image-preview":"max-image-preview:large","max-video-preview":"max-video-preview:-1"},"canonical":"https:\/\/lexify.io\/fr\/nos-services\/anti-money-laundering-compliance\/","og_locale":"fr_FR","og_type":"article","og_title":"Anti-Money Laundering & Compliance - Lexify","og_description":"Anti-Money Laundering &amp; Compliance We perform outsourced compliance and risk management activities [&hellip;]","og_url":"https:\/\/lexify.io\/fr\/nos-services\/anti-money-laundering-compliance\/","og_site_name":"Lexify","article_modified_time":"2025-03-21T15:03:51+00:00","og_image":[{"width":800,"height":400,"url":"https:\/\/lexify.io\/wp-content\/uploads\/2024\/04\/LEXIFY_04_01.jpg","type":"image\/jpeg"}],"twitter_card":"summary_large_image","twitter_misc":{"Dur\u00e9e de lecture estim\u00e9e":"2 minutes"},"schema":{"@context":"https:\/\/schema.org","@graph":[{"@type":"WebPage","@id":"https:\/\/lexify.io\/our-services\/anti-money-laundering-compliance\/","url":"https:\/\/lexify.io\/our-services\/anti-money-laundering-compliance\/","name":"Anti-Money Laundering & Compliance - Lexify","isPartOf":{"@id":"https:\/\/lexify.io\/#website"},"primaryImageOfPage":{"@id":"https:\/\/lexify.io\/our-services\/anti-money-laundering-compliance\/#primaryimage"},"image":{"@id":"https:\/\/lexify.io\/our-services\/anti-money-laundering-compliance\/#primaryimage"},"thumbnailUrl":"https:\/\/lexify.io\/wp-content\/uploads\/2024\/04\/LEXIFY_04_01.jpg","datePublished":"2024-04-30T13:45:21+00:00","dateModified":"2025-03-21T15:03:51+00:00","breadcrumb":{"@id":"https:\/\/lexify.io\/our-services\/anti-money-laundering-compliance\/#breadcrumb"},"inLanguage":"fr-FR","potentialAction":[{"@type":"ReadAction","target":["https:\/\/lexify.io\/our-services\/anti-money-laundering-compliance\/"]}]},{"@type":"ImageObject","inLanguage":"fr-FR","@id":"https:\/\/lexify.io\/our-services\/anti-money-laundering-compliance\/#primaryimage","url":"https:\/\/lexify.io\/wp-content\/uploads\/2024\/04\/LEXIFY_04_01.jpg","contentUrl":"https:\/\/lexify.io\/wp-content\/uploads\/2024\/04\/LEXIFY_04_01.jpg"},{"@type":"BreadcrumbList","@id":"https:\/\/lexify.io\/our-services\/anti-money-laundering-compliance\/#breadcrumb","itemListElement":[{"@type":"ListItem","position":1,"name":"Home","item":"https:\/\/lexify.io\/"},{"@type":"ListItem","position":2,"name":"Our Services","item":"https:\/\/lexify.io\/our-services\/"},{"@type":"ListItem","position":3,"name":"Anti-Money Laundering &#038; Compliance"}]},{"@type":"WebSite","@id":"https:\/\/lexify.io\/#website","url":"https:\/\/lexify.io\/","name":"Lexify","description":"","publisher":{"@id":"https:\/\/lexify.io\/#organization"},"potentialAction":[{"@type":"SearchAction","target":{"@type":"EntryPoint","urlTemplate":"https:\/\/lexify.io\/?s={search_term_string}"},"query-input":{"@type":"PropertyValueSpecification","valueRequired":true,"valueName":"search_term_string"}}],"inLanguage":"fr-FR"},{"@type":"Organization","@id":"https:\/\/lexify.io\/#organization","name":"Lexify","url":"https:\/\/lexify.io\/","logo":{"@type":"ImageObject","inLanguage":"fr-FR","@id":"https:\/\/lexify.io\/#\/schema\/logo\/image\/","url":"https:\/\/lexify.io\/wp-content\/uploads\/2024\/05\/Lexify_logo-1.png","contentUrl":"https:\/\/lexify.io\/wp-content\/uploads\/2024\/05\/Lexify_logo-1.png","width":730,"height":230,"caption":"Lexify"},"image":{"@id":"https:\/\/lexify.io\/#\/schema\/logo\/image\/"}}]}},"uagb_featured_image_src":{"full":false,"thumbnail":false,"medium":false,"medium_large":false,"large":false,"1536x1536":false,"2048x2048":false,"trp-custom-language-flag":false},"uagb_author_info":{"display_name":"admin","author_link":"https:\/\/lexify.io\/fr\/author\/nextadmin\/"},"uagb_comment_info":0,"uagb_excerpt":"Anti-Money Laundering &amp; Compliance We perform outsourced compliance and risk management activities [&hellip;]","_links":{"self":[{"href":"https:\/\/lexify.io\/fr\/wp-json\/wp\/v2\/pages\/243","targetHints":{"allow":["GET"]}}],"collection":[{"href":"https:\/\/lexify.io\/fr\/wp-json\/wp\/v2\/pages"}],"about":[{"href":"https:\/\/lexify.io\/fr\/wp-json\/wp\/v2\/types\/page"}],"author":[{"embeddable":true,"href":"https:\/\/lexify.io\/fr\/wp-json\/wp\/v2\/users\/1"}],"replies":[{"embeddable":true,"href":"https:\/\/lexify.io\/fr\/wp-json\/wp\/v2\/comments?post=243"}],"version-history":[{"count":0,"href":"https:\/\/lexify.io\/fr\/wp-json\/wp\/v2\/pages\/243\/revisions"}],"up":[{"embeddable":true,"href":"https:\/\/lexify.io\/fr\/wp-json\/wp\/v2\/pages\/140"}],"wp:attachment":[{"href":"https:\/\/lexify.io\/fr\/wp-json\/wp\/v2\/media?parent=243"}],"curies":[{"name":"wp","href":"https:\/\/api.w.org\/{rel}","templated":true}]}}