{"id":2090,"date":"2025-09-12T23:12:18","date_gmt":"2025-09-12T23:12:18","guid":{"rendered":"https:\/\/lexify.io\/?page_id=2090"},"modified":"2025-09-12T23:21:36","modified_gmt":"2025-09-12T23:21:36","slug":"sara-di-capua","status":"publish","type":"page","link":"https:\/\/lexify.io\/fr\/a-propos-de-nous\/sara-di-capua\/","title":{"rendered":"Sara Di Capua"},"content":{"rendered":"<section class=\"wp-block-uagb-container uagb-block-2b392dd0 alignfull uagb-is-root-container\">\n<div data-aos= \"fade-up\" data-aos-duration=\"400\" data-aos-delay=\"0\" data-aos-easing=\"ease\" data-aos-once=\"true\" class=\"wp-block-uagb-container uagb-block-27c06a0b alignfull uagb-is-root-container\"><div class=\"uagb-container-inner-blocks-wrap\">\n<div data-aos= \"fade-up\" data-aos-duration=\"400\" data-aos-delay=\"0\" data-aos-easing=\"ease\" data-aos-once=\"true\" class=\"wp-block-uagb-container uagb-block-73d5575d\">\n<div class=\"wp-block-uagb-container uagb-block-591b0773\">\n<div class=\"wp-block-uagb-container dm-tag uagb-block-c7073af6\">\n<div class=\"wp-block-uagb-image uagb-block-95ebd677 wp-block-uagb-image--layout-default wp-block-uagb-image--effect-static wp-block-uagb-image--align-none hover-opacity-image\"><figure class=\"wp-block-uagb-image__figure\"><img decoding=\"async\" srcset=\"https:\/\/lexify.io\/wp-content\/uploads\/2025\/09\/Sara-min.jpg ,https:\/\/lexify.io\/wp-content\/uploads\/2025\/09\/Sara-min.jpg 780w, https:\/\/lexify.io\/wp-content\/uploads\/2025\/09\/Sara-min.jpg 360w\" sizes=\"auto, (max-width: 480px) 150px\" src=\"https:\/\/lexify.io\/wp-content\/uploads\/2025\/09\/Sara-min.jpg\" alt=\"\" class=\"uag-image-2080\" width=\"951\" height=\"1024\" title=\"Sara-min\" loading=\"lazy\" role=\"img\"\/><\/figure><\/div>\n<\/div>\n<\/div>\n\n\n\n<div class=\"wp-block-uagb-container uagb-block-7d55470a\">\n<div class=\"wp-block-uagb-container uagb-block-351f9715\">\n<div class=\"wp-block-uagb-advanced-heading uagb-block-17f9bf3a\"><h1 class=\"uagb-heading-text\">Sara Di Capua<\/h1><\/div>\n\n\n\n<p style=\"margin-top:0;margin-right:0;margin-bottom:0;margin-left:0;padding-top:0;padding-right:0;padding-bottom:0;padding-left:0;font-size:16px;line-height:2\">Sara Di Capua, avocate sp\u00e9cialis\u00e9e  en droit  bancaire et financier, a une exp\u00e9rience consolid\u00e9e en mati\u00e8re de r\u00e9glementation et compliance.<\/p>\n\n\n\n<p style=\"margin-top:0;margin-right:0;margin-bottom:0;margin-left:0;padding-top:0;padding-right:0;padding-bottom:0;padding-left:0;font-size:16px;line-height:2\">En tant que Legal &amp; Compliance Counsel, Sara assiste les interm\u00e9diaires financiers sur diverses questions de droit financier, de lutte contre le blanchiment d\u2019argent et de compliance avec un accent particulier sur la r\u00e9glementation Suisse et Europ\u00e9enne (par exemple LSFin, MiFID, TUF, LBA, Directive AML).<\/p>\n\n\n\n<p style=\"margin-top:0;margin-right:0;margin-bottom:0;margin-left:0;padding-top:0;padding-right:0;padding-bottom:0;padding-left:0;font-size:16px;line-height:2\">Apr\u00e8s l\u2019obtention de son dipl\u00f4me en droit, Sara a d\u00e9but\u00e9 sa carri\u00e8re chez BonelliErede, puis a rejoint l\u2019\u00e9quipe Financial Regulation de PwC, y acqu\u00e9rant l\u2019exp\u00e9rience en fusions-aquisitions (M&amp;A), droit r\u00e9glementaire et compliance aupr\u00e8s d\u2019interm\u00e9diaires financiers internationaux et europ\u00e9ens de premier plan. Elle a ensuite occup\u00e9 le poste de Legal Counsel au sein de soci\u00e9t\u00e9s de gestion de patrimoine, renfor\u00e7ant sa sp\u00e9cialisation dans la gestion d\u2019actifs, domaine dans lequel elle exerce aujourd\u2019hui principalement.<\/p>\n<\/div>\n\n\n\n<div class=\"wp-block-uagb-container uagb-block-ed862b86\">\n<div class=\"wp-block-uagb-advanced-heading uagb-block-83bb4445\"><h3 class=\"uagb-heading-text\">Contact<\/h3><\/div>\n\n\n\n<div class=\"wp-block-uagb-container uagb-block-a7c48d03\">\n<div data-aos= \"fade-up\" data-aos-duration=\"400\" data-aos-delay=\"0\" data-aos-easing=\"ease\" data-aos-once=\"true\" class=\"wp-block-uagb-buttons uagb-buttons__outer-wrap uagb-btn__default-btn uagb-btn-tablet__default-btn uagb-btn-mobile__default-btn uagb-block-0a005f7f\"><div class=\"uagb-buttons__wrap uagb-buttons-layout-wrap\">\n<div data-aos= \"fade-up\" data-aos-duration=\"400\" data-aos-delay=\"0\" data-aos-easing=\"ease\" data-aos-once=\"true\" class=\"wp-block-uagb-buttons-child uagb-buttons__outer-wrap uagb-block-a77fe9fb wp-block-button\"><div class=\"uagb-button__wrapper\"><a class=\"uagb-buttons-repeater wp-block-button__link\" aria-label=\"\" href=\"tel:41766099355\" rel=\"follow noopener\" target=\"_self\" role=\"button\"><span class=\"uagb-button__icon uagb-button__icon-position-before\"><svg xmlns=\"https:\/\/www.w3.org\/2000\/svg\" viewbox=\"0 0 512 512\" aria-hidden=\"true\" focussable=\"false\"><path d=\"M511.2 387l-23.25 100.8c-3.266 14.25-15.79 24.22-30.46 24.22C205.2 512 0 306.8 0 54.5c0-14.66 9.969-27.2 24.22-30.45l100.8-23.25C139.7-2.602 154.7 5.018 160.8 18.92l46.52 108.5c5.438 12.78 1.77 27.67-8.98 36.45L144.5 207.1c33.98 69.22 90.26 125.5 159.5 159.5l44.08-53.8c8.688-10.78 23.69-14.51 36.47-8.975l108.5 46.51C506.1 357.2 514.6 372.4 511.2 387z\"><\/path><\/svg><\/span><div class=\"uagb-button__link\">+41 76 6099355<\/div><\/a><\/div><\/div>\n<\/div><\/div>\n\n\n\n<div data-aos= \"fade-up\" data-aos-duration=\"400\" data-aos-delay=\"0\" data-aos-easing=\"ease\" data-aos-once=\"true\" class=\"wp-block-uagb-buttons uagb-buttons__outer-wrap uagb-btn__default-btn uagb-btn-tablet__default-btn uagb-btn-mobile__default-btn uagb-block-82799e90\"><div class=\"uagb-buttons__wrap uagb-buttons-layout-wrap\">\n<div data-aos= \"fade-up\" data-aos-duration=\"400\" data-aos-delay=\"0\" data-aos-easing=\"ease\" data-aos-once=\"true\" class=\"wp-block-uagb-buttons-child uagb-buttons__outer-wrap uagb-block-41f39bbf wp-block-button\"><div class=\"uagb-button__wrapper\"><a class=\"uagb-buttons-repeater wp-block-button__link\" aria-label=\"\" href=\"mailto:sara.dicapua@lexify.io\" rel=\"follow noopener\" target=\"_self\" role=\"button\"><span class=\"uagb-button__icon uagb-button__icon-position-before\"><svg xmlns=\"https:\/\/www.w3.org\/2000\/svg\" viewbox=\"0 0 512 512\" aria-hidden=\"true\" focussable=\"false\"><path d=\"M464 64C490.5 64 512 85.49 512 112C512 127.1 504.9 141.3 492.8 150.4L275.2 313.6C263.8 322.1 248.2 322.1 236.8 313.6L19.2 150.4C7.113 141.3 0 127.1 0 112C0 85.49 21.49 64 48 64H464zM217.6 339.2C240.4 356.3 271.6 356.3 294.4 339.2L512 176V384C512 419.3 483.3 448 448 448H64C28.65 448 0 419.3 0 384V176L217.6 339.2z\"><\/path><\/svg><\/span><div class=\"uagb-button__link\">sara.dicapua@lexify.io<\/div><\/a><\/div><\/div>\n<\/div><\/div>\n<\/div>\n\n\n\n<div class=\"wp-block-uagb-container uagb-block-ef8da4b1\">\n<div data-aos= \"fade-up\" data-aos-duration=\"400\" data-aos-delay=\"0\" data-aos-easing=\"ease\" data-aos-once=\"true\" class=\"wp-block-uagb-buttons uagb-buttons__outer-wrap uagb-btn__default-btn uagb-btn-tablet__default-btn uagb-btn-mobile__default-btn uagb-block-80b028c3\"><div class=\"uagb-buttons__wrap uagb-buttons-layout-wrap\">\n<div data-aos= \"fade-up\" data-aos-duration=\"400\" data-aos-delay=\"0\" data-aos-easing=\"ease\" data-aos-once=\"true\" class=\"wp-block-uagb-buttons-child uagb-buttons__outer-wrap uagb-block-9a1b7ecf wp-block-button\"><div class=\"uagb-button__wrapper\"><a class=\"uagb-buttons-repeater wp-block-button__link\" aria-label=\"\" href=\"https:\/\/www.linkedin.com\/in\/sara-di-capua-28b50a13a\/\" rel=\"follow noopener\" target=\"_self\" role=\"button\"><span class=\"uagb-button__icon uagb-button__icon-position-before\"><svg xmlns=\"https:\/\/www.w3.org\/2000\/svg\" viewbox=\"0 0 448 512\" aria-hidden=\"true\" focussable=\"false\"><path d=\"M416 32H31.9C14.3 32 0 46.5 0 64.3v383.4C0 465.5 14.3 480 31.9 480H416c17.6 0 32-14.5 32-32.3V64.3c0-17.8-14.4-32.3-32-32.3zM135.4 416H69V202.2h66.5V416zm-33.2-243c-21.3 0-38.5-17.3-38.5-38.5S80.9 96 102.2 96c21.2 0 38.5 17.3 38.5 38.5 0 21.3-17.2 38.5-38.5 38.5zm282.1 243h-66.4V312c0-24.8-.5-56.7-34.5-56.7-34.6 0-39.9 27-39.9 54.9V416h-66.4V202.2h63.7v29.2h.9c8.9-16.8 30.6-34.5 62.9-34.5 67.2 0 79.7 44.3 79.7 101.9V416z\"><\/path><\/svg><\/span><div class=\"uagb-button__link\">Sara Di Capua<\/div><\/a><\/div><\/div>\n<\/div><\/div>\n<\/div>\n<\/div>\n<\/div>\n<\/div>\n<\/div><\/div>\n<\/section>\n\n\n\n<section class=\"wp-block-uagb-container uagb-block-d1737136 alignfull uagb-is-root-container\">\n<div class=\"wp-block-uagb-container uagb-block-56d6c052 alignfull uagb-is-root-container\"><div class=\"uagb-container-inner-blocks-wrap\">\n<div data-aos= \"fade\" data-aos-duration=\"400\" data-aos-delay=\"0\" data-aos-easing=\"ease\" data-aos-once=\"true\" class=\"wp-block-uagb-container uagb-block-61e4cd82\">\n<div class=\"wp-block-uagb-advanced-heading uagb-block-788c281b\"><h2 class=\"uagb-heading-text\">Int\u00e9ress\u00e9 \u00e0 travailler avec nous?<\/h2><\/div>\n\n\n\n<p class=\"has-text-align-center has-ast-global-color-2-color has-text-color has-link-color wp-elements-ad4c21a3c34ca05b7aa30da78dbbc726\">Des experts en actifs num\u00e9riques et en services bancaires offrant une perspective nouvelle sur votre entreprise. Planifiez une consultation d\u00e8s aujourd'hui.<\/p>\n\n\n\n<div class=\"wp-block-uagb-buttons uagb-buttons__outer-wrap uagb-btn__default-btn uagb-btn-tablet__default-btn uagb-btn-mobile__default-btn uagb-block-1b3c481c\"><div class=\"uagb-buttons__wrap uagb-buttons-layout-wrap\">\n<div data-aos= \"fade-up\" data-aos-duration=\"400\" data-aos-delay=\"0\" data-aos-easing=\"ease\" data-aos-once=\"true\" class=\"wp-block-uagb-buttons-child uagb-buttons__outer-wrap uagb-block-7e35fa07 wp-block-button\"><div class=\"uagb-button__wrapper\"><a class=\"uagb-buttons-repeater wp-block-button__link\" aria-label=\"\" href=\"https:\/\/calendly.com\/lexifybooking\/\" rel=\"follow noopener\" target=\"_self\" role=\"button\"><div class=\"uagb-button__link\">Rendez-vous<\/div><\/a><\/div><\/div>\n<\/div><\/div>\n<\/div>\n<\/div><\/div>\n<\/section>","protected":false},"excerpt":{"rendered":"<p>Sara Di Capua Sara Di Capua, lawyer specialized in banking and financial [&hellip;]<\/p>","protected":false},"author":1,"featured_media":0,"parent":117,"menu_order":0,"comment_status":"closed","ping_status":"closed","template":"","meta":{"_acf_changed":false,"inline_featured_image":false,"_uag_custom_page_level_css":"","site-sidebar-layout":"default","site-content-layout":"","ast-site-content-layout":"default","site-content-style":"default","site-sidebar-style":"default","ast-global-header-display":"","ast-banner-title-visibility":"","ast-main-header-display":"","ast-hfb-above-header-display":"","ast-hfb-below-header-display":"","ast-hfb-mobile-header-display":"","site-post-title":"disabled","ast-breadcrumbs-content":"","ast-featured-img":"","footer-sml-layout":"","theme-transparent-header-meta":"","adv-header-id-meta":"","stick-header-meta":"","header-above-stick-meta":"","header-main-stick-meta":"","header-below-stick-meta":"","astra-migrate-meta-layouts":"default","ast-page-background-enabled":"default","ast-page-background-meta":{"desktop":{"background-color":"var(--ast-global-color-4)","background-image":"","background-repeat":"repeat","background-position":"center center","background-size":"auto","background-attachment":"scroll","background-type":"","background-media":"","overlay-type":"","overlay-color":"","overlay-opacity":"","overlay-gradient":""},"tablet":{"background-color":"","background-image":"","background-repeat":"repeat","background-position":"center center","background-size":"auto","background-attachment":"scroll","background-type":"","background-media":"","overlay-type":"","overlay-color":"","overlay-opacity":"","overlay-gradient":""},"mobile":{"background-color":"","background-image":"","background-repeat":"repeat","background-position":"center center","background-size":"auto","background-attachment":"scroll","background-type":"","background-media":"","overlay-type":"","overlay-color":"","overlay-opacity":"","overlay-gradient":""}},"ast-content-background-meta":{"desktop":{"background-color":"var(--ast-global-color-5)","background-image":"","background-repeat":"repeat","background-position":"center center","background-size":"auto","background-attachment":"scroll","background-type":"","background-media":"","overlay-type":"","overlay-color":"","overlay-opacity":"","overlay-gradient":""},"tablet":{"background-color":"var(--ast-global-color-5)","background-image":"","background-repeat":"repeat","background-position":"center center","background-size":"auto","background-attachment":"scroll","background-type":"","background-media":"","overlay-type":"","overlay-color":"","overlay-opacity":"","overlay-gradient":""},"mobile":{"background-color":"var(--ast-global-color-5)","background-image":"","background-repeat":"repeat","background-position":"center center","background-size":"auto","background-attachment":"scroll","background-type":"","background-media":"","overlay-type":"","overlay-color":"","overlay-opacity":"","overlay-gradient":""}},"footnotes":""},"class_list":["post-2090","page","type-page","status-publish","hentry"],"acf":[],"yoast_head":"<!-- This site is optimized with the Yoast SEO plugin v25.5 - https:\/\/yoast.com\/wordpress\/plugins\/seo\/ -->\n<title>Sara Di Capua - Lexify<\/title>\n<meta name=\"robots\" content=\"index, follow, max-snippet:-1, max-image-preview:large, max-video-preview:-1\" \/>\n<link rel=\"canonical\" href=\"https:\/\/lexify.io\/fr\/a-propos-de-nous\/sara-di-capua\/\" \/>\n<meta property=\"og:locale\" content=\"fr_FR\" \/>\n<meta property=\"og:type\" content=\"article\" \/>\n<meta property=\"og:title\" content=\"Sara Di Capua - Lexify\" \/>\n<meta property=\"og:description\" content=\"Sara Di Capua Sara Di Capua, lawyer specialized in banking and financial [&hellip;]\" \/>\n<meta property=\"og:url\" content=\"https:\/\/lexify.io\/fr\/a-propos-de-nous\/sara-di-capua\/\" \/>\n<meta property=\"og:site_name\" content=\"Lexify\" \/>\n<meta property=\"article:modified_time\" content=\"2025-09-12T23:21:36+00:00\" \/>\n<meta property=\"og:image\" content=\"https:\/\/lexify.io\/wp-content\/uploads\/2025\/09\/Sara-min.jpg\" \/>\n<meta name=\"twitter:card\" content=\"summary_large_image\" \/>\n<meta name=\"twitter:label1\" content=\"Dur\u00e9e de lecture estim\u00e9e\" \/>\n\t<meta name=\"twitter:data1\" content=\"1 minute\" \/>\n<script type=\"application\/ld+json\" class=\"yoast-schema-graph\">{\"@context\":\"https:\/\/schema.org\",\"@graph\":[{\"@type\":\"WebPage\",\"@id\":\"https:\/\/lexify.io\/about-us\/sara-di-capua\/\",\"url\":\"https:\/\/lexify.io\/about-us\/sara-di-capua\/\",\"name\":\"Sara Di Capua - Lexify\",\"isPartOf\":{\"@id\":\"https:\/\/lexify.io\/#website\"},\"primaryImageOfPage\":{\"@id\":\"https:\/\/lexify.io\/about-us\/sara-di-capua\/#primaryimage\"},\"image\":{\"@id\":\"https:\/\/lexify.io\/about-us\/sara-di-capua\/#primaryimage\"},\"thumbnailUrl\":\"https:\/\/lexify.io\/wp-content\/uploads\/2025\/09\/Sara-min.jpg\",\"datePublished\":\"2025-09-12T23:12:18+00:00\",\"dateModified\":\"2025-09-12T23:21:36+00:00\",\"breadcrumb\":{\"@id\":\"https:\/\/lexify.io\/about-us\/sara-di-capua\/#breadcrumb\"},\"inLanguage\":\"fr-FR\",\"potentialAction\":[{\"@type\":\"ReadAction\",\"target\":[\"https:\/\/lexify.io\/about-us\/sara-di-capua\/\"]}]},{\"@type\":\"ImageObject\",\"inLanguage\":\"fr-FR\",\"@id\":\"https:\/\/lexify.io\/about-us\/sara-di-capua\/#primaryimage\",\"url\":\"https:\/\/lexify.io\/wp-content\/uploads\/2025\/09\/Sara-min.jpg\",\"contentUrl\":\"https:\/\/lexify.io\/wp-content\/uploads\/2025\/09\/Sara-min.jpg\"},{\"@type\":\"BreadcrumbList\",\"@id\":\"https:\/\/lexify.io\/about-us\/sara-di-capua\/#breadcrumb\",\"itemListElement\":[{\"@type\":\"ListItem\",\"position\":1,\"name\":\"Home\",\"item\":\"https:\/\/lexify.io\/\"},{\"@type\":\"ListItem\",\"position\":2,\"name\":\"About Us\",\"item\":\"https:\/\/lexify.io\/about-us\/\"},{\"@type\":\"ListItem\",\"position\":3,\"name\":\"Sara Di Capua\"}]},{\"@type\":\"WebSite\",\"@id\":\"https:\/\/lexify.io\/#website\",\"url\":\"https:\/\/lexify.io\/\",\"name\":\"Lexify\",\"description\":\"\",\"publisher\":{\"@id\":\"https:\/\/lexify.io\/#organization\"},\"potentialAction\":[{\"@type\":\"SearchAction\",\"target\":{\"@type\":\"EntryPoint\",\"urlTemplate\":\"https:\/\/lexify.io\/?s={search_term_string}\"},\"query-input\":{\"@type\":\"PropertyValueSpecification\",\"valueRequired\":true,\"valueName\":\"search_term_string\"}}],\"inLanguage\":\"fr-FR\"},{\"@type\":\"Organization\",\"@id\":\"https:\/\/lexify.io\/#organization\",\"name\":\"Lexify\",\"url\":\"https:\/\/lexify.io\/\",\"logo\":{\"@type\":\"ImageObject\",\"inLanguage\":\"fr-FR\",\"@id\":\"https:\/\/lexify.io\/#\/schema\/logo\/image\/\",\"url\":\"https:\/\/lexify.io\/wp-content\/uploads\/2024\/05\/Lexify_logo-1.png\",\"contentUrl\":\"https:\/\/lexify.io\/wp-content\/uploads\/2024\/05\/Lexify_logo-1.png\",\"width\":730,\"height\":230,\"caption\":\"Lexify\"},\"image\":{\"@id\":\"https:\/\/lexify.io\/#\/schema\/logo\/image\/\"}}]}<\/script>\n<!-- \/ Yoast SEO plugin. -->","yoast_head_json":{"title":"Sara Di Capua - Lexify","robots":{"index":"index","follow":"follow","max-snippet":"max-snippet:-1","max-image-preview":"max-image-preview:large","max-video-preview":"max-video-preview:-1"},"canonical":"https:\/\/lexify.io\/fr\/a-propos-de-nous\/sara-di-capua\/","og_locale":"fr_FR","og_type":"article","og_title":"Sara Di Capua - Lexify","og_description":"Sara Di Capua Sara Di Capua, lawyer specialized in banking and financial [&hellip;]","og_url":"https:\/\/lexify.io\/fr\/a-propos-de-nous\/sara-di-capua\/","og_site_name":"Lexify","article_modified_time":"2025-09-12T23:21:36+00:00","og_image":[{"url":"https:\/\/lexify.io\/wp-content\/uploads\/2025\/09\/Sara-min.jpg","type":"","width":"","height":""}],"twitter_card":"summary_large_image","twitter_misc":{"Dur\u00e9e de lecture estim\u00e9e":"1 minute"},"schema":{"@context":"https:\/\/schema.org","@graph":[{"@type":"WebPage","@id":"https:\/\/lexify.io\/about-us\/sara-di-capua\/","url":"https:\/\/lexify.io\/about-us\/sara-di-capua\/","name":"Sara Di Capua - Lexify","isPartOf":{"@id":"https:\/\/lexify.io\/#website"},"primaryImageOfPage":{"@id":"https:\/\/lexify.io\/about-us\/sara-di-capua\/#primaryimage"},"image":{"@id":"https:\/\/lexify.io\/about-us\/sara-di-capua\/#primaryimage"},"thumbnailUrl":"https:\/\/lexify.io\/wp-content\/uploads\/2025\/09\/Sara-min.jpg","datePublished":"2025-09-12T23:12:18+00:00","dateModified":"2025-09-12T23:21:36+00:00","breadcrumb":{"@id":"https:\/\/lexify.io\/about-us\/sara-di-capua\/#breadcrumb"},"inLanguage":"fr-FR","potentialAction":[{"@type":"ReadAction","target":["https:\/\/lexify.io\/about-us\/sara-di-capua\/"]}]},{"@type":"ImageObject","inLanguage":"fr-FR","@id":"https:\/\/lexify.io\/about-us\/sara-di-capua\/#primaryimage","url":"https:\/\/lexify.io\/wp-content\/uploads\/2025\/09\/Sara-min.jpg","contentUrl":"https:\/\/lexify.io\/wp-content\/uploads\/2025\/09\/Sara-min.jpg"},{"@type":"BreadcrumbList","@id":"https:\/\/lexify.io\/about-us\/sara-di-capua\/#breadcrumb","itemListElement":[{"@type":"ListItem","position":1,"name":"Home","item":"https:\/\/lexify.io\/"},{"@type":"ListItem","position":2,"name":"About Us","item":"https:\/\/lexify.io\/about-us\/"},{"@type":"ListItem","position":3,"name":"Sara Di Capua"}]},{"@type":"WebSite","@id":"https:\/\/lexify.io\/#website","url":"https:\/\/lexify.io\/","name":"Lexify","description":"","publisher":{"@id":"https:\/\/lexify.io\/#organization"},"potentialAction":[{"@type":"SearchAction","target":{"@type":"EntryPoint","urlTemplate":"https:\/\/lexify.io\/?s={search_term_string}"},"query-input":{"@type":"PropertyValueSpecification","valueRequired":true,"valueName":"search_term_string"}}],"inLanguage":"fr-FR"},{"@type":"Organization","@id":"https:\/\/lexify.io\/#organization","name":"Lexify","url":"https:\/\/lexify.io\/","logo":{"@type":"ImageObject","inLanguage":"fr-FR","@id":"https:\/\/lexify.io\/#\/schema\/logo\/image\/","url":"https:\/\/lexify.io\/wp-content\/uploads\/2024\/05\/Lexify_logo-1.png","contentUrl":"https:\/\/lexify.io\/wp-content\/uploads\/2024\/05\/Lexify_logo-1.png","width":730,"height":230,"caption":"Lexify"},"image":{"@id":"https:\/\/lexify.io\/#\/schema\/logo\/image\/"}}]}},"uagb_featured_image_src":{"full":false,"thumbnail":false,"medium":false,"medium_large":false,"large":false,"1536x1536":false,"2048x2048":false,"trp-custom-language-flag":false},"uagb_author_info":{"display_name":"admin","author_link":"https:\/\/lexify.io\/fr\/author\/nextadmin\/"},"uagb_comment_info":0,"uagb_excerpt":"Sara Di Capua Sara Di Capua, lawyer specialized in banking and financial [&hellip;]","_links":{"self":[{"href":"https:\/\/lexify.io\/fr\/wp-json\/wp\/v2\/pages\/2090","targetHints":{"allow":["GET"]}}],"collection":[{"href":"https:\/\/lexify.io\/fr\/wp-json\/wp\/v2\/pages"}],"about":[{"href":"https:\/\/lexify.io\/fr\/wp-json\/wp\/v2\/types\/page"}],"author":[{"embeddable":true,"href":"https:\/\/lexify.io\/fr\/wp-json\/wp\/v2\/users\/1"}],"replies":[{"embeddable":true,"href":"https:\/\/lexify.io\/fr\/wp-json\/wp\/v2\/comments?post=2090"}],"version-history":[{"count":0,"href":"https:\/\/lexify.io\/fr\/wp-json\/wp\/v2\/pages\/2090\/revisions"}],"up":[{"embeddable":true,"href":"https:\/\/lexify.io\/fr\/wp-json\/wp\/v2\/pages\/117"}],"wp:attachment":[{"href":"https:\/\/lexify.io\/fr\/wp-json\/wp\/v2\/media?parent=2090"}],"curies":[{"name":"wp","href":"https:\/\/api.w.org\/{rel}","templated":true}]}}