{"id":156,"date":"2024-04-29T15:41:57","date_gmt":"2024-04-29T13:41:57","guid":{"rendered":"https:\/\/lexify.nextindustry.net\/?page_id=156"},"modified":"2025-03-21T15:03:52","modified_gmt":"2025-03-21T15:03:52","slug":"gaming-metaverse-nft-and-web-3-0","status":"publish","type":"page","link":"https:\/\/lexify.io\/fr\/nos-services\/gaming-metaverse-nft-and-web-3-0\/","title":{"rendered":"Jeux, Metaverse, NFT et Web 3.0"},"content":{"rendered":"<div class=\"wp-block-group alignfull banner-section is-layout-constrained wp-block-group-is-layout-constrained has-background\" style=\"padding-top:0;padding-bottom:0;background-image:url(&apos;https:\/\/lexify.io\/wp-content\/uploads\/2024\/04\/banners_02.jpg&apos;);background-size:cover;\">\n<div style=\"height:21vw\" aria-hidden=\"true\" class=\"wp-block-spacer\"><\/div>\n<\/div>\n\n\n\n<div class=\"wp-block-group alignfull has-ast-global-color-0-background-color has-background is-layout-constrained wp-block-group-is-layout-constrained\" style=\"padding-top:var(--wp--preset--spacing--70);padding-bottom:var(--wp--preset--spacing--70)\">\n<h1 class=\"wp-block-heading has-text-align-left has-ast-global-color-5-color has-text-color has-link-color wp-elements-89e197e9de88108c54d0bb44645ee273\">Jeux, Metaverse, NFT et Web 3.0<\/h1>\n\n\n\n<p class=\"has-text-align-left has-ast-global-color-5-color has-text-color has-link-color wp-elements-aee0784e0b1f8c3f2421764b89e53b9c\" style=\"padding-top:0;padding-bottom:0;font-size:25px;line-height:1.5\">Lexify est sp\u00e9cialis\u00e9e dans le conseil aux entreprises de jeux et de Metaverse. Sa connaissance du monde des NFT a permis \u00e0 ses clients d'exceller dans le monde du Web 3.0.<\/p>\n<\/div>\n\n\n\n<div class=\"wp-block-group alignfull is-layout-constrained wp-block-group-is-layout-constrained\">\n<div class=\"wp-block-columns is-layout-flex wp-container-core-columns-is-layout-28f84493 wp-block-columns-is-layout-flex\">\n<div class=\"wp-block-column is-layout-flow wp-block-column-is-layout-flow\">\n<figure class=\"wp-block-image size-full\"><img loading=\"lazy\" decoding=\"async\" width=\"800\" height=\"400\" src=\"https:\/\/lexify.io\/wp-content\/uploads\/2024\/04\/LEXIFY_02_01.jpg\" alt=\"\" class=\"wp-image-306\" srcset=\"https:\/\/lexify.io\/wp-content\/uploads\/2024\/04\/LEXIFY_02_01.jpg 800w, https:\/\/lexify.io\/wp-content\/uploads\/2024\/04\/LEXIFY_02_01-300x150.jpg 300w, https:\/\/lexify.io\/wp-content\/uploads\/2024\/04\/LEXIFY_02_01-768x384.jpg 768w\" sizes=\"auto, (max-width: 800px) 100vw, 800px\" \/><\/figure>\n\n\n\n<h2 class=\"wp-block-heading\">M\u00e9tavers<\/h2>\n\n\n\n<p>Le Metaverse sera le prochain r\u00e9seau social. Mais comment cr\u00e9er un Metaverse, comment utiliser un Metaverse pour mon entreprise ? Gr\u00e2ce \u00e0 sa grande exp\u00e9rience, Lexify est en mesure de vous soutenir tout au long de votre activit\u00e9 en tant que, ou avec, le Metaverse.<\/p>\n<\/div>\n\n\n\n<div class=\"wp-block-column is-layout-flow wp-block-column-is-layout-flow\">\n<figure class=\"wp-block-image size-full\"><img loading=\"lazy\" decoding=\"async\" width=\"800\" height=\"400\" src=\"https:\/\/lexify.io\/wp-content\/uploads\/2024\/04\/LEXIFY_02_02.jpg\" alt=\"\" class=\"wp-image-307\" srcset=\"https:\/\/lexify.io\/wp-content\/uploads\/2024\/04\/LEXIFY_02_02.jpg 800w, https:\/\/lexify.io\/wp-content\/uploads\/2024\/04\/LEXIFY_02_02-300x150.jpg 300w, https:\/\/lexify.io\/wp-content\/uploads\/2024\/04\/LEXIFY_02_02-768x384.jpg 768w\" sizes=\"auto, (max-width: 800px) 100vw, 800px\" \/><\/figure>\n\n\n\n<h2 class=\"wp-block-heading\">Sports \u00e9lectroniques<\/h2>\n\n\n\n<p>Les sports \u00e9lectroniques ont un \u00e9norme pouvoir d'attraction. De plus en plus d'entreprises sont actives dans ce domaine ou utilisent les eSports dans le cadre de leur sponsoring. Nous sommes heureux d'\u00eatre parmi les premiers \u00e0 fournir des services dans ce domaine.<\/p>\n<\/div>\n<\/div>\n<\/div>\n\n\n\n<div class=\"wp-block-group alignfull has-ast-global-color-4-background-color has-background is-layout-constrained wp-block-group-is-layout-constrained\">\n<div class=\"wp-block-columns is-layout-flex wp-container-core-columns-is-layout-28f84493 wp-block-columns-is-layout-flex\">\n<div class=\"wp-block-column is-layout-flow wp-block-column-is-layout-flow\">\n<figure class=\"wp-block-image size-full\"><img loading=\"lazy\" decoding=\"async\" width=\"800\" height=\"400\" src=\"https:\/\/lexify.io\/wp-content\/uploads\/2024\/04\/LEXIFY_02_03.jpg\" alt=\"\" class=\"wp-image-308\" srcset=\"https:\/\/lexify.io\/wp-content\/uploads\/2024\/04\/LEXIFY_02_03.jpg 800w, https:\/\/lexify.io\/wp-content\/uploads\/2024\/04\/LEXIFY_02_03-300x150.jpg 300w, https:\/\/lexify.io\/wp-content\/uploads\/2024\/04\/LEXIFY_02_03-768x384.jpg 768w\" sizes=\"auto, (max-width: 800px) 100vw, 800px\" \/><\/figure>\n\n\n\n<h2 class=\"wp-block-heading\">WEB 3.0<\/h2>\n\n\n\n<p>Le Web 3.0 aura le m\u00eame impact sur l'industrie financi\u00e8re que le Web 1.0 sur les m\u00e9dias et cr\u00e9era de nouveaux mod\u00e8les d'affaires comme le Web. 2.0 les a g\u00e9n\u00e9r\u00e9s avec les r\u00e9seaux sociaux.<\/p>\n<\/div>\n\n\n\n<div class=\"wp-block-column is-layout-flow wp-block-column-is-layout-flow\">\n<figure class=\"wp-block-image size-full\"><img loading=\"lazy\" decoding=\"async\" width=\"800\" height=\"400\" src=\"https:\/\/lexify.io\/wp-content\/uploads\/2024\/04\/LEXIFY_02_04.jpg\" alt=\"\" class=\"wp-image-309\" srcset=\"https:\/\/lexify.io\/wp-content\/uploads\/2024\/04\/LEXIFY_02_04.jpg 800w, https:\/\/lexify.io\/wp-content\/uploads\/2024\/04\/LEXIFY_02_04-300x150.jpg 300w, https:\/\/lexify.io\/wp-content\/uploads\/2024\/04\/LEXIFY_02_04-768x384.jpg 768w\" sizes=\"auto, (max-width: 800px) 100vw, 800px\" \/><\/figure>\n\n\n\n<h2 class=\"wp-block-heading\">NFT<\/h2>\n\n\n\n<p>Les NFT sont des actifs num\u00e9riques non fongibles qui se retrouveront bient\u00f4t dans le portefeuille de tous les consommateurs. La formule magique ? NFT+Web.30=Metaverse<\/p>\n<\/div>\n<\/div>\n<\/div>","protected":false},"excerpt":{"rendered":"<p>GAMING, METAVERSE, NFT AND WEB 3.0 Lexify specialises in Gaming and Metaverse [&hellip;]<\/p>","protected":false},"author":1,"featured_media":0,"parent":140,"menu_order":0,"comment_status":"closed","ping_status":"closed","template":"","meta":{"_acf_changed":false,"inline_featured_image":false,"_uag_custom_page_level_css":"","site-sidebar-layout":"default","site-content-layout":"","ast-site-content-layout":"default","site-content-style":"default","site-sidebar-style":"default","ast-global-header-display":"","ast-banner-title-visibility":"","ast-main-header-display":"","ast-hfb-above-header-display":"","ast-hfb-below-header-display":"","ast-hfb-mobile-header-display":"","site-post-title":"disabled","ast-breadcrumbs-content":"","ast-featured-img":"","footer-sml-layout":"","theme-transparent-header-meta":"","adv-header-id-meta":"","stick-header-meta":"","header-above-stick-meta":"","header-main-stick-meta":"","header-below-stick-meta":"","astra-migrate-meta-layouts":"default","ast-page-background-enabled":"default","ast-page-background-meta":{"desktop":{"background-color":"var(--ast-global-color-4)","background-image":"","background-repeat":"repeat","background-position":"center center","background-size":"auto","background-attachment":"scroll","background-type":"","background-media":"","overlay-type":"","overlay-color":"","overlay-opacity":"","overlay-gradient":""},"tablet":{"background-color":"","background-image":"","background-repeat":"repeat","background-position":"center center","background-size":"auto","background-attachment":"scroll","background-type":"","background-media":"","overlay-type":"","overlay-color":"","overlay-opacity":"","overlay-gradient":""},"mobile":{"background-color":"","background-image":"","background-repeat":"repeat","background-position":"center center","background-size":"auto","background-attachment":"scroll","background-type":"","background-media":"","overlay-type":"","overlay-color":"","overlay-opacity":"","overlay-gradient":""}},"ast-content-background-meta":{"desktop":{"background-color":"var(--ast-global-color-5)","background-image":"","background-repeat":"repeat","background-position":"center center","background-size":"auto","background-attachment":"scroll","background-type":"","background-media":"","overlay-type":"","overlay-color":"","overlay-opacity":"","overlay-gradient":""},"tablet":{"background-color":"var(--ast-global-color-5)","background-image":"","background-repeat":"repeat","background-position":"center center","background-size":"auto","background-attachment":"scroll","background-type":"","background-media":"","overlay-type":"","overlay-color":"","overlay-opacity":"","overlay-gradient":""},"mobile":{"background-color":"var(--ast-global-color-5)","background-image":"","background-repeat":"repeat","background-position":"center center","background-size":"auto","background-attachment":"scroll","background-type":"","background-media":"","overlay-type":"","overlay-color":"","overlay-opacity":"","overlay-gradient":""}},"footnotes":""},"class_list":["post-156","page","type-page","status-publish","hentry"],"acf":[],"yoast_head":"<!-- This site is optimized with the Yoast SEO plugin v25.5 - https:\/\/yoast.com\/wordpress\/plugins\/seo\/ -->\n<title>Gaming, Metaverse, NFT and Web 3.0 - Lexify<\/title>\n<meta name=\"robots\" content=\"index, follow, max-snippet:-1, max-image-preview:large, max-video-preview:-1\" \/>\n<link rel=\"canonical\" href=\"https:\/\/lexify.io\/fr\/nos-services\/gaming-metaverse-nft-and-web-3-0\/\" \/>\n<meta property=\"og:locale\" content=\"fr_FR\" \/>\n<meta property=\"og:type\" content=\"article\" \/>\n<meta property=\"og:title\" content=\"Gaming, Metaverse, NFT and Web 3.0 - Lexify\" \/>\n<meta property=\"og:description\" content=\"GAMING, METAVERSE, NFT AND WEB 3.0 Lexify specialises in Gaming and Metaverse [&hellip;]\" \/>\n<meta property=\"og:url\" content=\"https:\/\/lexify.io\/fr\/nos-services\/gaming-metaverse-nft-and-web-3-0\/\" \/>\n<meta property=\"og:site_name\" content=\"Lexify\" \/>\n<meta property=\"article:modified_time\" content=\"2025-03-21T15:03:52+00:00\" \/>\n<meta property=\"og:image\" content=\"https:\/\/lexify.io\/wp-content\/uploads\/2024\/04\/LEXIFY_02_01.jpg\" \/>\n\t<meta property=\"og:image:width\" content=\"800\" \/>\n\t<meta property=\"og:image:height\" content=\"400\" \/>\n\t<meta property=\"og:image:type\" content=\"image\/jpeg\" \/>\n<meta name=\"twitter:card\" content=\"summary_large_image\" \/>\n<meta name=\"twitter:label1\" content=\"Dur\u00e9e de lecture estim\u00e9e\" \/>\n\t<meta name=\"twitter:data1\" content=\"2 minutes\" \/>\n<script type=\"application\/ld+json\" class=\"yoast-schema-graph\">{\"@context\":\"https:\/\/schema.org\",\"@graph\":[{\"@type\":\"WebPage\",\"@id\":\"https:\/\/lexify.io\/our-services\/gaming-metaverse-nft-and-web-3-0\/\",\"url\":\"https:\/\/lexify.io\/our-services\/gaming-metaverse-nft-and-web-3-0\/\",\"name\":\"Gaming, Metaverse, NFT and Web 3.0 - Lexify\",\"isPartOf\":{\"@id\":\"https:\/\/lexify.io\/#website\"},\"primaryImageOfPage\":{\"@id\":\"https:\/\/lexify.io\/our-services\/gaming-metaverse-nft-and-web-3-0\/#primaryimage\"},\"image\":{\"@id\":\"https:\/\/lexify.io\/our-services\/gaming-metaverse-nft-and-web-3-0\/#primaryimage\"},\"thumbnailUrl\":\"https:\/\/lexify.io\/wp-content\/uploads\/2024\/04\/LEXIFY_02_01.jpg\",\"datePublished\":\"2024-04-29T13:41:57+00:00\",\"dateModified\":\"2025-03-21T15:03:52+00:00\",\"breadcrumb\":{\"@id\":\"https:\/\/lexify.io\/our-services\/gaming-metaverse-nft-and-web-3-0\/#breadcrumb\"},\"inLanguage\":\"fr-FR\",\"potentialAction\":[{\"@type\":\"ReadAction\",\"target\":[\"https:\/\/lexify.io\/our-services\/gaming-metaverse-nft-and-web-3-0\/\"]}]},{\"@type\":\"ImageObject\",\"inLanguage\":\"fr-FR\",\"@id\":\"https:\/\/lexify.io\/our-services\/gaming-metaverse-nft-and-web-3-0\/#primaryimage\",\"url\":\"https:\/\/lexify.io\/wp-content\/uploads\/2024\/04\/LEXIFY_02_01.jpg\",\"contentUrl\":\"https:\/\/lexify.io\/wp-content\/uploads\/2024\/04\/LEXIFY_02_01.jpg\"},{\"@type\":\"BreadcrumbList\",\"@id\":\"https:\/\/lexify.io\/our-services\/gaming-metaverse-nft-and-web-3-0\/#breadcrumb\",\"itemListElement\":[{\"@type\":\"ListItem\",\"position\":1,\"name\":\"Home\",\"item\":\"https:\/\/lexify.io\/\"},{\"@type\":\"ListItem\",\"position\":2,\"name\":\"Our Services\",\"item\":\"https:\/\/lexify.io\/our-services\/\"},{\"@type\":\"ListItem\",\"position\":3,\"name\":\"Gaming, Metaverse, NFT and Web 3.0\"}]},{\"@type\":\"WebSite\",\"@id\":\"https:\/\/lexify.io\/#website\",\"url\":\"https:\/\/lexify.io\/\",\"name\":\"Lexify\",\"description\":\"\",\"publisher\":{\"@id\":\"https:\/\/lexify.io\/#organization\"},\"potentialAction\":[{\"@type\":\"SearchAction\",\"target\":{\"@type\":\"EntryPoint\",\"urlTemplate\":\"https:\/\/lexify.io\/?s={search_term_string}\"},\"query-input\":{\"@type\":\"PropertyValueSpecification\",\"valueRequired\":true,\"valueName\":\"search_term_string\"}}],\"inLanguage\":\"fr-FR\"},{\"@type\":\"Organization\",\"@id\":\"https:\/\/lexify.io\/#organization\",\"name\":\"Lexify\",\"url\":\"https:\/\/lexify.io\/\",\"logo\":{\"@type\":\"ImageObject\",\"inLanguage\":\"fr-FR\",\"@id\":\"https:\/\/lexify.io\/#\/schema\/logo\/image\/\",\"url\":\"https:\/\/lexify.io\/wp-content\/uploads\/2024\/05\/Lexify_logo-1.png\",\"contentUrl\":\"https:\/\/lexify.io\/wp-content\/uploads\/2024\/05\/Lexify_logo-1.png\",\"width\":730,\"height\":230,\"caption\":\"Lexify\"},\"image\":{\"@id\":\"https:\/\/lexify.io\/#\/schema\/logo\/image\/\"}}]}<\/script>\n<!-- \/ Yoast SEO plugin. -->","yoast_head_json":{"title":"Gaming, Metaverse, NFT and Web 3.0 - Lexify","robots":{"index":"index","follow":"follow","max-snippet":"max-snippet:-1","max-image-preview":"max-image-preview:large","max-video-preview":"max-video-preview:-1"},"canonical":"https:\/\/lexify.io\/fr\/nos-services\/gaming-metaverse-nft-and-web-3-0\/","og_locale":"fr_FR","og_type":"article","og_title":"Gaming, Metaverse, NFT and Web 3.0 - Lexify","og_description":"GAMING, METAVERSE, NFT AND WEB 3.0 Lexify specialises in Gaming and Metaverse [&hellip;]","og_url":"https:\/\/lexify.io\/fr\/nos-services\/gaming-metaverse-nft-and-web-3-0\/","og_site_name":"Lexify","article_modified_time":"2025-03-21T15:03:52+00:00","og_image":[{"width":800,"height":400,"url":"https:\/\/lexify.io\/wp-content\/uploads\/2024\/04\/LEXIFY_02_01.jpg","type":"image\/jpeg"}],"twitter_card":"summary_large_image","twitter_misc":{"Dur\u00e9e de lecture estim\u00e9e":"2 minutes"},"schema":{"@context":"https:\/\/schema.org","@graph":[{"@type":"WebPage","@id":"https:\/\/lexify.io\/our-services\/gaming-metaverse-nft-and-web-3-0\/","url":"https:\/\/lexify.io\/our-services\/gaming-metaverse-nft-and-web-3-0\/","name":"Gaming, Metaverse, NFT and Web 3.0 - Lexify","isPartOf":{"@id":"https:\/\/lexify.io\/#website"},"primaryImageOfPage":{"@id":"https:\/\/lexify.io\/our-services\/gaming-metaverse-nft-and-web-3-0\/#primaryimage"},"image":{"@id":"https:\/\/lexify.io\/our-services\/gaming-metaverse-nft-and-web-3-0\/#primaryimage"},"thumbnailUrl":"https:\/\/lexify.io\/wp-content\/uploads\/2024\/04\/LEXIFY_02_01.jpg","datePublished":"2024-04-29T13:41:57+00:00","dateModified":"2025-03-21T15:03:52+00:00","breadcrumb":{"@id":"https:\/\/lexify.io\/our-services\/gaming-metaverse-nft-and-web-3-0\/#breadcrumb"},"inLanguage":"fr-FR","potentialAction":[{"@type":"ReadAction","target":["https:\/\/lexify.io\/our-services\/gaming-metaverse-nft-and-web-3-0\/"]}]},{"@type":"ImageObject","inLanguage":"fr-FR","@id":"https:\/\/lexify.io\/our-services\/gaming-metaverse-nft-and-web-3-0\/#primaryimage","url":"https:\/\/lexify.io\/wp-content\/uploads\/2024\/04\/LEXIFY_02_01.jpg","contentUrl":"https:\/\/lexify.io\/wp-content\/uploads\/2024\/04\/LEXIFY_02_01.jpg"},{"@type":"BreadcrumbList","@id":"https:\/\/lexify.io\/our-services\/gaming-metaverse-nft-and-web-3-0\/#breadcrumb","itemListElement":[{"@type":"ListItem","position":1,"name":"Home","item":"https:\/\/lexify.io\/"},{"@type":"ListItem","position":2,"name":"Our Services","item":"https:\/\/lexify.io\/our-services\/"},{"@type":"ListItem","position":3,"name":"Gaming, Metaverse, NFT and Web 3.0"}]},{"@type":"WebSite","@id":"https:\/\/lexify.io\/#website","url":"https:\/\/lexify.io\/","name":"Lexify","description":"","publisher":{"@id":"https:\/\/lexify.io\/#organization"},"potentialAction":[{"@type":"SearchAction","target":{"@type":"EntryPoint","urlTemplate":"https:\/\/lexify.io\/?s={search_term_string}"},"query-input":{"@type":"PropertyValueSpecification","valueRequired":true,"valueName":"search_term_string"}}],"inLanguage":"fr-FR"},{"@type":"Organization","@id":"https:\/\/lexify.io\/#organization","name":"Lexify","url":"https:\/\/lexify.io\/","logo":{"@type":"ImageObject","inLanguage":"fr-FR","@id":"https:\/\/lexify.io\/#\/schema\/logo\/image\/","url":"https:\/\/lexify.io\/wp-content\/uploads\/2024\/05\/Lexify_logo-1.png","contentUrl":"https:\/\/lexify.io\/wp-content\/uploads\/2024\/05\/Lexify_logo-1.png","width":730,"height":230,"caption":"Lexify"},"image":{"@id":"https:\/\/lexify.io\/#\/schema\/logo\/image\/"}}]}},"uagb_featured_image_src":{"full":false,"thumbnail":false,"medium":false,"medium_large":false,"large":false,"1536x1536":false,"2048x2048":false,"trp-custom-language-flag":false},"uagb_author_info":{"display_name":"admin","author_link":"https:\/\/lexify.io\/fr\/author\/nextadmin\/"},"uagb_comment_info":0,"uagb_excerpt":"GAMING, METAVERSE, NFT AND WEB 3.0 Lexify specialises in Gaming and Metaverse [&hellip;]","_links":{"self":[{"href":"https:\/\/lexify.io\/fr\/wp-json\/wp\/v2\/pages\/156","targetHints":{"allow":["GET"]}}],"collection":[{"href":"https:\/\/lexify.io\/fr\/wp-json\/wp\/v2\/pages"}],"about":[{"href":"https:\/\/lexify.io\/fr\/wp-json\/wp\/v2\/types\/page"}],"author":[{"embeddable":true,"href":"https:\/\/lexify.io\/fr\/wp-json\/wp\/v2\/users\/1"}],"replies":[{"embeddable":true,"href":"https:\/\/lexify.io\/fr\/wp-json\/wp\/v2\/comments?post=156"}],"version-history":[{"count":0,"href":"https:\/\/lexify.io\/fr\/wp-json\/wp\/v2\/pages\/156\/revisions"}],"up":[{"embeddable":true,"href":"https:\/\/lexify.io\/fr\/wp-json\/wp\/v2\/pages\/140"}],"wp:attachment":[{"href":"https:\/\/lexify.io\/fr\/wp-json\/wp\/v2\/media?parent=156"}],"curies":[{"name":"wp","href":"https:\/\/api.w.org\/{rel}","templated":true}]}}