{"id":1367,"date":"2024-12-18T00:32:33","date_gmt":"2024-12-18T00:32:33","guid":{"rendered":"https:\/\/lexify.io\/?page_id=1367"},"modified":"2025-03-21T15:03:49","modified_gmt":"2025-03-21T15:03:49","slug":"barbara-ricci-poretti","status":"publish","type":"page","link":"https:\/\/lexify.io\/fr\/a-propos-de-nous\/barbara-ricci-poretti\/","title":{"rendered":"Barbara Ricci Poretti"},"content":{"rendered":"<section class=\"wp-block-uagb-container uagb-block-2b392dd0 alignfull uagb-is-root-container\">\n<div data-aos= \"fade-up\" data-aos-duration=\"400\" data-aos-delay=\"0\" data-aos-easing=\"ease\" data-aos-once=\"true\" class=\"wp-block-uagb-container uagb-block-27c06a0b alignfull uagb-is-root-container\"><div class=\"uagb-container-inner-blocks-wrap\">\n<div data-aos= \"fade-up\" data-aos-duration=\"400\" data-aos-delay=\"0\" data-aos-easing=\"ease\" data-aos-once=\"true\" class=\"wp-block-uagb-container uagb-block-73d5575d\">\n<div class=\"wp-block-uagb-container uagb-block-591b0773\">\n<div class=\"wp-block-uagb-container dm-tag uagb-block-c7073af6\">\n<div class=\"wp-block-uagb-image uagb-block-95ebd677 wp-block-uagb-image--layout-default wp-block-uagb-image--effect-static wp-block-uagb-image--align-none hover-opacity-image\"><figure class=\"wp-block-uagb-image__figure\"><img decoding=\"async\" srcset=\"https:\/\/lexify.io\/wp-content\/uploads\/2024\/12\/barbara-a1-min.png ,https:\/\/lexify.io\/wp-content\/uploads\/2024\/12\/barbara-a1-min.png 780w, https:\/\/lexify.io\/wp-content\/uploads\/2024\/12\/barbara-a1-min.png 360w\" sizes=\"auto, (max-width: 480px) 150px\" src=\"https:\/\/lexify.io\/wp-content\/uploads\/2024\/12\/barbara-a1-min.png\" alt=\"\" class=\"uag-image-1369\" width=\"951\" height=\"1024\" title=\"barbara-a1-min\" loading=\"lazy\" role=\"img\"\/><\/figure><\/div>\n<\/div>\n<\/div>\n\n\n\n<div class=\"wp-block-uagb-container uagb-block-7d55470a\">\n<div class=\"wp-block-uagb-container uagb-block-351f9715\">\n<div class=\"wp-block-uagb-advanced-heading uagb-block-17f9bf3a\"><h1 class=\"uagb-heading-text\">Barbara Ricci Poretti<\/h1><\/div>\n\n\n\n<p style=\"margin-top:0;margin-right:0;margin-bottom:0;margin-left:0;padding-top:0;padding-right:0;padding-bottom:0;padding-left:0;font-size:16px;line-height:2\">Barbara Ricci Poretti poss\u00e8de 15 ans d'exp\u00e9rience en Risk Management dans trois banques de tailles diff\u00e9rentes (\u00e0 l\u2019\u00e9chelle internationale et nationale), o\u00f9 elle s\u2019est principalement occup\u00e9e du Market Risk. Elle dispose de 10 ans d'exp\u00e9rience en tant que Project Manager et Operational Risk Manager, ayant \u00e9galement occup\u00e9 le poste d\u2019adjointe du Business Information Security Officer dans la division Banking Operation aupr\u00e8s d\u2019un grand prestataire informatique en Suisse. Elle a acquis plusieurs ann\u00e9es d\u2019exp\u00e9rience en tant que Risk et Compliance Officer, travaillant comme consultante externe aupr\u00e8s de gestionnaires de fortune, Family Office, Fintech ainsi qu\u2019aupr\u00e8s d\u2019une banque au Tessin. Elle a souvent particip\u00e9 \u00e0 la mise en place de nouveaux logiciels et \u00e0 l\u2019adaptation aux nouvelles r\u00e9glementations.<\/p>\n<\/div>\n\n\n\n<div class=\"wp-block-uagb-container uagb-block-ed862b86\">\n<div class=\"wp-block-uagb-advanced-heading uagb-block-83bb4445\"><h3 class=\"uagb-heading-text\">Contact<\/h3><\/div>\n\n\n\n<div class=\"wp-block-uagb-container uagb-block-a7c48d03\">\n<div data-aos= \"fade-up\" data-aos-duration=\"400\" data-aos-delay=\"0\" data-aos-easing=\"ease\" data-aos-once=\"true\" class=\"wp-block-uagb-buttons uagb-buttons__outer-wrap uagb-btn__default-btn uagb-btn-tablet__default-btn uagb-btn-mobile__default-btn uagb-block-0a005f7f\"><div class=\"uagb-buttons__wrap uagb-buttons-layout-wrap\">\n<div data-aos= \"fade-up\" data-aos-duration=\"400\" data-aos-delay=\"0\" data-aos-easing=\"ease\" data-aos-once=\"true\" class=\"wp-block-uagb-buttons-child uagb-buttons__outer-wrap uagb-block-a77fe9fb wp-block-button\"><div class=\"uagb-button__wrapper\"><a class=\"uagb-buttons-repeater wp-block-button__link\" aria-label=\"\" href=\"tel:41766794725\" rel=\"follow noopener\" target=\"_self\" role=\"button\"><span class=\"uagb-button__icon uagb-button__icon-position-before\"><svg xmlns=\"https:\/\/www.w3.org\/2000\/svg\" viewbox=\"0 0 512 512\" aria-hidden=\"true\" focussable=\"false\"><path d=\"M511.2 387l-23.25 100.8c-3.266 14.25-15.79 24.22-30.46 24.22C205.2 512 0 306.8 0 54.5c0-14.66 9.969-27.2 24.22-30.45l100.8-23.25C139.7-2.602 154.7 5.018 160.8 18.92l46.52 108.5c5.438 12.78 1.77 27.67-8.98 36.45L144.5 207.1c33.98 69.22 90.26 125.5 159.5 159.5l44.08-53.8c8.688-10.78 23.69-14.51 36.47-8.975l108.5 46.51C506.1 357.2 514.6 372.4 511.2 387z\"><\/path><\/svg><\/span><div class=\"uagb-button__link\">+41 76 679 47 25<\/div><\/a><\/div><\/div>\n<\/div><\/div>\n\n\n\n<div data-aos= \"fade-up\" data-aos-duration=\"400\" data-aos-delay=\"0\" data-aos-easing=\"ease\" data-aos-once=\"true\" class=\"wp-block-uagb-buttons uagb-buttons__outer-wrap uagb-btn__default-btn uagb-btn-tablet__default-btn uagb-btn-mobile__default-btn uagb-block-82799e90\"><div class=\"uagb-buttons__wrap uagb-buttons-layout-wrap\">\n<div data-aos= \"fade-up\" data-aos-duration=\"400\" data-aos-delay=\"0\" data-aos-easing=\"ease\" data-aos-once=\"true\" class=\"wp-block-uagb-buttons-child uagb-buttons__outer-wrap uagb-block-41f39bbf wp-block-button\"><div class=\"uagb-button__wrapper\"><a class=\"uagb-buttons-repeater wp-block-button__link\" aria-label=\"\" href=\"mailto:lars.schlichting@lexify.io\" rel=\"follow noopener\" target=\"_self\" role=\"button\"><span class=\"uagb-button__icon uagb-button__icon-position-before\"><svg xmlns=\"https:\/\/www.w3.org\/2000\/svg\" viewbox=\"0 0 512 512\" aria-hidden=\"true\" focussable=\"false\"><path d=\"M464 64C490.5 64 512 85.49 512 112C512 127.1 504.9 141.3 492.8 150.4L275.2 313.6C263.8 322.1 248.2 322.1 236.8 313.6L19.2 150.4C7.113 141.3 0 127.1 0 112C0 85.49 21.49 64 48 64H464zM217.6 339.2C240.4 356.3 271.6 356.3 294.4 339.2L512 176V384C512 419.3 483.3 448 448 448H64C28.65 448 0 419.3 0 384V176L217.6 339.2z\"><\/path><\/svg><\/span><div class=\"uagb-button__link\">barbara.ricci-poretti@lexify.io<\/div><\/a><\/div><\/div>\n<\/div><\/div>\n<\/div>\n<\/div>\n<\/div>\n<\/div>\n<\/div><\/div>\n<\/section>\n\n\n\n<section class=\"wp-block-uagb-container uagb-block-d1737136 alignfull uagb-is-root-container\">\n<div class=\"wp-block-uagb-container uagb-block-56d6c052 alignfull uagb-is-root-container\"><div class=\"uagb-container-inner-blocks-wrap\">\n<div data-aos= \"fade\" data-aos-duration=\"400\" data-aos-delay=\"0\" data-aos-easing=\"ease\" data-aos-once=\"true\" class=\"wp-block-uagb-container uagb-block-61e4cd82\">\n<div class=\"wp-block-uagb-advanced-heading uagb-block-788c281b\"><h2 class=\"uagb-heading-text\">Int\u00e9ress\u00e9 \u00e0 travailler avec nous?<\/h2><\/div>\n\n\n\n<p class=\"has-text-align-center has-ast-global-color-2-color has-text-color has-link-color wp-elements-ad4c21a3c34ca05b7aa30da78dbbc726\">Des experts en actifs num\u00e9riques et en services bancaires offrant une perspective nouvelle sur votre entreprise. Planifiez une consultation d\u00e8s aujourd'hui.<\/p>\n\n\n\n<div class=\"wp-block-uagb-buttons uagb-buttons__outer-wrap uagb-btn__default-btn uagb-btn-tablet__default-btn uagb-btn-mobile__default-btn uagb-block-1b3c481c\"><div class=\"uagb-buttons__wrap uagb-buttons-layout-wrap\">\n<div data-aos= \"fade-up\" data-aos-duration=\"400\" data-aos-delay=\"0\" data-aos-easing=\"ease\" data-aos-once=\"true\" class=\"wp-block-uagb-buttons-child uagb-buttons__outer-wrap uagb-block-7e35fa07 wp-block-button\"><div class=\"uagb-button__wrapper\"><a class=\"uagb-buttons-repeater wp-block-button__link\" aria-label=\"\" href=\"https:\/\/calendly.com\/lexifybooking\/\" rel=\"follow noopener\" target=\"_self\" role=\"button\"><div class=\"uagb-button__link\">Rendez-vous<\/div><\/a><\/div><\/div>\n<\/div><\/div>\n<\/div>\n<\/div><\/div>\n<\/section>","protected":false},"excerpt":{"rendered":"<p>Barbara Ricci Poretti Barbara Ricci Poretti has 15 years of experience in [&hellip;]<\/p>","protected":false},"author":1,"featured_media":0,"parent":117,"menu_order":0,"comment_status":"closed","ping_status":"closed","template":"","meta":{"_acf_changed":false,"inline_featured_image":false,"_uag_custom_page_level_css":"","site-sidebar-layout":"default","site-content-layout":"","ast-site-content-layout":"","site-content-style":"default","site-sidebar-style":"default","ast-global-header-display":"","ast-banner-title-visibility":"","ast-main-header-display":"","ast-hfb-above-header-display":"","ast-hfb-below-header-display":"","ast-hfb-mobile-header-display":"","site-post-title":"disabled","ast-breadcrumbs-content":"","ast-featured-img":"","footer-sml-layout":"","theme-transparent-header-meta":"","adv-header-id-meta":"","stick-header-meta":"","header-above-stick-meta":"","header-main-stick-meta":"","header-below-stick-meta":"","astra-migrate-meta-layouts":"default","ast-page-background-enabled":"default","ast-page-background-meta":{"desktop":{"background-color":"var(--ast-global-color-4)","background-image":"","background-repeat":"repeat","background-position":"center center","background-size":"auto","background-attachment":"scroll","background-type":"","background-media":"","overlay-type":"","overlay-color":"","overlay-opacity":"","overlay-gradient":""},"tablet":{"background-color":"","background-image":"","background-repeat":"repeat","background-position":"center center","background-size":"auto","background-attachment":"scroll","background-type":"","background-media":"","overlay-type":"","overlay-color":"","overlay-opacity":"","overlay-gradient":""},"mobile":{"background-color":"","background-image":"","background-repeat":"repeat","background-position":"center center","background-size":"auto","background-attachment":"scroll","background-type":"","background-media":"","overlay-type":"","overlay-color":"","overlay-opacity":"","overlay-gradient":""}},"ast-content-background-meta":{"desktop":{"background-color":"var(--ast-global-color-5)","background-image":"","background-repeat":"repeat","background-position":"center center","background-size":"auto","background-attachment":"scroll","background-type":"","background-media":"","overlay-type":"","overlay-color":"","overlay-opacity":"","overlay-gradient":""},"tablet":{"background-color":"var(--ast-global-color-5)","background-image":"","background-repeat":"repeat","background-position":"center center","background-size":"auto","background-attachment":"scroll","background-type":"","background-media":"","overlay-type":"","overlay-color":"","overlay-opacity":"","overlay-gradient":""},"mobile":{"background-color":"var(--ast-global-color-5)","background-image":"","background-repeat":"repeat","background-position":"center center","background-size":"auto","background-attachment":"scroll","background-type":"","background-media":"","overlay-type":"","overlay-color":"","overlay-opacity":"","overlay-gradient":""}},"footnotes":""},"class_list":["post-1367","page","type-page","status-publish","hentry"],"acf":[],"yoast_head":"<!-- This site is optimized with the Yoast SEO plugin v25.5 - https:\/\/yoast.com\/wordpress\/plugins\/seo\/ -->\n<title>Barbara Ricci Poretti - Lexify<\/title>\n<meta name=\"robots\" content=\"index, follow, max-snippet:-1, max-image-preview:large, max-video-preview:-1\" \/>\n<link rel=\"canonical\" href=\"https:\/\/lexify.io\/fr\/a-propos-de-nous\/barbara-ricci-poretti\/\" \/>\n<meta property=\"og:locale\" content=\"fr_FR\" \/>\n<meta property=\"og:type\" content=\"article\" \/>\n<meta property=\"og:title\" content=\"Barbara Ricci Poretti - Lexify\" \/>\n<meta property=\"og:description\" content=\"Barbara Ricci Poretti Barbara Ricci Poretti has 15 years of experience in [&hellip;]\" \/>\n<meta property=\"og:url\" content=\"https:\/\/lexify.io\/fr\/a-propos-de-nous\/barbara-ricci-poretti\/\" \/>\n<meta property=\"og:site_name\" content=\"Lexify\" \/>\n<meta property=\"article:modified_time\" content=\"2025-03-21T15:03:49+00:00\" \/>\n<meta property=\"og:image\" content=\"https:\/\/lexify.io\/wp-content\/uploads\/2024\/12\/barbara-a1-min.png\" \/>\n<meta name=\"twitter:card\" content=\"summary_large_image\" \/>\n<meta name=\"twitter:label1\" content=\"Dur\u00e9e de lecture estim\u00e9e\" \/>\n\t<meta name=\"twitter:data1\" content=\"1 minute\" \/>\n<script type=\"application\/ld+json\" class=\"yoast-schema-graph\">{\"@context\":\"https:\/\/schema.org\",\"@graph\":[{\"@type\":\"WebPage\",\"@id\":\"https:\/\/lexify.io\/about-us\/barbara-ricci-poretti\/\",\"url\":\"https:\/\/lexify.io\/about-us\/barbara-ricci-poretti\/\",\"name\":\"Barbara Ricci Poretti - Lexify\",\"isPartOf\":{\"@id\":\"https:\/\/lexify.io\/#website\"},\"primaryImageOfPage\":{\"@id\":\"https:\/\/lexify.io\/about-us\/barbara-ricci-poretti\/#primaryimage\"},\"image\":{\"@id\":\"https:\/\/lexify.io\/about-us\/barbara-ricci-poretti\/#primaryimage\"},\"thumbnailUrl\":\"https:\/\/lexify.io\/wp-content\/uploads\/2024\/12\/barbara-a1-min.png\",\"datePublished\":\"2024-12-18T00:32:33+00:00\",\"dateModified\":\"2025-03-21T15:03:49+00:00\",\"breadcrumb\":{\"@id\":\"https:\/\/lexify.io\/about-us\/barbara-ricci-poretti\/#breadcrumb\"},\"inLanguage\":\"fr-FR\",\"potentialAction\":[{\"@type\":\"ReadAction\",\"target\":[\"https:\/\/lexify.io\/about-us\/barbara-ricci-poretti\/\"]}]},{\"@type\":\"ImageObject\",\"inLanguage\":\"fr-FR\",\"@id\":\"https:\/\/lexify.io\/about-us\/barbara-ricci-poretti\/#primaryimage\",\"url\":\"https:\/\/lexify.io\/wp-content\/uploads\/2024\/12\/barbara-a1-min.png\",\"contentUrl\":\"https:\/\/lexify.io\/wp-content\/uploads\/2024\/12\/barbara-a1-min.png\"},{\"@type\":\"BreadcrumbList\",\"@id\":\"https:\/\/lexify.io\/about-us\/barbara-ricci-poretti\/#breadcrumb\",\"itemListElement\":[{\"@type\":\"ListItem\",\"position\":1,\"name\":\"Home\",\"item\":\"https:\/\/lexify.io\/\"},{\"@type\":\"ListItem\",\"position\":2,\"name\":\"About Us\",\"item\":\"https:\/\/lexify.io\/about-us\/\"},{\"@type\":\"ListItem\",\"position\":3,\"name\":\"Barbara Ricci Poretti\"}]},{\"@type\":\"WebSite\",\"@id\":\"https:\/\/lexify.io\/#website\",\"url\":\"https:\/\/lexify.io\/\",\"name\":\"Lexify\",\"description\":\"\",\"publisher\":{\"@id\":\"https:\/\/lexify.io\/#organization\"},\"potentialAction\":[{\"@type\":\"SearchAction\",\"target\":{\"@type\":\"EntryPoint\",\"urlTemplate\":\"https:\/\/lexify.io\/?s={search_term_string}\"},\"query-input\":{\"@type\":\"PropertyValueSpecification\",\"valueRequired\":true,\"valueName\":\"search_term_string\"}}],\"inLanguage\":\"fr-FR\"},{\"@type\":\"Organization\",\"@id\":\"https:\/\/lexify.io\/#organization\",\"name\":\"Lexify\",\"url\":\"https:\/\/lexify.io\/\",\"logo\":{\"@type\":\"ImageObject\",\"inLanguage\":\"fr-FR\",\"@id\":\"https:\/\/lexify.io\/#\/schema\/logo\/image\/\",\"url\":\"https:\/\/lexify.io\/wp-content\/uploads\/2024\/05\/Lexify_logo-1.png\",\"contentUrl\":\"https:\/\/lexify.io\/wp-content\/uploads\/2024\/05\/Lexify_logo-1.png\",\"width\":730,\"height\":230,\"caption\":\"Lexify\"},\"image\":{\"@id\":\"https:\/\/lexify.io\/#\/schema\/logo\/image\/\"}}]}<\/script>\n<!-- \/ Yoast SEO plugin. -->","yoast_head_json":{"title":"Barbara Ricci Poretti - Lexify","robots":{"index":"index","follow":"follow","max-snippet":"max-snippet:-1","max-image-preview":"max-image-preview:large","max-video-preview":"max-video-preview:-1"},"canonical":"https:\/\/lexify.io\/fr\/a-propos-de-nous\/barbara-ricci-poretti\/","og_locale":"fr_FR","og_type":"article","og_title":"Barbara Ricci Poretti - Lexify","og_description":"Barbara Ricci Poretti Barbara Ricci Poretti has 15 years of experience in [&hellip;]","og_url":"https:\/\/lexify.io\/fr\/a-propos-de-nous\/barbara-ricci-poretti\/","og_site_name":"Lexify","article_modified_time":"2025-03-21T15:03:49+00:00","og_image":[{"url":"https:\/\/lexify.io\/wp-content\/uploads\/2024\/12\/barbara-a1-min.png","type":"","width":"","height":""}],"twitter_card":"summary_large_image","twitter_misc":{"Dur\u00e9e de lecture estim\u00e9e":"1 minute"},"schema":{"@context":"https:\/\/schema.org","@graph":[{"@type":"WebPage","@id":"https:\/\/lexify.io\/about-us\/barbara-ricci-poretti\/","url":"https:\/\/lexify.io\/about-us\/barbara-ricci-poretti\/","name":"Barbara Ricci Poretti - Lexify","isPartOf":{"@id":"https:\/\/lexify.io\/#website"},"primaryImageOfPage":{"@id":"https:\/\/lexify.io\/about-us\/barbara-ricci-poretti\/#primaryimage"},"image":{"@id":"https:\/\/lexify.io\/about-us\/barbara-ricci-poretti\/#primaryimage"},"thumbnailUrl":"https:\/\/lexify.io\/wp-content\/uploads\/2024\/12\/barbara-a1-min.png","datePublished":"2024-12-18T00:32:33+00:00","dateModified":"2025-03-21T15:03:49+00:00","breadcrumb":{"@id":"https:\/\/lexify.io\/about-us\/barbara-ricci-poretti\/#breadcrumb"},"inLanguage":"fr-FR","potentialAction":[{"@type":"ReadAction","target":["https:\/\/lexify.io\/about-us\/barbara-ricci-poretti\/"]}]},{"@type":"ImageObject","inLanguage":"fr-FR","@id":"https:\/\/lexify.io\/about-us\/barbara-ricci-poretti\/#primaryimage","url":"https:\/\/lexify.io\/wp-content\/uploads\/2024\/12\/barbara-a1-min.png","contentUrl":"https:\/\/lexify.io\/wp-content\/uploads\/2024\/12\/barbara-a1-min.png"},{"@type":"BreadcrumbList","@id":"https:\/\/lexify.io\/about-us\/barbara-ricci-poretti\/#breadcrumb","itemListElement":[{"@type":"ListItem","position":1,"name":"Home","item":"https:\/\/lexify.io\/"},{"@type":"ListItem","position":2,"name":"About Us","item":"https:\/\/lexify.io\/about-us\/"},{"@type":"ListItem","position":3,"name":"Barbara Ricci Poretti"}]},{"@type":"WebSite","@id":"https:\/\/lexify.io\/#website","url":"https:\/\/lexify.io\/","name":"Lexify","description":"","publisher":{"@id":"https:\/\/lexify.io\/#organization"},"potentialAction":[{"@type":"SearchAction","target":{"@type":"EntryPoint","urlTemplate":"https:\/\/lexify.io\/?s={search_term_string}"},"query-input":{"@type":"PropertyValueSpecification","valueRequired":true,"valueName":"search_term_string"}}],"inLanguage":"fr-FR"},{"@type":"Organization","@id":"https:\/\/lexify.io\/#organization","name":"Lexify","url":"https:\/\/lexify.io\/","logo":{"@type":"ImageObject","inLanguage":"fr-FR","@id":"https:\/\/lexify.io\/#\/schema\/logo\/image\/","url":"https:\/\/lexify.io\/wp-content\/uploads\/2024\/05\/Lexify_logo-1.png","contentUrl":"https:\/\/lexify.io\/wp-content\/uploads\/2024\/05\/Lexify_logo-1.png","width":730,"height":230,"caption":"Lexify"},"image":{"@id":"https:\/\/lexify.io\/#\/schema\/logo\/image\/"}}]}},"uagb_featured_image_src":{"full":false,"thumbnail":false,"medium":false,"medium_large":false,"large":false,"1536x1536":false,"2048x2048":false,"trp-custom-language-flag":false},"uagb_author_info":{"display_name":"admin","author_link":"https:\/\/lexify.io\/fr\/author\/nextadmin\/"},"uagb_comment_info":0,"uagb_excerpt":"Barbara Ricci Poretti Barbara Ricci Poretti has 15 years of experience in [&hellip;]","_links":{"self":[{"href":"https:\/\/lexify.io\/fr\/wp-json\/wp\/v2\/pages\/1367","targetHints":{"allow":["GET"]}}],"collection":[{"href":"https:\/\/lexify.io\/fr\/wp-json\/wp\/v2\/pages"}],"about":[{"href":"https:\/\/lexify.io\/fr\/wp-json\/wp\/v2\/types\/page"}],"author":[{"embeddable":true,"href":"https:\/\/lexify.io\/fr\/wp-json\/wp\/v2\/users\/1"}],"replies":[{"embeddable":true,"href":"https:\/\/lexify.io\/fr\/wp-json\/wp\/v2\/comments?post=1367"}],"version-history":[{"count":0,"href":"https:\/\/lexify.io\/fr\/wp-json\/wp\/v2\/pages\/1367\/revisions"}],"up":[{"embeddable":true,"href":"https:\/\/lexify.io\/fr\/wp-json\/wp\/v2\/pages\/117"}],"wp:attachment":[{"href":"https:\/\/lexify.io\/fr\/wp-json\/wp\/v2\/media?parent=1367"}],"curies":[{"name":"wp","href":"https:\/\/api.w.org\/{rel}","templated":true}]}}