{"id":270,"date":"2024-04-30T16:30:06","date_gmt":"2024-04-30T14:30:06","guid":{"rendered":"https:\/\/lexify.nextindustry.net\/?page_id=270"},"modified":"2025-03-21T15:03:52","modified_gmt":"2025-03-21T15:03:52","slug":"crypto-and-blockchain-consultancy","status":"publish","type":"page","link":"https:\/\/lexify.io\/de\/unsere-dienstleistungen\/crypto-and-blockchain-consultancy\/","title":{"rendered":"Crypto and Blockchain consultancy"},"content":{"rendered":"<div class=\"wp-block-group alignfull banner-section is-layout-constrained wp-container-core-group-is-layout-72190d31 wp-block-group-is-layout-constrained has-background\" style=\"margin-top:0;margin-bottom:0;padding-top:0;padding-right:0;padding-bottom:0;padding-left:0;background-image:url(&apos;https:\/\/lexify.io\/wp-content\/uploads\/2024\/04\/crypto_blockchain_tech.jpg&apos;);background-size:cover;\">\n<div style=\"height:20.8vw\" aria-hidden=\"true\" class=\"wp-block-spacer\"><\/div>\n<\/div>\n\n\n\n<div class=\"wp-block-group alignfull has-ast-global-color-0-background-color has-background is-layout-constrained wp-block-group-is-layout-constrained\" style=\"padding-top:var(--wp--preset--spacing--70);padding-bottom:var(--wp--preset--spacing--70)\">\n<h1 class=\"wp-block-heading has-text-align-left has-ast-global-color-5-color has-text-color has-link-color wp-elements-70348e253e4ef520180f5ead2e185361\">Beratung zu Kryptow\u00e4hrungen und Blockchain<\/h1>\n\n\n\n<p class=\"has-text-align-left has-ast-global-color-5-color has-text-color has-link-color wp-elements-68ad045229e4d5baef26a96cb716f15e translation-block\" style=\"padding-top:0;padding-bottom:0;font-size:25px;line-height:1.5\">Lexify ist eine <strong>Krypto- und Blockchain-Beratung<\/strong> mit Sitz in Lugano, Schweiz.<br> Wir beraten zu den Themen Tokenisierung von Verm\u00f6genswerten, Token-Angebot, Blockchain, digitale Verm\u00f6genswerte.<\/p>\n<\/div>\n\n\n\n<div class=\"wp-block-group alignfull is-layout-constrained wp-block-group-is-layout-constrained\">\n<div class=\"wp-block-columns is-layout-flex wp-container-core-columns-is-layout-28f84493 wp-block-columns-is-layout-flex\">\n<div class=\"wp-block-column is-layout-flow wp-block-column-is-layout-flow\">\n<figure class=\"wp-block-image size-full\"><img loading=\"lazy\" decoding=\"async\" width=\"800\" height=\"400\" src=\"https:\/\/lexify.io\/wp-content\/uploads\/2024\/04\/LEXIFY_01_01-1.jpg\" alt=\"\" class=\"wp-image-377\" srcset=\"https:\/\/lexify.io\/wp-content\/uploads\/2024\/04\/LEXIFY_01_01-1.jpg 800w, https:\/\/lexify.io\/wp-content\/uploads\/2024\/04\/LEXIFY_01_01-1-300x150.jpg 300w, https:\/\/lexify.io\/wp-content\/uploads\/2024\/04\/LEXIFY_01_01-1-768x384.jpg 768w\" sizes=\"auto, (max-width: 800px) 100vw, 800px\" \/><\/figure>\n\n\n\n<h2 class=\"wp-block-heading\">Tokenisierung von Verm\u00f6genswerten<\/h2>\n\n\n\n<p>Die Tokenisierung ist eine Revolution, die sowohl die Schaffung von Liquidit\u00e4t als auch die \u00dcbertragung von Finanzwerten erm\u00f6glicht.<\/p>\n<\/div>\n\n\n\n<div class=\"wp-block-column is-layout-flow wp-block-column-is-layout-flow\">\n<figure class=\"wp-block-image size-full\"><img loading=\"lazy\" decoding=\"async\" width=\"800\" height=\"400\" src=\"https:\/\/lexify.io\/wp-content\/uploads\/2024\/04\/LEXIFY_01_02-1.jpg\" alt=\"\" class=\"wp-image-378\" srcset=\"https:\/\/lexify.io\/wp-content\/uploads\/2024\/04\/LEXIFY_01_02-1.jpg 800w, https:\/\/lexify.io\/wp-content\/uploads\/2024\/04\/LEXIFY_01_02-1-300x150.jpg 300w, https:\/\/lexify.io\/wp-content\/uploads\/2024\/04\/LEXIFY_01_02-1-768x384.jpg 768w\" sizes=\"auto, (max-width: 800px) 100vw, 800px\" \/><\/figure>\n\n\n\n<h2 class=\"wp-block-heading\">Plattformen f\u00fcr den Austausch digitaler Verm\u00f6genswerte<\/h2>\n\n\n\n<p>Die Erstellung digitaler Assets erfordert autorisierte Plattformen f\u00fcr deren Austausch. Lexify unterst\u00fctzt Sie umfassend bei deren Entwicklung und hilft Ihnen bei der Erlangung der erforderlichen Genehmigungen.<\/p>\n<\/div>\n<\/div>\n<\/div>\n\n\n\n<div class=\"wp-block-group alignfull has-ast-global-color-4-background-color has-background is-layout-constrained wp-block-group-is-layout-constrained\">\n<div class=\"wp-block-columns is-layout-flex wp-container-core-columns-is-layout-28f84493 wp-block-columns-is-layout-flex\">\n<div class=\"wp-block-column is-layout-flow wp-block-column-is-layout-flow\">\n<figure class=\"wp-block-image size-full\"><img loading=\"lazy\" decoding=\"async\" width=\"800\" height=\"400\" src=\"https:\/\/lexify.io\/wp-content\/uploads\/2024\/04\/LEXIFY_01_03-1.jpg\" alt=\"\" class=\"wp-image-379\" srcset=\"https:\/\/lexify.io\/wp-content\/uploads\/2024\/04\/LEXIFY_01_03-1.jpg 800w, https:\/\/lexify.io\/wp-content\/uploads\/2024\/04\/LEXIFY_01_03-1-300x150.jpg 300w, https:\/\/lexify.io\/wp-content\/uploads\/2024\/04\/LEXIFY_01_03-1-768x384.jpg 768w\" sizes=\"auto, (max-width: 800px) 100vw, 800px\" \/><\/figure>\n\n\n\n<h2 class=\"wp-block-heading\">Firmengr\u00fcndung in der Schweiz<\/h2>\n\n\n\n<p>Lexify unterst\u00fctzt Sie bei der Gr\u00fcndung Ihres Unternehmens in der Schweiz, von der Unternehmensgr\u00fcndung bis hin zur Erlangung der erforderlichen Aufenthaltsgenehmigungen f\u00fcr die Gesch\u00e4ftst\u00e4tigkeit in der Schweiz.<\/p>\n<\/div>\n\n\n\n<div class=\"wp-block-column is-layout-flow wp-block-column-is-layout-flow\">\n<figure class=\"wp-block-image size-full\"><img loading=\"lazy\" decoding=\"async\" width=\"800\" height=\"400\" src=\"https:\/\/lexify.io\/wp-content\/uploads\/2024\/04\/LEXIFY_01_04-1.jpg\" alt=\"\" class=\"wp-image-380\" srcset=\"https:\/\/lexify.io\/wp-content\/uploads\/2024\/04\/LEXIFY_01_04-1.jpg 800w, https:\/\/lexify.io\/wp-content\/uploads\/2024\/04\/LEXIFY_01_04-1-300x150.jpg 300w, https:\/\/lexify.io\/wp-content\/uploads\/2024\/04\/LEXIFY_01_04-1-768x384.jpg 768w\" sizes=\"auto, (max-width: 800px) 100vw, 800px\" \/><\/figure>\n\n\n\n<h2 class=\"wp-block-heading\">Token-Angebot<\/h2>\n\n\n\n<p>Wir helfen unseren Kunden auf dem ganzen Weg von der Konzipierung eines Tokens bis zu seinem Verkauf. Wir unterst\u00fctzen unsere Kunden bei allen Anforderungen im Zusammenhang mit der t\u00e4glichen Verwaltung des Tokens, nachdem dieser ausgegeben wurde.<\/p>\n<\/div>\n<\/div>\n<\/div>\n\n\n\n<div class=\"wp-block-group alignfull is-layout-constrained wp-block-group-is-layout-constrained\">\n<div class=\"wp-block-columns is-layout-flex wp-container-core-columns-is-layout-28f84493 wp-block-columns-is-layout-flex\">\n<div class=\"wp-block-column is-layout-flow wp-block-column-is-layout-flow\">\n<figure class=\"wp-block-image size-full\"><img loading=\"lazy\" decoding=\"async\" width=\"800\" height=\"400\" src=\"https:\/\/lexify.io\/wp-content\/uploads\/2024\/04\/LEXIFY_01_05-1.jpg\" alt=\"\" class=\"wp-image-381\" srcset=\"https:\/\/lexify.io\/wp-content\/uploads\/2024\/04\/LEXIFY_01_05-1.jpg 800w, https:\/\/lexify.io\/wp-content\/uploads\/2024\/04\/LEXIFY_01_05-1-300x150.jpg 300w, https:\/\/lexify.io\/wp-content\/uploads\/2024\/04\/LEXIFY_01_05-1-768x384.jpg 768w\" sizes=\"auto, (max-width: 800px) 100vw, 800px\" \/><\/figure>\n\n\n\n<h2 class=\"wp-block-heading\">Europ\u00e4ische Vorschriften<\/h2>\n\n\n\n<p>Lexify unterst\u00fctzt Sie in Bezug auf alle Verpflichtungen, die sich aus der europ\u00e4ischen Regulierung f\u00fcr Krypto-Assets \u00a0und dar\u00fcber hinaus ergeben: MiCAR-Verordnung, Pilot-Regime zu DLT.<\/p>\n<\/div>\n\n\n\n<div class=\"wp-block-column is-layout-flow wp-block-column-is-layout-flow\">\n<figure class=\"wp-block-image size-full\"><img loading=\"lazy\" decoding=\"async\" width=\"800\" height=\"400\" src=\"https:\/\/lexify.io\/wp-content\/uploads\/2024\/04\/LEXIFY_01_06-1.jpg\" alt=\"\" class=\"wp-image-382\" srcset=\"https:\/\/lexify.io\/wp-content\/uploads\/2024\/04\/LEXIFY_01_06-1.jpg 800w, https:\/\/lexify.io\/wp-content\/uploads\/2024\/04\/LEXIFY_01_06-1-300x150.jpg 300w, https:\/\/lexify.io\/wp-content\/uploads\/2024\/04\/LEXIFY_01_06-1-768x384.jpg 768w\" sizes=\"auto, (max-width: 800px) 100vw, 800px\" \/><\/figure>\n\n\n\n<h2 class=\"wp-block-heading\">Italienische Verordnung<\/h2>\n\n\n\n<p>Lexify bietet auch Fachwissen und Unterst\u00fctzung in Bezug auf die italienischen Vorschriften f\u00fcr Anbieter von virtuellen W\u00e4hrungen.<\/p>\n<\/div>\n<\/div>\n<\/div>\n\n\n\n<div class=\"wp-block-group alignfull has-ast-global-color-4-background-color has-background is-layout-constrained wp-block-group-is-layout-constrained\">\n<div class=\"wp-block-columns is-layout-flex wp-container-core-columns-is-layout-28f84493 wp-block-columns-is-layout-flex\">\n<div class=\"wp-block-column is-layout-flow wp-block-column-is-layout-flow\">\n<figure class=\"wp-block-image size-full\"><img loading=\"lazy\" decoding=\"async\" width=\"800\" height=\"400\" src=\"https:\/\/lexify.io\/wp-content\/uploads\/2024\/04\/LEXIFY_01_07-1.jpg\" alt=\"\" class=\"wp-image-383\" srcset=\"https:\/\/lexify.io\/wp-content\/uploads\/2024\/04\/LEXIFY_01_07-1.jpg 800w, https:\/\/lexify.io\/wp-content\/uploads\/2024\/04\/LEXIFY_01_07-1-300x150.jpg 300w, https:\/\/lexify.io\/wp-content\/uploads\/2024\/04\/LEXIFY_01_07-1-768x384.jpg 768w\" sizes=\"auto, (max-width: 800px) 100vw, 800px\" \/><\/figure>\n\n\n\n<h2 class=\"wp-block-heading\">Unterst\u00fctzung der Token-Qualifizierung<\/h2>\n\n\n\n<p>Lexify hilft Ihnen bei der Strukturierung und Qualifizierung des Tokens nach den vom Gesetzgeber vorgegebenen Kategorien.<\/p>\n<\/div>\n\n\n\n<div class=\"wp-block-column is-layout-flow wp-block-column-is-layout-flow\">\n<figure class=\"wp-block-image size-full\"><img loading=\"lazy\" decoding=\"async\" width=\"800\" height=\"400\" src=\"https:\/\/lexify.io\/wp-content\/uploads\/2024\/04\/LEXIFY_01_08-1.jpg\" alt=\"\" class=\"wp-image-384\" srcset=\"https:\/\/lexify.io\/wp-content\/uploads\/2024\/04\/LEXIFY_01_08-1.jpg 800w, https:\/\/lexify.io\/wp-content\/uploads\/2024\/04\/LEXIFY_01_08-1-300x150.jpg 300w, https:\/\/lexify.io\/wp-content\/uploads\/2024\/04\/LEXIFY_01_08-1-768x384.jpg 768w\" sizes=\"auto, (max-width: 800px) 100vw, 800px\" \/><\/figure>\n\n\n\n<h2 class=\"wp-block-heading\">DAO<\/h2>\n\n\n\n<p>Wir verleihen Ihrer DAO einen rechtlichen Status, indem wir den entsprechenden Verein gr\u00fcnden.<\/p>\n<\/div>\n<\/div>\n<\/div>","protected":false},"excerpt":{"rendered":"<p>CRYPTO AND BLOCKCHAIN CONSULTANCY Lexify is a&nbsp;crypto and blockchain consultancy&nbsp;based in Lugano, [&hellip;]<\/p>","protected":false},"author":1,"featured_media":0,"parent":140,"menu_order":0,"comment_status":"closed","ping_status":"closed","template":"","meta":{"_acf_changed":false,"inline_featured_image":false,"_uag_custom_page_level_css":"","site-sidebar-layout":"default","site-content-layout":"","ast-site-content-layout":"default","site-content-style":"default","site-sidebar-style":"default","ast-global-header-display":"","ast-banner-title-visibility":"","ast-main-header-display":"","ast-hfb-above-header-display":"","ast-hfb-below-header-display":"","ast-hfb-mobile-header-display":"","site-post-title":"disabled","ast-breadcrumbs-content":"","ast-featured-img":"","footer-sml-layout":"","theme-transparent-header-meta":"default","adv-header-id-meta":"","stick-header-meta":"","header-above-stick-meta":"","header-main-stick-meta":"","header-below-stick-meta":"","astra-migrate-meta-layouts":"default","ast-page-background-enabled":"default","ast-page-background-meta":{"desktop":{"background-color":"var(--ast-global-color-4)","background-image":"","background-repeat":"repeat","background-position":"center center","background-size":"auto","background-attachment":"scroll","background-type":"","background-media":"","overlay-type":"","overlay-color":"","overlay-opacity":"","overlay-gradient":""},"tablet":{"background-color":"","background-image":"","background-repeat":"repeat","background-position":"center center","background-size":"auto","background-attachment":"scroll","background-type":"","background-media":"","overlay-type":"","overlay-color":"","overlay-opacity":"","overlay-gradient":""},"mobile":{"background-color":"","background-image":"","background-repeat":"repeat","background-position":"center center","background-size":"auto","background-attachment":"scroll","background-type":"","background-media":"","overlay-type":"","overlay-color":"","overlay-opacity":"","overlay-gradient":""}},"ast-content-background-meta":{"desktop":{"background-color":"var(--ast-global-color-5)","background-image":"","background-repeat":"repeat","background-position":"center center","background-size":"auto","background-attachment":"scroll","background-type":"","background-media":"","overlay-type":"","overlay-color":"","overlay-opacity":"","overlay-gradient":""},"tablet":{"background-color":"var(--ast-global-color-5)","background-image":"","background-repeat":"repeat","background-position":"center center","background-size":"auto","background-attachment":"scroll","background-type":"","background-media":"","overlay-type":"","overlay-color":"","overlay-opacity":"","overlay-gradient":""},"mobile":{"background-color":"var(--ast-global-color-5)","background-image":"","background-repeat":"repeat","background-position":"center center","background-size":"auto","background-attachment":"scroll","background-type":"","background-media":"","overlay-type":"","overlay-color":"","overlay-opacity":"","overlay-gradient":""}},"footnotes":""},"class_list":["post-270","page","type-page","status-publish","hentry"],"acf":[],"yoast_head":"<!-- This site is optimized with the Yoast SEO plugin v25.5 - https:\/\/yoast.com\/wordpress\/plugins\/seo\/ -->\n<title>Crypto and Blockchain consultancy - Lexify<\/title>\n<meta name=\"robots\" content=\"index, follow, max-snippet:-1, max-image-preview:large, max-video-preview:-1\" \/>\n<link rel=\"canonical\" href=\"https:\/\/lexify.io\/de\/unsere-dienstleistungen\/crypto-and-blockchain-consultancy\/\" \/>\n<meta property=\"og:locale\" content=\"de_DE\" \/>\n<meta property=\"og:type\" content=\"article\" \/>\n<meta property=\"og:title\" content=\"Crypto and Blockchain consultancy - Lexify\" \/>\n<meta property=\"og:description\" content=\"CRYPTO AND BLOCKCHAIN CONSULTANCY Lexify is a&nbsp;crypto and blockchain consultancy&nbsp;based in Lugano, [&hellip;]\" \/>\n<meta property=\"og:url\" content=\"https:\/\/lexify.io\/de\/unsere-dienstleistungen\/crypto-and-blockchain-consultancy\/\" \/>\n<meta property=\"og:site_name\" content=\"Lexify\" \/>\n<meta property=\"article:modified_time\" content=\"2025-03-21T15:03:52+00:00\" \/>\n<meta property=\"og:image\" content=\"https:\/\/lexify.io\/wp-content\/uploads\/2024\/04\/LEXIFY_01_01-1.jpg\" \/>\n\t<meta property=\"og:image:width\" content=\"800\" \/>\n\t<meta property=\"og:image:height\" content=\"400\" \/>\n\t<meta property=\"og:image:type\" content=\"image\/jpeg\" \/>\n<meta name=\"twitter:card\" content=\"summary_large_image\" \/>\n<meta name=\"twitter:label1\" content=\"Gesch\u00e4tzte Lesezeit\" \/>\n\t<meta name=\"twitter:data1\" content=\"3\u00a0Minuten\" \/>\n<script type=\"application\/ld+json\" class=\"yoast-schema-graph\">{\"@context\":\"https:\/\/schema.org\",\"@graph\":[{\"@type\":\"WebPage\",\"@id\":\"https:\/\/lexify.io\/our-services\/crypto-and-blockchain-consultancy\/\",\"url\":\"https:\/\/lexify.io\/our-services\/crypto-and-blockchain-consultancy\/\",\"name\":\"Crypto and Blockchain consultancy - Lexify\",\"isPartOf\":{\"@id\":\"https:\/\/lexify.io\/#website\"},\"primaryImageOfPage\":{\"@id\":\"https:\/\/lexify.io\/our-services\/crypto-and-blockchain-consultancy\/#primaryimage\"},\"image\":{\"@id\":\"https:\/\/lexify.io\/our-services\/crypto-and-blockchain-consultancy\/#primaryimage\"},\"thumbnailUrl\":\"https:\/\/lexify.io\/wp-content\/uploads\/2024\/04\/LEXIFY_01_01-1.jpg\",\"datePublished\":\"2024-04-30T14:30:06+00:00\",\"dateModified\":\"2025-03-21T15:03:52+00:00\",\"breadcrumb\":{\"@id\":\"https:\/\/lexify.io\/our-services\/crypto-and-blockchain-consultancy\/#breadcrumb\"},\"inLanguage\":\"de\",\"potentialAction\":[{\"@type\":\"ReadAction\",\"target\":[\"https:\/\/lexify.io\/our-services\/crypto-and-blockchain-consultancy\/\"]}]},{\"@type\":\"ImageObject\",\"inLanguage\":\"de\",\"@id\":\"https:\/\/lexify.io\/our-services\/crypto-and-blockchain-consultancy\/#primaryimage\",\"url\":\"https:\/\/lexify.io\/wp-content\/uploads\/2024\/04\/LEXIFY_01_01-1.jpg\",\"contentUrl\":\"https:\/\/lexify.io\/wp-content\/uploads\/2024\/04\/LEXIFY_01_01-1.jpg\"},{\"@type\":\"BreadcrumbList\",\"@id\":\"https:\/\/lexify.io\/our-services\/crypto-and-blockchain-consultancy\/#breadcrumb\",\"itemListElement\":[{\"@type\":\"ListItem\",\"position\":1,\"name\":\"Home\",\"item\":\"https:\/\/lexify.io\/\"},{\"@type\":\"ListItem\",\"position\":2,\"name\":\"Our Services\",\"item\":\"https:\/\/lexify.io\/our-services\/\"},{\"@type\":\"ListItem\",\"position\":3,\"name\":\"Crypto and Blockchain consultancy\"}]},{\"@type\":\"WebSite\",\"@id\":\"https:\/\/lexify.io\/#website\",\"url\":\"https:\/\/lexify.io\/\",\"name\":\"Lexify\",\"description\":\"\",\"publisher\":{\"@id\":\"https:\/\/lexify.io\/#organization\"},\"potentialAction\":[{\"@type\":\"SearchAction\",\"target\":{\"@type\":\"EntryPoint\",\"urlTemplate\":\"https:\/\/lexify.io\/?s={search_term_string}\"},\"query-input\":{\"@type\":\"PropertyValueSpecification\",\"valueRequired\":true,\"valueName\":\"search_term_string\"}}],\"inLanguage\":\"de\"},{\"@type\":\"Organization\",\"@id\":\"https:\/\/lexify.io\/#organization\",\"name\":\"Lexify\",\"url\":\"https:\/\/lexify.io\/\",\"logo\":{\"@type\":\"ImageObject\",\"inLanguage\":\"de\",\"@id\":\"https:\/\/lexify.io\/#\/schema\/logo\/image\/\",\"url\":\"https:\/\/lexify.io\/wp-content\/uploads\/2024\/05\/Lexify_logo-1.png\",\"contentUrl\":\"https:\/\/lexify.io\/wp-content\/uploads\/2024\/05\/Lexify_logo-1.png\",\"width\":730,\"height\":230,\"caption\":\"Lexify\"},\"image\":{\"@id\":\"https:\/\/lexify.io\/#\/schema\/logo\/image\/\"}}]}<\/script>\n<!-- \/ Yoast SEO plugin. -->","yoast_head_json":{"title":"Crypto and Blockchain consultancy - Lexify","robots":{"index":"index","follow":"follow","max-snippet":"max-snippet:-1","max-image-preview":"max-image-preview:large","max-video-preview":"max-video-preview:-1"},"canonical":"https:\/\/lexify.io\/de\/unsere-dienstleistungen\/crypto-and-blockchain-consultancy\/","og_locale":"de_DE","og_type":"article","og_title":"Crypto and Blockchain consultancy - Lexify","og_description":"CRYPTO AND BLOCKCHAIN CONSULTANCY Lexify is a&nbsp;crypto and blockchain consultancy&nbsp;based in Lugano, [&hellip;]","og_url":"https:\/\/lexify.io\/de\/unsere-dienstleistungen\/crypto-and-blockchain-consultancy\/","og_site_name":"Lexify","article_modified_time":"2025-03-21T15:03:52+00:00","og_image":[{"width":800,"height":400,"url":"https:\/\/lexify.io\/wp-content\/uploads\/2024\/04\/LEXIFY_01_01-1.jpg","type":"image\/jpeg"}],"twitter_card":"summary_large_image","twitter_misc":{"Gesch\u00e4tzte Lesezeit":"3\u00a0Minuten"},"schema":{"@context":"https:\/\/schema.org","@graph":[{"@type":"WebPage","@id":"https:\/\/lexify.io\/our-services\/crypto-and-blockchain-consultancy\/","url":"https:\/\/lexify.io\/our-services\/crypto-and-blockchain-consultancy\/","name":"Crypto and Blockchain consultancy - Lexify","isPartOf":{"@id":"https:\/\/lexify.io\/#website"},"primaryImageOfPage":{"@id":"https:\/\/lexify.io\/our-services\/crypto-and-blockchain-consultancy\/#primaryimage"},"image":{"@id":"https:\/\/lexify.io\/our-services\/crypto-and-blockchain-consultancy\/#primaryimage"},"thumbnailUrl":"https:\/\/lexify.io\/wp-content\/uploads\/2024\/04\/LEXIFY_01_01-1.jpg","datePublished":"2024-04-30T14:30:06+00:00","dateModified":"2025-03-21T15:03:52+00:00","breadcrumb":{"@id":"https:\/\/lexify.io\/our-services\/crypto-and-blockchain-consultancy\/#breadcrumb"},"inLanguage":"de","potentialAction":[{"@type":"ReadAction","target":["https:\/\/lexify.io\/our-services\/crypto-and-blockchain-consultancy\/"]}]},{"@type":"ImageObject","inLanguage":"de","@id":"https:\/\/lexify.io\/our-services\/crypto-and-blockchain-consultancy\/#primaryimage","url":"https:\/\/lexify.io\/wp-content\/uploads\/2024\/04\/LEXIFY_01_01-1.jpg","contentUrl":"https:\/\/lexify.io\/wp-content\/uploads\/2024\/04\/LEXIFY_01_01-1.jpg"},{"@type":"BreadcrumbList","@id":"https:\/\/lexify.io\/our-services\/crypto-and-blockchain-consultancy\/#breadcrumb","itemListElement":[{"@type":"ListItem","position":1,"name":"Home","item":"https:\/\/lexify.io\/"},{"@type":"ListItem","position":2,"name":"Our Services","item":"https:\/\/lexify.io\/our-services\/"},{"@type":"ListItem","position":3,"name":"Crypto and Blockchain consultancy"}]},{"@type":"WebSite","@id":"https:\/\/lexify.io\/#website","url":"https:\/\/lexify.io\/","name":"Lexify","description":"","publisher":{"@id":"https:\/\/lexify.io\/#organization"},"potentialAction":[{"@type":"SearchAction","target":{"@type":"EntryPoint","urlTemplate":"https:\/\/lexify.io\/?s={search_term_string}"},"query-input":{"@type":"PropertyValueSpecification","valueRequired":true,"valueName":"search_term_string"}}],"inLanguage":"de"},{"@type":"Organization","@id":"https:\/\/lexify.io\/#organization","name":"Lexify","url":"https:\/\/lexify.io\/","logo":{"@type":"ImageObject","inLanguage":"de","@id":"https:\/\/lexify.io\/#\/schema\/logo\/image\/","url":"https:\/\/lexify.io\/wp-content\/uploads\/2024\/05\/Lexify_logo-1.png","contentUrl":"https:\/\/lexify.io\/wp-content\/uploads\/2024\/05\/Lexify_logo-1.png","width":730,"height":230,"caption":"Lexify"},"image":{"@id":"https:\/\/lexify.io\/#\/schema\/logo\/image\/"}}]}},"uagb_featured_image_src":{"full":false,"thumbnail":false,"medium":false,"medium_large":false,"large":false,"1536x1536":false,"2048x2048":false,"trp-custom-language-flag":false},"uagb_author_info":{"display_name":"admin","author_link":"https:\/\/lexify.io\/de\/author\/nextadmin\/"},"uagb_comment_info":0,"uagb_excerpt":"CRYPTO AND BLOCKCHAIN CONSULTANCY Lexify is a&nbsp;crypto and blockchain consultancy&nbsp;based in Lugano, [&hellip;]","_links":{"self":[{"href":"https:\/\/lexify.io\/de\/wp-json\/wp\/v2\/pages\/270","targetHints":{"allow":["GET"]}}],"collection":[{"href":"https:\/\/lexify.io\/de\/wp-json\/wp\/v2\/pages"}],"about":[{"href":"https:\/\/lexify.io\/de\/wp-json\/wp\/v2\/types\/page"}],"author":[{"embeddable":true,"href":"https:\/\/lexify.io\/de\/wp-json\/wp\/v2\/users\/1"}],"replies":[{"embeddable":true,"href":"https:\/\/lexify.io\/de\/wp-json\/wp\/v2\/comments?post=270"}],"version-history":[{"count":0,"href":"https:\/\/lexify.io\/de\/wp-json\/wp\/v2\/pages\/270\/revisions"}],"up":[{"embeddable":true,"href":"https:\/\/lexify.io\/de\/wp-json\/wp\/v2\/pages\/140"}],"wp:attachment":[{"href":"https:\/\/lexify.io\/de\/wp-json\/wp\/v2\/media?parent=270"}],"curies":[{"name":"wp","href":"https:\/\/api.w.org\/{rel}","templated":true}]}}