{"id":2334,"date":"2026-02-16T17:40:00","date_gmt":"2026-02-16T17:40:00","guid":{"rendered":"https:\/\/lexify.io\/?page_id=2334"},"modified":"2026-02-16T18:00:13","modified_gmt":"2026-02-16T18:00:13","slug":"mariam-wehbe","status":"publish","type":"page","link":"https:\/\/lexify.io\/de\/uber-uns\/mariam-wehbe\/","title":{"rendered":"Mariam Wehbe"},"content":{"rendered":"<section class=\"wp-block-uagb-container uagb-block-2b392dd0 alignfull uagb-is-root-container\">\n<div data-aos= \"fade-up\" data-aos-duration=\"400\" data-aos-delay=\"0\" data-aos-easing=\"ease\" data-aos-once=\"true\" class=\"wp-block-uagb-container uagb-block-27c06a0b alignfull uagb-is-root-container\"><div class=\"uagb-container-inner-blocks-wrap\">\n<div data-aos= \"fade-up\" data-aos-duration=\"400\" data-aos-delay=\"0\" data-aos-easing=\"ease\" data-aos-once=\"true\" class=\"wp-block-uagb-container uagb-block-73d5575d\">\n<div class=\"wp-block-uagb-container uagb-block-591b0773\">\n<div class=\"wp-block-uagb-container dm-tag uagb-block-c7073af6\">\n<div class=\"wp-block-uagb-image uagb-block-95ebd677 wp-block-uagb-image--layout-default wp-block-uagb-image--effect-static wp-block-uagb-image--align-none hover-opacity-image\"><figure class=\"wp-block-uagb-image__figure\"><img decoding=\"async\" srcset=\"https:\/\/lexify.io\/wp-content\/uploads\/2026\/02\/Mariam-min-A-951x1024.jpg ,https:\/\/lexify.io\/wp-content\/uploads\/2026\/02\/Mariam-min-A.jpg 780w, https:\/\/lexify.io\/wp-content\/uploads\/2026\/02\/Mariam-min-A.jpg 360w\" sizes=\"auto, (max-width: 480px) 150px\" src=\"https:\/\/lexify.io\/wp-content\/uploads\/2026\/02\/Mariam-min-A-951x1024.jpg\" alt=\"\" class=\"uag-image-2343\" width=\"1048\" height=\"1128\" title=\"Mariam-min-A\" loading=\"lazy\" role=\"img\"\/><\/figure><\/div>\n<\/div>\n<\/div>\n\n\n\n<div class=\"wp-block-uagb-container uagb-block-7d55470a\">\n<div class=\"wp-block-uagb-container uagb-block-351f9715\">\n<div class=\"wp-block-uagb-advanced-heading uagb-block-17f9bf3a\"><h1 class=\"uagb-heading-text\">Mariam Wehbe<\/h1><\/div>\n\n\n\n<p style=\"margin-top:0;margin-right:0;margin-bottom:0;margin-left:0;padding-top:0;padding-right:0;padding-bottom:0;padding-left:0;font-size:16px;line-height:2\">Mariam bringt umfassendes Wissen und ausgewiesene Expertise in die Diskussion zu Steuern und Finanzen ein. Sie ist Of Counsel bei Lexify und verf\u00fcgt \u00fcber mehr als 23 Jahre Erfahrung im Bereich Steuern und Finanzen. Mariam ist eine zertifizierte Steueragentin in den VAE (UAE Tax Agent) und spezialisiert sich auf indirekte und direkte Steuern, Steuerreporting sowie Steuer-Risikoreporting. Zudem ist sie Six Sigma (Green Belt) zertifiziert und kann eine nachweisliche Erfolgsbilanz bei der Realisierung signifikanter Steuereinsparungen durch kontinuierliche Verbesserungs- und Planungsma\u00dfnahmen vorweisen.<\/p>\n\n\n\n<p style=\"margin-top:0;margin-right:0;margin-bottom:0;margin-left:0;padding-top:0;padding-right:0;padding-bottom:0;padding-left:0;font-size:16px;line-height:2\">Mariam\u2019s Fachkompetenz umfasst das gesetzliche Steuerreporting und steuerliche Bewertungen (Assessments), die steuerliche Compliance nach IFRS-Regeln, die Minderung steuerlicher Risiken sowie einen besonderen Fokus auf kontinuierliche Verbesserung und Planung steuerlicher Aspekte \u2013 insbesondere bei Transaktionen zwischen Freihandelszonen (Free Zones) und dem Mainland in den VAE. Ihr tiefes Verst\u00e4ndnis der steuerlichen Rahmenbedingungen in den Vereinigten Arabischen Emiraten macht sie zu einer idealen Panel-Speakerin, um das Publikum zu intelligenten und regelkonformen Steuerl\u00f6sungen zu f\u00fchren, die den jeweiligen Bed\u00fcrfnissen und Zielen entsprechen.<\/p>\n<\/div>\n\n\n\n<div class=\"wp-block-uagb-container uagb-block-ed862b86\">\n<div class=\"wp-block-uagb-advanced-heading uagb-block-83bb4445\"><h3 class=\"uagb-heading-text\">Contact<\/h3><\/div>\n\n\n\n<div class=\"wp-block-uagb-container uagb-block-a7c48d03\">\n<div data-aos= \"fade-up\" data-aos-duration=\"400\" data-aos-delay=\"0\" data-aos-easing=\"ease\" data-aos-once=\"true\" class=\"wp-block-uagb-buttons uagb-buttons__outer-wrap uagb-btn__default-btn uagb-btn-tablet__default-btn uagb-btn-mobile__default-btn uagb-block-0a005f7f\"><div class=\"uagb-buttons__wrap uagb-buttons-layout-wrap\">\n<div data-aos= \"fade-up\" data-aos-duration=\"400\" data-aos-delay=\"0\" data-aos-easing=\"ease\" data-aos-once=\"true\" class=\"wp-block-uagb-buttons-child uagb-buttons__outer-wrap uagb-block-a77fe9fb wp-block-button\"><div class=\"uagb-button__wrapper\"><a class=\"uagb-buttons-repeater wp-block-button__link\" aria-label=\"\" href=\"tel:+971 54 544 2132\" rel=\"follow noopener\" target=\"_self\" role=\"button\"><span class=\"uagb-button__icon uagb-button__icon-position-before\"><svg xmlns=\"https:\/\/www.w3.org\/2000\/svg\" viewbox=\"0 0 512 512\" aria-hidden=\"true\" focussable=\"false\"><path d=\"M511.2 387l-23.25 100.8c-3.266 14.25-15.79 24.22-30.46 24.22C205.2 512 0 306.8 0 54.5c0-14.66 9.969-27.2 24.22-30.45l100.8-23.25C139.7-2.602 154.7 5.018 160.8 18.92l46.52 108.5c5.438 12.78 1.77 27.67-8.98 36.45L144.5 207.1c33.98 69.22 90.26 125.5 159.5 159.5l44.08-53.8c8.688-10.78 23.69-14.51 36.47-8.975l108.5 46.51C506.1 357.2 514.6 372.4 511.2 387z\"><\/path><\/svg><\/span><div class=\"uagb-button__link\">+971 54 544 2132<\/div><\/a><\/div><\/div>\n<\/div><\/div>\n<\/div>\n<\/div>\n<\/div>\n<\/div>\n<\/div><\/div>\n<\/section>\n\n\n\n<section class=\"wp-block-uagb-container uagb-block-d1737136 alignfull uagb-is-root-container\">\n<div class=\"wp-block-uagb-container uagb-block-56d6c052 alignfull uagb-is-root-container\"><div class=\"uagb-container-inner-blocks-wrap\">\n<div data-aos= \"fade\" data-aos-duration=\"400\" data-aos-delay=\"0\" data-aos-easing=\"ease\" data-aos-once=\"true\" class=\"wp-block-uagb-container uagb-block-61e4cd82\">\n<div class=\"wp-block-uagb-advanced-heading uagb-block-788c281b\"><h2 class=\"uagb-heading-text\">Interessiert, mit uns zusammenzuarbeiten?<\/h2><\/div>\n\n\n\n<p class=\"has-text-align-center has-ast-global-color-2-color has-text-color has-link-color wp-elements-ad4c21a3c34ca05b7aa30da78dbbc726\">Experten f\u00fcr digitale Verm\u00f6genswerte und Banking bieten eine frische Perspektive f\u00fcr Ihr Unternehmen. Vereinbaren Sie noch heute eine Beratung.<\/p>\n\n\n\n<div class=\"wp-block-uagb-buttons uagb-buttons__outer-wrap uagb-btn__default-btn uagb-btn-tablet__default-btn uagb-btn-mobile__default-btn uagb-block-1b3c481c\"><div class=\"uagb-buttons__wrap uagb-buttons-layout-wrap\">\n<div data-aos= \"fade-up\" data-aos-duration=\"400\" data-aos-delay=\"0\" data-aos-easing=\"ease\" data-aos-once=\"true\" class=\"wp-block-uagb-buttons-child uagb-buttons__outer-wrap uagb-block-7e35fa07 wp-block-button\"><div class=\"uagb-button__wrapper\"><a class=\"uagb-buttons-repeater wp-block-button__link\" aria-label=\"\" href=\"https:\/\/calendly.com\/lexifybooking\/\" rel=\"follow noopener\" target=\"_self\" role=\"button\"><div class=\"uagb-button__link\">Vereinbaren Sie einen Termin<\/div><\/a><\/div><\/div>\n<\/div><\/div>\n<\/div>\n<\/div><\/div>\n<\/section>","protected":false},"excerpt":{"rendered":"<p>Mariam Wehbe Mariam brings a wealth of knowledge and expertise to the [&hellip;]<\/p>","protected":false},"author":1,"featured_media":0,"parent":117,"menu_order":0,"comment_status":"closed","ping_status":"closed","template":"","meta":{"_acf_changed":false,"inline_featured_image":false,"_uag_custom_page_level_css":"","site-sidebar-layout":"default","site-content-layout":"","ast-site-content-layout":"default","site-content-style":"default","site-sidebar-style":"default","ast-global-header-display":"","ast-banner-title-visibility":"","ast-main-header-display":"","ast-hfb-above-header-display":"","ast-hfb-below-header-display":"","ast-hfb-mobile-header-display":"","site-post-title":"disabled","ast-breadcrumbs-content":"","ast-featured-img":"","footer-sml-layout":"","theme-transparent-header-meta":"","adv-header-id-meta":"","stick-header-meta":"","header-above-stick-meta":"","header-main-stick-meta":"","header-below-stick-meta":"","astra-migrate-meta-layouts":"default","ast-page-background-enabled":"default","ast-page-background-meta":{"desktop":{"background-color":"var(--ast-global-color-4)","background-image":"","background-repeat":"repeat","background-position":"center center","background-size":"auto","background-attachment":"scroll","background-type":"","background-media":"","overlay-type":"","overlay-color":"","overlay-opacity":"","overlay-gradient":""},"tablet":{"background-color":"","background-image":"","background-repeat":"repeat","background-position":"center center","background-size":"auto","background-attachment":"scroll","background-type":"","background-media":"","overlay-type":"","overlay-color":"","overlay-opacity":"","overlay-gradient":""},"mobile":{"background-color":"","background-image":"","background-repeat":"repeat","background-position":"center center","background-size":"auto","background-attachment":"scroll","background-type":"","background-media":"","overlay-type":"","overlay-color":"","overlay-opacity":"","overlay-gradient":""}},"ast-content-background-meta":{"desktop":{"background-color":"var(--ast-global-color-5)","background-image":"","background-repeat":"repeat","background-position":"center center","background-size":"auto","background-attachment":"scroll","background-type":"","background-media":"","overlay-type":"","overlay-color":"","overlay-opacity":"","overlay-gradient":""},"tablet":{"background-color":"var(--ast-global-color-5)","background-image":"","background-repeat":"repeat","background-position":"center center","background-size":"auto","background-attachment":"scroll","background-type":"","background-media":"","overlay-type":"","overlay-color":"","overlay-opacity":"","overlay-gradient":""},"mobile":{"background-color":"var(--ast-global-color-5)","background-image":"","background-repeat":"repeat","background-position":"center center","background-size":"auto","background-attachment":"scroll","background-type":"","background-media":"","overlay-type":"","overlay-color":"","overlay-opacity":"","overlay-gradient":""}},"footnotes":""},"class_list":["post-2334","page","type-page","status-publish","hentry"],"acf":[],"yoast_head":"<!-- This site is optimized with the Yoast SEO plugin v25.5 - https:\/\/yoast.com\/wordpress\/plugins\/seo\/ -->\n<title>Mariam Wehbe - Lexify<\/title>\n<meta name=\"robots\" content=\"index, follow, max-snippet:-1, max-image-preview:large, max-video-preview:-1\" \/>\n<link rel=\"canonical\" href=\"https:\/\/lexify.io\/de\/uber-uns\/mariam-wehbe\/\" \/>\n<meta property=\"og:locale\" content=\"de_DE\" \/>\n<meta property=\"og:type\" content=\"article\" \/>\n<meta property=\"og:title\" content=\"Mariam Wehbe - Lexify\" \/>\n<meta property=\"og:description\" content=\"Mariam Wehbe Mariam brings a wealth of knowledge and expertise to the [&hellip;]\" \/>\n<meta property=\"og:url\" content=\"https:\/\/lexify.io\/de\/uber-uns\/mariam-wehbe\/\" \/>\n<meta property=\"og:site_name\" content=\"Lexify\" \/>\n<meta property=\"article:modified_time\" content=\"2026-02-16T18:00:13+00:00\" \/>\n<meta property=\"og:image\" content=\"https:\/\/lexify.io\/wp-content\/uploads\/2026\/02\/Mariam-min-A-951x1024.jpg\" \/>\n<meta name=\"twitter:card\" content=\"summary_large_image\" \/>\n<meta name=\"twitter:label1\" content=\"Gesch\u00e4tzte Lesezeit\" \/>\n\t<meta name=\"twitter:data1\" content=\"2\u00a0Minuten\" \/>\n<script type=\"application\/ld+json\" class=\"yoast-schema-graph\">{\"@context\":\"https:\/\/schema.org\",\"@graph\":[{\"@type\":\"WebPage\",\"@id\":\"https:\/\/lexify.io\/about-us\/mariam-wehbe\/\",\"url\":\"https:\/\/lexify.io\/about-us\/mariam-wehbe\/\",\"name\":\"Mariam Wehbe - Lexify\",\"isPartOf\":{\"@id\":\"https:\/\/lexify.io\/#website\"},\"primaryImageOfPage\":{\"@id\":\"https:\/\/lexify.io\/about-us\/mariam-wehbe\/#primaryimage\"},\"image\":{\"@id\":\"https:\/\/lexify.io\/about-us\/mariam-wehbe\/#primaryimage\"},\"thumbnailUrl\":\"https:\/\/lexify.io\/wp-content\/uploads\/2026\/02\/Mariam-min-A-951x1024.jpg\",\"datePublished\":\"2026-02-16T17:40:00+00:00\",\"dateModified\":\"2026-02-16T18:00:13+00:00\",\"breadcrumb\":{\"@id\":\"https:\/\/lexify.io\/about-us\/mariam-wehbe\/#breadcrumb\"},\"inLanguage\":\"de\",\"potentialAction\":[{\"@type\":\"ReadAction\",\"target\":[\"https:\/\/lexify.io\/about-us\/mariam-wehbe\/\"]}]},{\"@type\":\"ImageObject\",\"inLanguage\":\"de\",\"@id\":\"https:\/\/lexify.io\/about-us\/mariam-wehbe\/#primaryimage\",\"url\":\"https:\/\/lexify.io\/wp-content\/uploads\/2026\/02\/Mariam-min-A-951x1024.jpg\",\"contentUrl\":\"https:\/\/lexify.io\/wp-content\/uploads\/2026\/02\/Mariam-min-A-951x1024.jpg\"},{\"@type\":\"BreadcrumbList\",\"@id\":\"https:\/\/lexify.io\/about-us\/mariam-wehbe\/#breadcrumb\",\"itemListElement\":[{\"@type\":\"ListItem\",\"position\":1,\"name\":\"Home\",\"item\":\"https:\/\/lexify.io\/\"},{\"@type\":\"ListItem\",\"position\":2,\"name\":\"About Us\",\"item\":\"https:\/\/lexify.io\/about-us\/\"},{\"@type\":\"ListItem\",\"position\":3,\"name\":\"Mariam Wehbe\"}]},{\"@type\":\"WebSite\",\"@id\":\"https:\/\/lexify.io\/#website\",\"url\":\"https:\/\/lexify.io\/\",\"name\":\"Lexify\",\"description\":\"\",\"publisher\":{\"@id\":\"https:\/\/lexify.io\/#organization\"},\"potentialAction\":[{\"@type\":\"SearchAction\",\"target\":{\"@type\":\"EntryPoint\",\"urlTemplate\":\"https:\/\/lexify.io\/?s={search_term_string}\"},\"query-input\":{\"@type\":\"PropertyValueSpecification\",\"valueRequired\":true,\"valueName\":\"search_term_string\"}}],\"inLanguage\":\"de\"},{\"@type\":\"Organization\",\"@id\":\"https:\/\/lexify.io\/#organization\",\"name\":\"Lexify\",\"url\":\"https:\/\/lexify.io\/\",\"logo\":{\"@type\":\"ImageObject\",\"inLanguage\":\"de\",\"@id\":\"https:\/\/lexify.io\/#\/schema\/logo\/image\/\",\"url\":\"https:\/\/lexify.io\/wp-content\/uploads\/2024\/05\/Lexify_logo-1.png\",\"contentUrl\":\"https:\/\/lexify.io\/wp-content\/uploads\/2024\/05\/Lexify_logo-1.png\",\"width\":730,\"height\":230,\"caption\":\"Lexify\"},\"image\":{\"@id\":\"https:\/\/lexify.io\/#\/schema\/logo\/image\/\"}}]}<\/script>\n<!-- \/ Yoast SEO plugin. -->","yoast_head_json":{"title":"Mariam Wehbe - Lexify","robots":{"index":"index","follow":"follow","max-snippet":"max-snippet:-1","max-image-preview":"max-image-preview:large","max-video-preview":"max-video-preview:-1"},"canonical":"https:\/\/lexify.io\/de\/uber-uns\/mariam-wehbe\/","og_locale":"de_DE","og_type":"article","og_title":"Mariam Wehbe - Lexify","og_description":"Mariam Wehbe Mariam brings a wealth of knowledge and expertise to the [&hellip;]","og_url":"https:\/\/lexify.io\/de\/uber-uns\/mariam-wehbe\/","og_site_name":"Lexify","article_modified_time":"2026-02-16T18:00:13+00:00","og_image":[{"url":"https:\/\/lexify.io\/wp-content\/uploads\/2026\/02\/Mariam-min-A-951x1024.jpg","type":"","width":"","height":""}],"twitter_card":"summary_large_image","twitter_misc":{"Gesch\u00e4tzte Lesezeit":"2\u00a0Minuten"},"schema":{"@context":"https:\/\/schema.org","@graph":[{"@type":"WebPage","@id":"https:\/\/lexify.io\/about-us\/mariam-wehbe\/","url":"https:\/\/lexify.io\/about-us\/mariam-wehbe\/","name":"Mariam Wehbe - Lexify","isPartOf":{"@id":"https:\/\/lexify.io\/#website"},"primaryImageOfPage":{"@id":"https:\/\/lexify.io\/about-us\/mariam-wehbe\/#primaryimage"},"image":{"@id":"https:\/\/lexify.io\/about-us\/mariam-wehbe\/#primaryimage"},"thumbnailUrl":"https:\/\/lexify.io\/wp-content\/uploads\/2026\/02\/Mariam-min-A-951x1024.jpg","datePublished":"2026-02-16T17:40:00+00:00","dateModified":"2026-02-16T18:00:13+00:00","breadcrumb":{"@id":"https:\/\/lexify.io\/about-us\/mariam-wehbe\/#breadcrumb"},"inLanguage":"de","potentialAction":[{"@type":"ReadAction","target":["https:\/\/lexify.io\/about-us\/mariam-wehbe\/"]}]},{"@type":"ImageObject","inLanguage":"de","@id":"https:\/\/lexify.io\/about-us\/mariam-wehbe\/#primaryimage","url":"https:\/\/lexify.io\/wp-content\/uploads\/2026\/02\/Mariam-min-A-951x1024.jpg","contentUrl":"https:\/\/lexify.io\/wp-content\/uploads\/2026\/02\/Mariam-min-A-951x1024.jpg"},{"@type":"BreadcrumbList","@id":"https:\/\/lexify.io\/about-us\/mariam-wehbe\/#breadcrumb","itemListElement":[{"@type":"ListItem","position":1,"name":"Home","item":"https:\/\/lexify.io\/"},{"@type":"ListItem","position":2,"name":"About Us","item":"https:\/\/lexify.io\/about-us\/"},{"@type":"ListItem","position":3,"name":"Mariam Wehbe"}]},{"@type":"WebSite","@id":"https:\/\/lexify.io\/#website","url":"https:\/\/lexify.io\/","name":"Lexify","description":"","publisher":{"@id":"https:\/\/lexify.io\/#organization"},"potentialAction":[{"@type":"SearchAction","target":{"@type":"EntryPoint","urlTemplate":"https:\/\/lexify.io\/?s={search_term_string}"},"query-input":{"@type":"PropertyValueSpecification","valueRequired":true,"valueName":"search_term_string"}}],"inLanguage":"de"},{"@type":"Organization","@id":"https:\/\/lexify.io\/#organization","name":"Lexify","url":"https:\/\/lexify.io\/","logo":{"@type":"ImageObject","inLanguage":"de","@id":"https:\/\/lexify.io\/#\/schema\/logo\/image\/","url":"https:\/\/lexify.io\/wp-content\/uploads\/2024\/05\/Lexify_logo-1.png","contentUrl":"https:\/\/lexify.io\/wp-content\/uploads\/2024\/05\/Lexify_logo-1.png","width":730,"height":230,"caption":"Lexify"},"image":{"@id":"https:\/\/lexify.io\/#\/schema\/logo\/image\/"}}]}},"uagb_featured_image_src":{"full":false,"thumbnail":false,"medium":false,"medium_large":false,"large":false,"1536x1536":false,"2048x2048":false,"trp-custom-language-flag":false},"uagb_author_info":{"display_name":"admin","author_link":"https:\/\/lexify.io\/de\/author\/nextadmin\/"},"uagb_comment_info":0,"uagb_excerpt":"Mariam Wehbe Mariam brings a wealth of knowledge and expertise to the [&hellip;]","_links":{"self":[{"href":"https:\/\/lexify.io\/de\/wp-json\/wp\/v2\/pages\/2334","targetHints":{"allow":["GET"]}}],"collection":[{"href":"https:\/\/lexify.io\/de\/wp-json\/wp\/v2\/pages"}],"about":[{"href":"https:\/\/lexify.io\/de\/wp-json\/wp\/v2\/types\/page"}],"author":[{"embeddable":true,"href":"https:\/\/lexify.io\/de\/wp-json\/wp\/v2\/users\/1"}],"replies":[{"embeddable":true,"href":"https:\/\/lexify.io\/de\/wp-json\/wp\/v2\/comments?post=2334"}],"version-history":[{"count":0,"href":"https:\/\/lexify.io\/de\/wp-json\/wp\/v2\/pages\/2334\/revisions"}],"up":[{"embeddable":true,"href":"https:\/\/lexify.io\/de\/wp-json\/wp\/v2\/pages\/117"}],"wp:attachment":[{"href":"https:\/\/lexify.io\/de\/wp-json\/wp\/v2\/media?parent=2334"}],"curies":[{"name":"wp","href":"https:\/\/api.w.org\/{rel}","templated":true}]}}