{"id":2139,"date":"2025-09-16T15:36:39","date_gmt":"2025-09-16T15:36:39","guid":{"rendered":"https:\/\/lexify.io\/?page_id=2139"},"modified":"2025-09-16T15:45:04","modified_gmt":"2025-09-16T15:45:04","slug":"aviation-law-and-drones","status":"publish","type":"page","link":"https:\/\/lexify.io\/de\/unsere-dienstleistungen\/aviation-law-and-drones\/","title":{"rendered":"Aviation Law and Drones"},"content":{"rendered":"<div class=\"wp-block-group alignfull banner-section is-layout-constrained wp-block-group-is-layout-constrained has-background\" style=\"padding-top:0;padding-bottom:0;background-image:url(&apos;https:\/\/lexify.io\/wp-content\/uploads\/2025\/09\/banner-drones-lexify.jpg&apos;);background-size:cover;\">\n<div style=\"height:21vw\" aria-hidden=\"true\" class=\"wp-block-spacer\"><\/div>\n<\/div>\n\n\n\n<div class=\"wp-block-group alignfull has-ast-global-color-0-background-color has-background is-layout-constrained wp-block-group-is-layout-constrained\" style=\"padding-top:var(--wp--preset--spacing--70);padding-bottom:var(--wp--preset--spacing--70)\">\n<h1 class=\"wp-block-heading has-text-align-left has-ast-global-color-5-color has-text-color has-link-color wp-elements-4f49e40e998d88577380f8a24e430e2e\">Luftfahrtrecht und Drohnen<\/h1>\n\n\n\n<p class=\"has-text-align-left has-ast-global-color-5-color has-text-color has-link-color wp-elements-9a2f7f92d18255f58a55b1d360e47618\" style=\"padding-top:0;padding-bottom:0;font-size:25px;line-height:1.5\">Von der Konzeption bis zum Start sch\u00fctzen und begleiten wir den Betrieb Ihrer unbemannten Flugsysteme (UAS) mit modernstem juristischem Fachwissen und integrieren dabei nahtlos fortschrittliche Technologien, einschlie\u00dflich k\u00fcnstlicher Intelligenz, in jede Phase.<\/p>\n<\/div>\n\n\n\n<div class=\"wp-block-group alignfull is-layout-constrained wp-block-group-is-layout-constrained\">\n<div class=\"wp-block-columns is-layout-flex wp-container-core-columns-is-layout-28f84493 wp-block-columns-is-layout-flex\">\n<div class=\"wp-block-column is-layout-flow wp-block-column-is-layout-flow\">\n<figure class=\"wp-block-image size-full\"><img loading=\"lazy\" decoding=\"async\" width=\"800\" height=\"400\" src=\"https:\/\/lexify.io\/wp-content\/uploads\/2025\/09\/drones-operations.jpg\" alt=\"\" class=\"wp-image-2146\" srcset=\"https:\/\/lexify.io\/wp-content\/uploads\/2025\/09\/drones-operations.jpg 800w, https:\/\/lexify.io\/wp-content\/uploads\/2025\/09\/drones-operations-300x150.jpg 300w, https:\/\/lexify.io\/wp-content\/uploads\/2025\/09\/drones-operations-768x384.jpg 768w, https:\/\/lexify.io\/wp-content\/uploads\/2025\/09\/drones-operations-18x9.jpg 18w\" sizes=\"auto, (max-width: 800px) 100vw, 800px\" \/><\/figure>\n\n\n\n<h2 class=\"wp-block-heading\">Betrieb<\/h2>\n\n\n\n<p>Beratung zu Schweizer, EU- und nationalen Genehmigungen f\u00fcr den Betrieb von UAS in den Kategorien \u201eOpen\u201c, \u201eSpecific\u201c (z. B. SORA, STS-01, STS-02) und \u201eCertified\u201c.<\/p>\n<\/div>\n\n\n\n<div class=\"wp-block-column is-layout-flow wp-block-column-is-layout-flow\">\n<figure class=\"wp-block-image size-full\"><img loading=\"lazy\" decoding=\"async\" width=\"800\" height=\"400\" src=\"https:\/\/lexify.io\/wp-content\/uploads\/2025\/09\/drones-training.jpg\" alt=\"\" class=\"wp-image-2147\" srcset=\"https:\/\/lexify.io\/wp-content\/uploads\/2025\/09\/drones-training.jpg 800w, https:\/\/lexify.io\/wp-content\/uploads\/2025\/09\/drones-training-300x150.jpg 300w, https:\/\/lexify.io\/wp-content\/uploads\/2025\/09\/drones-training-768x384.jpg 768w, https:\/\/lexify.io\/wp-content\/uploads\/2025\/09\/drones-training-18x9.jpg 18w\" sizes=\"auto, (max-width: 800px) 100vw, 800px\" \/><\/figure>\n\n\n\n<h2 class=\"wp-block-heading\">Schulung<\/h2>\n\n\n\n<p>Durchf\u00fchrung von Compliance-Schulungen f\u00fcr Unternehmensbetreiber, Kommunen und Ersthelfer aus rechtlicher Sicht.<\/p>\n<\/div>\n<\/div>\n<\/div>\n\n\n\n<div class=\"wp-block-group alignfull has-ast-global-color-4-background-color has-background is-layout-constrained wp-block-group-is-layout-constrained\">\n<div class=\"wp-block-columns is-layout-flex wp-container-core-columns-is-layout-28f84493 wp-block-columns-is-layout-flex\">\n<div class=\"wp-block-column is-layout-flow wp-block-column-is-layout-flow\">\n<figure class=\"wp-block-image size-full\"><img loading=\"lazy\" decoding=\"async\" width=\"800\" height=\"400\" src=\"https:\/\/lexify.io\/wp-content\/uploads\/2025\/09\/drones-AI.jpg\" alt=\"\" class=\"wp-image-2141\" srcset=\"https:\/\/lexify.io\/wp-content\/uploads\/2025\/09\/drones-AI.jpg 800w, https:\/\/lexify.io\/wp-content\/uploads\/2025\/09\/drones-AI-300x150.jpg 300w, https:\/\/lexify.io\/wp-content\/uploads\/2025\/09\/drones-AI-768x384.jpg 768w, https:\/\/lexify.io\/wp-content\/uploads\/2025\/09\/drones-AI-18x9.jpg 18w\" sizes=\"auto, (max-width: 800px) 100vw, 800px\" \/><\/figure>\n\n\n\n<h2 class=\"wp-block-heading\">K\u00fcnstliche Intelligenz<\/h2>\n\n\n\n<p>Unterst\u00fctzung bei der Entwicklung einer vollst\u00e4ndig KI-konformen Infrastruktur f\u00fcr UAS in \u00dcbereinstimmung mit allen geltenden europ\u00e4ischen und schweizerischen Gesetzen, darunter beispielsweise die Verordnung (EU) 2024\/1689 (KI-Gesetz).<\/p>\n<\/div>\n\n\n\n<div class=\"wp-block-column is-layout-flow wp-block-column-is-layout-flow\">\n<figure class=\"wp-block-image size-full\"><img loading=\"lazy\" decoding=\"async\" width=\"800\" height=\"400\" src=\"https:\/\/lexify.io\/wp-content\/uploads\/2025\/09\/drones-agreements.jpg\" alt=\"\" class=\"wp-image-2140\" srcset=\"https:\/\/lexify.io\/wp-content\/uploads\/2025\/09\/drones-agreements.jpg 800w, https:\/\/lexify.io\/wp-content\/uploads\/2025\/09\/drones-agreements-300x150.jpg 300w, https:\/\/lexify.io\/wp-content\/uploads\/2025\/09\/drones-agreements-768x384.jpg 768w, https:\/\/lexify.io\/wp-content\/uploads\/2025\/09\/drones-agreements-18x9.jpg 18w\" sizes=\"auto, (max-width: 800px) 100vw, 800px\" \/><\/figure>\n\n\n\n<h2 class=\"wp-block-heading\">Vereinbarungen<\/h2>\n\n\n\n<p>Entwurf und \u00dcberpr\u00fcfung von Betriebs- und Handelsvereinbarungen mit Anbietern, Importeuren, H\u00e4ndlern und anderen Interessengruppen.<\/p>\n<\/div>\n<\/div>\n<\/div>\n\n\n\n<div class=\"wp-block-group alignfull is-layout-constrained wp-block-group-is-layout-constrained\">\n<div class=\"wp-block-columns is-layout-flex wp-container-core-columns-is-layout-28f84493 wp-block-columns-is-layout-flex\">\n<div class=\"wp-block-column is-layout-flow wp-block-column-is-layout-flow\">\n<figure class=\"wp-block-image size-full\"><img loading=\"lazy\" decoding=\"async\" width=\"800\" height=\"400\" src=\"https:\/\/lexify.io\/wp-content\/uploads\/2025\/09\/drones-compliance.jpg\" alt=\"\" class=\"wp-image-2142\" srcset=\"https:\/\/lexify.io\/wp-content\/uploads\/2025\/09\/drones-compliance.jpg 800w, https:\/\/lexify.io\/wp-content\/uploads\/2025\/09\/drones-compliance-300x150.jpg 300w, https:\/\/lexify.io\/wp-content\/uploads\/2025\/09\/drones-compliance-768x384.jpg 768w, https:\/\/lexify.io\/wp-content\/uploads\/2025\/09\/drones-compliance-18x9.jpg 18w\" sizes=\"auto, (max-width: 800px) 100vw, 800px\" \/><\/figure>\n\n\n\n<h2 class=\"wp-block-heading\">Compliance<\/h2>\n\n\n\n<p>Entwicklung von UAS-Betriebshandb\u00fcchern, Betriebskonzepten, Notfallpl\u00e4nen und anderen erforderlichen Unterlagen.<\/p>\n<\/div>\n\n\n\n<div class=\"wp-block-column is-layout-flow wp-block-column-is-layout-flow\">\n<figure class=\"wp-block-image size-full\"><img loading=\"lazy\" decoding=\"async\" width=\"800\" height=\"400\" src=\"https:\/\/lexify.io\/wp-content\/uploads\/2025\/09\/drones-military-dualuse.jpg\" alt=\"\" class=\"wp-image-2145\" srcset=\"https:\/\/lexify.io\/wp-content\/uploads\/2025\/09\/drones-military-dualuse.jpg 800w, https:\/\/lexify.io\/wp-content\/uploads\/2025\/09\/drones-military-dualuse-300x150.jpg 300w, https:\/\/lexify.io\/wp-content\/uploads\/2025\/09\/drones-military-dualuse-768x384.jpg 768w, https:\/\/lexify.io\/wp-content\/uploads\/2025\/09\/drones-military-dualuse-18x9.jpg 18w\" sizes=\"auto, (max-width: 800px) 100vw, 800px\" \/><\/figure>\n\n\n\n<h2 class=\"wp-block-heading\">Dual-Use<\/h2>\n\n\n\n<p>Beratung von Verteidigungsunternehmen zu Haftung und Compliance f\u00fcr Dual-Use- und milit\u00e4rische UAS, einschlie\u00dflich Unterst\u00fctzung bei Exportkontrollen, Sanktionen und Dual-Use-Verfahren f\u00fcr Drohnen-Hardware, -Software und KI-Modelle gem\u00e4\u00df schweizerischem und europ\u00e4ischem Recht.<\/p>\n<\/div>\n<\/div>\n<\/div>\n\n\n\n<div class=\"wp-block-group alignfull has-ast-global-color-4-background-color has-background is-layout-constrained wp-block-group-is-layout-constrained\">\n<div class=\"wp-block-columns is-layout-flex wp-container-core-columns-is-layout-28f84493 wp-block-columns-is-layout-flex\">\n<div class=\"wp-block-column is-layout-flow wp-block-column-is-layout-flow\">\n<figure class=\"wp-block-image size-full\"><img loading=\"lazy\" decoding=\"async\" width=\"800\" height=\"400\" src=\"https:\/\/lexify.io\/wp-content\/uploads\/2025\/09\/drones-data-protection.jpg\" alt=\"\" class=\"wp-image-2144\" srcset=\"https:\/\/lexify.io\/wp-content\/uploads\/2025\/09\/drones-data-protection.jpg 800w, https:\/\/lexify.io\/wp-content\/uploads\/2025\/09\/drones-data-protection-300x150.jpg 300w, https:\/\/lexify.io\/wp-content\/uploads\/2025\/09\/drones-data-protection-768x384.jpg 768w, https:\/\/lexify.io\/wp-content\/uploads\/2025\/09\/drones-data-protection-18x9.jpg 18w\" sizes=\"auto, (max-width: 800px) 100vw, 800px\" \/><\/figure>\n\n\n\n<h2 class=\"wp-block-heading\">Datenschutz und digitales Recht<\/h2>\n\n\n\n<p>Beratung zur Einhaltung von Datenschutzbestimmungen und anderen digitalen Gesetzen f\u00fcr den Drohnenbetrieb, der mit der Datenerfassung verbunden ist.<\/p>\n<\/div>\n\n\n\n<div class=\"wp-block-column is-layout-flow wp-block-column-is-layout-flow\">\n<figure class=\"wp-block-image size-full\"><img loading=\"lazy\" decoding=\"async\" width=\"800\" height=\"400\" src=\"https:\/\/lexify.io\/wp-content\/uploads\/2025\/09\/drones-crash.jpg\" alt=\"\" class=\"wp-image-2143\" srcset=\"https:\/\/lexify.io\/wp-content\/uploads\/2025\/09\/drones-crash.jpg 800w, https:\/\/lexify.io\/wp-content\/uploads\/2025\/09\/drones-crash-300x150.jpg 300w, https:\/\/lexify.io\/wp-content\/uploads\/2025\/09\/drones-crash-768x384.jpg 768w, https:\/\/lexify.io\/wp-content\/uploads\/2025\/09\/drones-crash-18x9.jpg 18w\" sizes=\"auto, (max-width: 800px) 100vw, 800px\" \/><\/figure>\n\n\n\n<h2 class=\"wp-block-heading\">Incident Management<\/h2>\n\n\n\n<p>Beratung von Betreibern zu den Meldepflichten f\u00fcr UAS-Unf\u00e4lle und schwerwiegende Zwischenf\u00e4lle gem\u00e4\u00df den geltenden Vorschriften gegen\u00fcber den zust\u00e4ndigen Beh\u00f6rden und Sicherheitsuntersuchungsstellen.<\/p>\n<\/div>\n<\/div>\n<\/div>","protected":false},"excerpt":{"rendered":"<p>Aviation Law And Drones From concept to take-off, we safeguard and guide [&hellip;]<\/p>","protected":false},"author":1,"featured_media":0,"parent":140,"menu_order":0,"comment_status":"closed","ping_status":"closed","template":"","meta":{"_acf_changed":false,"inline_featured_image":false,"_uag_custom_page_level_css":"","site-sidebar-layout":"default","site-content-layout":"","ast-site-content-layout":"default","site-content-style":"default","site-sidebar-style":"default","ast-global-header-display":"","ast-banner-title-visibility":"","ast-main-header-display":"","ast-hfb-above-header-display":"","ast-hfb-below-header-display":"","ast-hfb-mobile-header-display":"","site-post-title":"disabled","ast-breadcrumbs-content":"","ast-featured-img":"","footer-sml-layout":"","theme-transparent-header-meta":"","adv-header-id-meta":"","stick-header-meta":"","header-above-stick-meta":"","header-main-stick-meta":"","header-below-stick-meta":"","astra-migrate-meta-layouts":"default","ast-page-background-enabled":"default","ast-page-background-meta":{"desktop":{"background-color":"var(--ast-global-color-4)","background-image":"","background-repeat":"repeat","background-position":"center center","background-size":"auto","background-attachment":"scroll","background-type":"","background-media":"","overlay-type":"","overlay-color":"","overlay-opacity":"","overlay-gradient":""},"tablet":{"background-color":"","background-image":"","background-repeat":"repeat","background-position":"center center","background-size":"auto","background-attachment":"scroll","background-type":"","background-media":"","overlay-type":"","overlay-color":"","overlay-opacity":"","overlay-gradient":""},"mobile":{"background-color":"","background-image":"","background-repeat":"repeat","background-position":"center center","background-size":"auto","background-attachment":"scroll","background-type":"","background-media":"","overlay-type":"","overlay-color":"","overlay-opacity":"","overlay-gradient":""}},"ast-content-background-meta":{"desktop":{"background-color":"var(--ast-global-color-5)","background-image":"","background-repeat":"repeat","background-position":"center center","background-size":"auto","background-attachment":"scroll","background-type":"","background-media":"","overlay-type":"","overlay-color":"","overlay-opacity":"","overlay-gradient":""},"tablet":{"background-color":"var(--ast-global-color-5)","background-image":"","background-repeat":"repeat","background-position":"center center","background-size":"auto","background-attachment":"scroll","background-type":"","background-media":"","overlay-type":"","overlay-color":"","overlay-opacity":"","overlay-gradient":""},"mobile":{"background-color":"var(--ast-global-color-5)","background-image":"","background-repeat":"repeat","background-position":"center center","background-size":"auto","background-attachment":"scroll","background-type":"","background-media":"","overlay-type":"","overlay-color":"","overlay-opacity":"","overlay-gradient":""}},"footnotes":""},"class_list":["post-2139","page","type-page","status-publish","hentry"],"acf":[],"yoast_head":"<!-- This site is optimized with the Yoast SEO plugin v25.5 - https:\/\/yoast.com\/wordpress\/plugins\/seo\/ -->\n<title>Aviation Law and Drones - Lexify<\/title>\n<meta name=\"robots\" content=\"index, follow, max-snippet:-1, max-image-preview:large, max-video-preview:-1\" \/>\n<link rel=\"canonical\" href=\"https:\/\/lexify.io\/de\/unsere-dienstleistungen\/aviation-law-and-drones\/\" \/>\n<meta property=\"og:locale\" content=\"de_DE\" \/>\n<meta property=\"og:type\" content=\"article\" \/>\n<meta property=\"og:title\" content=\"Aviation Law and Drones - Lexify\" \/>\n<meta property=\"og:description\" content=\"Aviation Law And Drones From concept to take-off, we safeguard and guide [&hellip;]\" \/>\n<meta property=\"og:url\" content=\"https:\/\/lexify.io\/de\/unsere-dienstleistungen\/aviation-law-and-drones\/\" \/>\n<meta property=\"og:site_name\" content=\"Lexify\" \/>\n<meta property=\"article:modified_time\" content=\"2025-09-16T15:45:04+00:00\" \/>\n<meta property=\"og:image\" content=\"https:\/\/lexify.io\/wp-content\/uploads\/2025\/09\/drones-operations.jpg\" \/>\n\t<meta property=\"og:image:width\" content=\"800\" \/>\n\t<meta property=\"og:image:height\" content=\"400\" \/>\n\t<meta property=\"og:image:type\" content=\"image\/jpeg\" \/>\n<meta name=\"twitter:card\" content=\"summary_large_image\" \/>\n<meta name=\"twitter:label1\" content=\"Gesch\u00e4tzte Lesezeit\" \/>\n\t<meta name=\"twitter:data1\" content=\"3\u00a0Minuten\" \/>\n<script type=\"application\/ld+json\" class=\"yoast-schema-graph\">{\"@context\":\"https:\/\/schema.org\",\"@graph\":[{\"@type\":\"WebPage\",\"@id\":\"https:\/\/lexify.io\/our-services\/aviation-law-and-drones\/\",\"url\":\"https:\/\/lexify.io\/our-services\/aviation-law-and-drones\/\",\"name\":\"Aviation Law and Drones - Lexify\",\"isPartOf\":{\"@id\":\"https:\/\/lexify.io\/#website\"},\"primaryImageOfPage\":{\"@id\":\"https:\/\/lexify.io\/our-services\/aviation-law-and-drones\/#primaryimage\"},\"image\":{\"@id\":\"https:\/\/lexify.io\/our-services\/aviation-law-and-drones\/#primaryimage\"},\"thumbnailUrl\":\"https:\/\/lexify.io\/wp-content\/uploads\/2025\/09\/drones-operations.jpg\",\"datePublished\":\"2025-09-16T15:36:39+00:00\",\"dateModified\":\"2025-09-16T15:45:04+00:00\",\"breadcrumb\":{\"@id\":\"https:\/\/lexify.io\/our-services\/aviation-law-and-drones\/#breadcrumb\"},\"inLanguage\":\"de\",\"potentialAction\":[{\"@type\":\"ReadAction\",\"target\":[\"https:\/\/lexify.io\/our-services\/aviation-law-and-drones\/\"]}]},{\"@type\":\"ImageObject\",\"inLanguage\":\"de\",\"@id\":\"https:\/\/lexify.io\/our-services\/aviation-law-and-drones\/#primaryimage\",\"url\":\"https:\/\/lexify.io\/wp-content\/uploads\/2025\/09\/drones-operations.jpg\",\"contentUrl\":\"https:\/\/lexify.io\/wp-content\/uploads\/2025\/09\/drones-operations.jpg\"},{\"@type\":\"BreadcrumbList\",\"@id\":\"https:\/\/lexify.io\/our-services\/aviation-law-and-drones\/#breadcrumb\",\"itemListElement\":[{\"@type\":\"ListItem\",\"position\":1,\"name\":\"Home\",\"item\":\"https:\/\/lexify.io\/\"},{\"@type\":\"ListItem\",\"position\":2,\"name\":\"Our Services\",\"item\":\"https:\/\/lexify.io\/our-services\/\"},{\"@type\":\"ListItem\",\"position\":3,\"name\":\"Aviation Law and Drones\"}]},{\"@type\":\"WebSite\",\"@id\":\"https:\/\/lexify.io\/#website\",\"url\":\"https:\/\/lexify.io\/\",\"name\":\"Lexify\",\"description\":\"\",\"publisher\":{\"@id\":\"https:\/\/lexify.io\/#organization\"},\"potentialAction\":[{\"@type\":\"SearchAction\",\"target\":{\"@type\":\"EntryPoint\",\"urlTemplate\":\"https:\/\/lexify.io\/?s={search_term_string}\"},\"query-input\":{\"@type\":\"PropertyValueSpecification\",\"valueRequired\":true,\"valueName\":\"search_term_string\"}}],\"inLanguage\":\"de\"},{\"@type\":\"Organization\",\"@id\":\"https:\/\/lexify.io\/#organization\",\"name\":\"Lexify\",\"url\":\"https:\/\/lexify.io\/\",\"logo\":{\"@type\":\"ImageObject\",\"inLanguage\":\"de\",\"@id\":\"https:\/\/lexify.io\/#\/schema\/logo\/image\/\",\"url\":\"https:\/\/lexify.io\/wp-content\/uploads\/2024\/05\/Lexify_logo-1.png\",\"contentUrl\":\"https:\/\/lexify.io\/wp-content\/uploads\/2024\/05\/Lexify_logo-1.png\",\"width\":730,\"height\":230,\"caption\":\"Lexify\"},\"image\":{\"@id\":\"https:\/\/lexify.io\/#\/schema\/logo\/image\/\"}}]}<\/script>\n<!-- \/ Yoast SEO plugin. -->","yoast_head_json":{"title":"Aviation Law and Drones - Lexify","robots":{"index":"index","follow":"follow","max-snippet":"max-snippet:-1","max-image-preview":"max-image-preview:large","max-video-preview":"max-video-preview:-1"},"canonical":"https:\/\/lexify.io\/de\/unsere-dienstleistungen\/aviation-law-and-drones\/","og_locale":"de_DE","og_type":"article","og_title":"Aviation Law and Drones - Lexify","og_description":"Aviation Law And Drones From concept to take-off, we safeguard and guide [&hellip;]","og_url":"https:\/\/lexify.io\/de\/unsere-dienstleistungen\/aviation-law-and-drones\/","og_site_name":"Lexify","article_modified_time":"2025-09-16T15:45:04+00:00","og_image":[{"width":800,"height":400,"url":"https:\/\/lexify.io\/wp-content\/uploads\/2025\/09\/drones-operations.jpg","type":"image\/jpeg"}],"twitter_card":"summary_large_image","twitter_misc":{"Gesch\u00e4tzte Lesezeit":"3\u00a0Minuten"},"schema":{"@context":"https:\/\/schema.org","@graph":[{"@type":"WebPage","@id":"https:\/\/lexify.io\/our-services\/aviation-law-and-drones\/","url":"https:\/\/lexify.io\/our-services\/aviation-law-and-drones\/","name":"Aviation Law and Drones - Lexify","isPartOf":{"@id":"https:\/\/lexify.io\/#website"},"primaryImageOfPage":{"@id":"https:\/\/lexify.io\/our-services\/aviation-law-and-drones\/#primaryimage"},"image":{"@id":"https:\/\/lexify.io\/our-services\/aviation-law-and-drones\/#primaryimage"},"thumbnailUrl":"https:\/\/lexify.io\/wp-content\/uploads\/2025\/09\/drones-operations.jpg","datePublished":"2025-09-16T15:36:39+00:00","dateModified":"2025-09-16T15:45:04+00:00","breadcrumb":{"@id":"https:\/\/lexify.io\/our-services\/aviation-law-and-drones\/#breadcrumb"},"inLanguage":"de","potentialAction":[{"@type":"ReadAction","target":["https:\/\/lexify.io\/our-services\/aviation-law-and-drones\/"]}]},{"@type":"ImageObject","inLanguage":"de","@id":"https:\/\/lexify.io\/our-services\/aviation-law-and-drones\/#primaryimage","url":"https:\/\/lexify.io\/wp-content\/uploads\/2025\/09\/drones-operations.jpg","contentUrl":"https:\/\/lexify.io\/wp-content\/uploads\/2025\/09\/drones-operations.jpg"},{"@type":"BreadcrumbList","@id":"https:\/\/lexify.io\/our-services\/aviation-law-and-drones\/#breadcrumb","itemListElement":[{"@type":"ListItem","position":1,"name":"Home","item":"https:\/\/lexify.io\/"},{"@type":"ListItem","position":2,"name":"Our Services","item":"https:\/\/lexify.io\/our-services\/"},{"@type":"ListItem","position":3,"name":"Aviation Law and Drones"}]},{"@type":"WebSite","@id":"https:\/\/lexify.io\/#website","url":"https:\/\/lexify.io\/","name":"Lexify","description":"","publisher":{"@id":"https:\/\/lexify.io\/#organization"},"potentialAction":[{"@type":"SearchAction","target":{"@type":"EntryPoint","urlTemplate":"https:\/\/lexify.io\/?s={search_term_string}"},"query-input":{"@type":"PropertyValueSpecification","valueRequired":true,"valueName":"search_term_string"}}],"inLanguage":"de"},{"@type":"Organization","@id":"https:\/\/lexify.io\/#organization","name":"Lexify","url":"https:\/\/lexify.io\/","logo":{"@type":"ImageObject","inLanguage":"de","@id":"https:\/\/lexify.io\/#\/schema\/logo\/image\/","url":"https:\/\/lexify.io\/wp-content\/uploads\/2024\/05\/Lexify_logo-1.png","contentUrl":"https:\/\/lexify.io\/wp-content\/uploads\/2024\/05\/Lexify_logo-1.png","width":730,"height":230,"caption":"Lexify"},"image":{"@id":"https:\/\/lexify.io\/#\/schema\/logo\/image\/"}}]}},"uagb_featured_image_src":{"full":false,"thumbnail":false,"medium":false,"medium_large":false,"large":false,"1536x1536":false,"2048x2048":false,"trp-custom-language-flag":false},"uagb_author_info":{"display_name":"admin","author_link":"https:\/\/lexify.io\/de\/author\/nextadmin\/"},"uagb_comment_info":0,"uagb_excerpt":"Aviation Law And Drones From concept to take-off, we safeguard and guide [&hellip;]","_links":{"self":[{"href":"https:\/\/lexify.io\/de\/wp-json\/wp\/v2\/pages\/2139","targetHints":{"allow":["GET"]}}],"collection":[{"href":"https:\/\/lexify.io\/de\/wp-json\/wp\/v2\/pages"}],"about":[{"href":"https:\/\/lexify.io\/de\/wp-json\/wp\/v2\/types\/page"}],"author":[{"embeddable":true,"href":"https:\/\/lexify.io\/de\/wp-json\/wp\/v2\/users\/1"}],"replies":[{"embeddable":true,"href":"https:\/\/lexify.io\/de\/wp-json\/wp\/v2\/comments?post=2139"}],"version-history":[{"count":0,"href":"https:\/\/lexify.io\/de\/wp-json\/wp\/v2\/pages\/2139\/revisions"}],"up":[{"embeddable":true,"href":"https:\/\/lexify.io\/de\/wp-json\/wp\/v2\/pages\/140"}],"wp:attachment":[{"href":"https:\/\/lexify.io\/de\/wp-json\/wp\/v2\/media?parent=2139"}],"curies":[{"name":"wp","href":"https:\/\/api.w.org\/{rel}","templated":true}]}}