{"id":2126,"date":"2025-09-16T15:21:40","date_gmt":"2025-09-16T15:21:40","guid":{"rendered":"https:\/\/lexify.io\/?page_id=2126"},"modified":"2025-09-16T15:30:30","modified_gmt":"2025-09-16T15:30:30","slug":"arbitration","status":"publish","type":"page","link":"https:\/\/lexify.io\/de\/unsere-dienstleistungen\/arbitration\/","title":{"rendered":"Schiedsgerichtsbarkeit"},"content":{"rendered":"<div class=\"wp-block-group alignfull banner-section is-layout-constrained wp-block-group-is-layout-constrained has-background\" style=\"padding-top:0;padding-bottom:0;background-image:url(&apos;https:\/\/lexify.io\/wp-content\/uploads\/2025\/09\/banner-arbitration-lexify.jpg&apos;);background-size:cover;\">\n<div style=\"height:21vw\" aria-hidden=\"true\" class=\"wp-block-spacer\"><\/div>\n<\/div>\n\n\n\n<div class=\"wp-block-group alignfull has-ast-global-color-0-background-color has-background is-layout-constrained wp-block-group-is-layout-constrained\" style=\"padding-top:var(--wp--preset--spacing--70);padding-bottom:var(--wp--preset--spacing--70)\">\n<h1 class=\"wp-block-heading has-text-align-left has-ast-global-color-5-color has-text-color has-link-color wp-elements-f074df075d2a6b719756f9af6d44d64b\">Schiedsgerichtsbarkeit<\/h1>\n\n\n\n<p class=\"has-text-align-left has-ast-global-color-5-color has-text-color has-link-color wp-elements-0149e81cb0e39ac8fea11fb0feee04df\" style=\"padding-top:0;padding-bottom:0;font-size:25px;line-height:1.5\">Lexify bietet spezialisierte Rechtsberatung in nationalen und internationalen Schiedsverfahren und begleitet Mandanten mit strategischer und effektiver Vertretung durch alle Phasen des Verfahrens.<\/p>\n<\/div>\n\n\n\n<div class=\"wp-block-group alignfull is-layout-constrained wp-block-group-is-layout-constrained\">\n<div class=\"wp-block-columns is-layout-flex wp-container-core-columns-is-layout-28f84493 wp-block-columns-is-layout-flex\">\n<div class=\"wp-block-column is-layout-flow wp-block-column-is-layout-flow\">\n<figure class=\"wp-block-image size-full\"><img loading=\"lazy\" decoding=\"async\" width=\"800\" height=\"400\" src=\"https:\/\/lexify.io\/wp-content\/uploads\/2025\/09\/arbitration-reviewing.jpg\" alt=\"\" class=\"wp-image-2135\" srcset=\"https:\/\/lexify.io\/wp-content\/uploads\/2025\/09\/arbitration-reviewing.jpg 800w, https:\/\/lexify.io\/wp-content\/uploads\/2025\/09\/arbitration-reviewing-300x150.jpg 300w, https:\/\/lexify.io\/wp-content\/uploads\/2025\/09\/arbitration-reviewing-768x384.jpg 768w, https:\/\/lexify.io\/wp-content\/uploads\/2025\/09\/arbitration-reviewing-18x9.jpg 18w\" sizes=\"auto, (max-width: 800px) 100vw, 800px\" \/><\/figure>\n\n\n\n<h2 class=\"wp-block-heading\">Entwurf und \u00dcberpr\u00fcfung von Schiedsklauseln<\/h2>\n\n\n\n<p>Lexify unterst\u00fctzt bei der Ausarbeitung und Analyse von Schiedsvereinbarungen, um Klarheit, Durchsetzbarkeit und \u00dcbereinstimmung mit den strategischen Bed\u00fcrfnissen der Mandanten sicherzustellen.<\/p>\n<\/div>\n\n\n\n<div class=\"wp-block-column is-layout-flow wp-block-column-is-layout-flow\">\n<figure class=\"wp-block-image size-full\"><img loading=\"lazy\" decoding=\"async\" width=\"800\" height=\"400\" src=\"https:\/\/lexify.io\/wp-content\/uploads\/2025\/09\/arbitration-representing.jpg\" alt=\"\" class=\"wp-image-2134\" srcset=\"https:\/\/lexify.io\/wp-content\/uploads\/2025\/09\/arbitration-representing.jpg 800w, https:\/\/lexify.io\/wp-content\/uploads\/2025\/09\/arbitration-representing-300x150.jpg 300w, https:\/\/lexify.io\/wp-content\/uploads\/2025\/09\/arbitration-representing-768x384.jpg 768w, https:\/\/lexify.io\/wp-content\/uploads\/2025\/09\/arbitration-representing-18x9.jpg 18w\" sizes=\"auto, (max-width: 800px) 100vw, 800px\" \/><\/figure>\n\n\n\n<h2 class=\"wp-block-heading\">Vertretung in Schiedsverfahren<\/h2>\n\n\n\n<p>Die Kanzlei vertritt Mandanten vor nationalen und internationalen Schiedsgerichten und bietet ma\u00dfgeschneiderte Vertretung und Verteidigung in komplexen Streitf\u00e4llen.<\/p>\n<\/div>\n<\/div>\n<\/div>\n\n\n\n<div class=\"wp-block-group alignfull has-ast-global-color-4-background-color has-background is-layout-constrained wp-block-group-is-layout-constrained\">\n<div class=\"wp-block-columns is-layout-flex wp-container-core-columns-is-layout-28f84493 wp-block-columns-is-layout-flex\">\n<div class=\"wp-block-column is-layout-flow wp-block-column-is-layout-flow\">\n<figure class=\"wp-block-image size-full\"><img loading=\"lazy\" decoding=\"async\" width=\"800\" height=\"400\" src=\"https:\/\/lexify.io\/wp-content\/uploads\/2025\/09\/arbitration-interim-measures.jpg\" alt=\"\" class=\"wp-image-2132\" srcset=\"https:\/\/lexify.io\/wp-content\/uploads\/2025\/09\/arbitration-interim-measures.jpg 800w, https:\/\/lexify.io\/wp-content\/uploads\/2025\/09\/arbitration-interim-measures-300x150.jpg 300w, https:\/\/lexify.io\/wp-content\/uploads\/2025\/09\/arbitration-interim-measures-768x384.jpg 768w, https:\/\/lexify.io\/wp-content\/uploads\/2025\/09\/arbitration-interim-measures-18x9.jpg 18w\" sizes=\"auto, (max-width: 800px) 100vw, 800px\" \/><\/figure>\n\n\n\n<h2 class=\"wp-block-heading\">Einstweilige Ma\u00dfnahmen und Eilverfahren<\/h2>\n\n\n\n<p>Lexify bearbeitet Antr\u00e4ge auf einstweilige Ma\u00dfnahmen vor Schiedsgerichten und nationalen Gerichten, einschlie\u00dflich Eilverfahren, um Verm\u00f6genswerte und Beweise zu sichern und irreparable Sch\u00e4den zu verhindern.<\/p>\n<\/div>\n\n\n\n<div class=\"wp-block-column is-layout-flow wp-block-column-is-layout-flow\">\n<figure class=\"wp-block-image size-full\"><img loading=\"lazy\" decoding=\"async\" width=\"800\" height=\"400\" src=\"https:\/\/lexify.io\/wp-content\/uploads\/2025\/09\/arbitration-meeting.jpg\" alt=\"\" class=\"wp-image-2133\" srcset=\"https:\/\/lexify.io\/wp-content\/uploads\/2025\/09\/arbitration-meeting.jpg 800w, https:\/\/lexify.io\/wp-content\/uploads\/2025\/09\/arbitration-meeting-300x150.jpg 300w, https:\/\/lexify.io\/wp-content\/uploads\/2025\/09\/arbitration-meeting-768x384.jpg 768w, https:\/\/lexify.io\/wp-content\/uploads\/2025\/09\/arbitration-meeting-18x9.jpg 18w\" sizes=\"auto, (max-width: 800px) 100vw, 800px\" \/><\/figure>\n\n\n\n<h2 class=\"wp-block-heading\">Strategische Beratung und Fallmanagement<\/h2>\n\n\n\n<p>Die Kanzlei bietet fortlaufende Beratung zu Schiedsverfahren, Risikobewertung und Fallstrategie, um Ergebnisse und Effizienz zu optimieren.<\/p>\n<\/div>\n<\/div>\n<\/div>","protected":false},"excerpt":{"rendered":"<p>Arbitration Lexify offers specialized legal assistance in domestic and international arbitration, guiding [&hellip;]<\/p>","protected":false},"author":1,"featured_media":0,"parent":140,"menu_order":0,"comment_status":"closed","ping_status":"closed","template":"","meta":{"_acf_changed":false,"inline_featured_image":false,"_uag_custom_page_level_css":"","site-sidebar-layout":"default","site-content-layout":"","ast-site-content-layout":"default","site-content-style":"default","site-sidebar-style":"default","ast-global-header-display":"","ast-banner-title-visibility":"","ast-main-header-display":"","ast-hfb-above-header-display":"","ast-hfb-below-header-display":"","ast-hfb-mobile-header-display":"","site-post-title":"disabled","ast-breadcrumbs-content":"","ast-featured-img":"","footer-sml-layout":"","theme-transparent-header-meta":"","adv-header-id-meta":"","stick-header-meta":"","header-above-stick-meta":"","header-main-stick-meta":"","header-below-stick-meta":"","astra-migrate-meta-layouts":"default","ast-page-background-enabled":"default","ast-page-background-meta":{"desktop":{"background-color":"var(--ast-global-color-4)","background-image":"","background-repeat":"repeat","background-position":"center center","background-size":"auto","background-attachment":"scroll","background-type":"","background-media":"","overlay-type":"","overlay-color":"","overlay-opacity":"","overlay-gradient":""},"tablet":{"background-color":"","background-image":"","background-repeat":"repeat","background-position":"center center","background-size":"auto","background-attachment":"scroll","background-type":"","background-media":"","overlay-type":"","overlay-color":"","overlay-opacity":"","overlay-gradient":""},"mobile":{"background-color":"","background-image":"","background-repeat":"repeat","background-position":"center center","background-size":"auto","background-attachment":"scroll","background-type":"","background-media":"","overlay-type":"","overlay-color":"","overlay-opacity":"","overlay-gradient":""}},"ast-content-background-meta":{"desktop":{"background-color":"var(--ast-global-color-5)","background-image":"","background-repeat":"repeat","background-position":"center center","background-size":"auto","background-attachment":"scroll","background-type":"","background-media":"","overlay-type":"","overlay-color":"","overlay-opacity":"","overlay-gradient":""},"tablet":{"background-color":"var(--ast-global-color-5)","background-image":"","background-repeat":"repeat","background-position":"center center","background-size":"auto","background-attachment":"scroll","background-type":"","background-media":"","overlay-type":"","overlay-color":"","overlay-opacity":"","overlay-gradient":""},"mobile":{"background-color":"var(--ast-global-color-5)","background-image":"","background-repeat":"repeat","background-position":"center center","background-size":"auto","background-attachment":"scroll","background-type":"","background-media":"","overlay-type":"","overlay-color":"","overlay-opacity":"","overlay-gradient":""}},"footnotes":""},"class_list":["post-2126","page","type-page","status-publish","hentry"],"acf":[],"yoast_head":"<!-- This site is optimized with the Yoast SEO plugin v25.5 - https:\/\/yoast.com\/wordpress\/plugins\/seo\/ -->\n<title>Arbitration - Lexify<\/title>\n<meta name=\"robots\" content=\"index, follow, max-snippet:-1, max-image-preview:large, max-video-preview:-1\" \/>\n<link rel=\"canonical\" href=\"https:\/\/lexify.io\/de\/unsere-dienstleistungen\/arbitration\/\" \/>\n<meta property=\"og:locale\" content=\"de_DE\" \/>\n<meta property=\"og:type\" content=\"article\" \/>\n<meta property=\"og:title\" content=\"Arbitration - Lexify\" \/>\n<meta property=\"og:description\" content=\"Arbitration Lexify offers specialized legal assistance in domestic and international arbitration, guiding [&hellip;]\" \/>\n<meta property=\"og:url\" content=\"https:\/\/lexify.io\/de\/unsere-dienstleistungen\/arbitration\/\" \/>\n<meta property=\"og:site_name\" content=\"Lexify\" \/>\n<meta property=\"article:modified_time\" content=\"2025-09-16T15:30:30+00:00\" \/>\n<meta property=\"og:image\" content=\"https:\/\/lexify.io\/wp-content\/uploads\/2025\/09\/arbitration-reviewing.jpg\" \/>\n\t<meta property=\"og:image:width\" content=\"800\" \/>\n\t<meta property=\"og:image:height\" content=\"400\" \/>\n\t<meta property=\"og:image:type\" content=\"image\/jpeg\" \/>\n<meta name=\"twitter:card\" content=\"summary_large_image\" \/>\n<meta name=\"twitter:label1\" content=\"Gesch\u00e4tzte Lesezeit\" \/>\n\t<meta name=\"twitter:data1\" content=\"2\u00a0Minuten\" \/>\n<script type=\"application\/ld+json\" class=\"yoast-schema-graph\">{\"@context\":\"https:\/\/schema.org\",\"@graph\":[{\"@type\":\"WebPage\",\"@id\":\"https:\/\/lexify.io\/our-services\/arbitration\/\",\"url\":\"https:\/\/lexify.io\/our-services\/arbitration\/\",\"name\":\"Arbitration - Lexify\",\"isPartOf\":{\"@id\":\"https:\/\/lexify.io\/#website\"},\"primaryImageOfPage\":{\"@id\":\"https:\/\/lexify.io\/our-services\/arbitration\/#primaryimage\"},\"image\":{\"@id\":\"https:\/\/lexify.io\/our-services\/arbitration\/#primaryimage\"},\"thumbnailUrl\":\"https:\/\/lexify.io\/wp-content\/uploads\/2025\/09\/arbitration-reviewing.jpg\",\"datePublished\":\"2025-09-16T15:21:40+00:00\",\"dateModified\":\"2025-09-16T15:30:30+00:00\",\"breadcrumb\":{\"@id\":\"https:\/\/lexify.io\/our-services\/arbitration\/#breadcrumb\"},\"inLanguage\":\"de\",\"potentialAction\":[{\"@type\":\"ReadAction\",\"target\":[\"https:\/\/lexify.io\/our-services\/arbitration\/\"]}]},{\"@type\":\"ImageObject\",\"inLanguage\":\"de\",\"@id\":\"https:\/\/lexify.io\/our-services\/arbitration\/#primaryimage\",\"url\":\"https:\/\/lexify.io\/wp-content\/uploads\/2025\/09\/arbitration-reviewing.jpg\",\"contentUrl\":\"https:\/\/lexify.io\/wp-content\/uploads\/2025\/09\/arbitration-reviewing.jpg\"},{\"@type\":\"BreadcrumbList\",\"@id\":\"https:\/\/lexify.io\/our-services\/arbitration\/#breadcrumb\",\"itemListElement\":[{\"@type\":\"ListItem\",\"position\":1,\"name\":\"Home\",\"item\":\"https:\/\/lexify.io\/\"},{\"@type\":\"ListItem\",\"position\":2,\"name\":\"Our Services\",\"item\":\"https:\/\/lexify.io\/our-services\/\"},{\"@type\":\"ListItem\",\"position\":3,\"name\":\"Arbitration\"}]},{\"@type\":\"WebSite\",\"@id\":\"https:\/\/lexify.io\/#website\",\"url\":\"https:\/\/lexify.io\/\",\"name\":\"Lexify\",\"description\":\"\",\"publisher\":{\"@id\":\"https:\/\/lexify.io\/#organization\"},\"potentialAction\":[{\"@type\":\"SearchAction\",\"target\":{\"@type\":\"EntryPoint\",\"urlTemplate\":\"https:\/\/lexify.io\/?s={search_term_string}\"},\"query-input\":{\"@type\":\"PropertyValueSpecification\",\"valueRequired\":true,\"valueName\":\"search_term_string\"}}],\"inLanguage\":\"de\"},{\"@type\":\"Organization\",\"@id\":\"https:\/\/lexify.io\/#organization\",\"name\":\"Lexify\",\"url\":\"https:\/\/lexify.io\/\",\"logo\":{\"@type\":\"ImageObject\",\"inLanguage\":\"de\",\"@id\":\"https:\/\/lexify.io\/#\/schema\/logo\/image\/\",\"url\":\"https:\/\/lexify.io\/wp-content\/uploads\/2024\/05\/Lexify_logo-1.png\",\"contentUrl\":\"https:\/\/lexify.io\/wp-content\/uploads\/2024\/05\/Lexify_logo-1.png\",\"width\":730,\"height\":230,\"caption\":\"Lexify\"},\"image\":{\"@id\":\"https:\/\/lexify.io\/#\/schema\/logo\/image\/\"}}]}<\/script>\n<!-- \/ Yoast SEO plugin. -->","yoast_head_json":{"title":"Arbitration - Lexify","robots":{"index":"index","follow":"follow","max-snippet":"max-snippet:-1","max-image-preview":"max-image-preview:large","max-video-preview":"max-video-preview:-1"},"canonical":"https:\/\/lexify.io\/de\/unsere-dienstleistungen\/arbitration\/","og_locale":"de_DE","og_type":"article","og_title":"Arbitration - Lexify","og_description":"Arbitration Lexify offers specialized legal assistance in domestic and international arbitration, guiding [&hellip;]","og_url":"https:\/\/lexify.io\/de\/unsere-dienstleistungen\/arbitration\/","og_site_name":"Lexify","article_modified_time":"2025-09-16T15:30:30+00:00","og_image":[{"width":800,"height":400,"url":"https:\/\/lexify.io\/wp-content\/uploads\/2025\/09\/arbitration-reviewing.jpg","type":"image\/jpeg"}],"twitter_card":"summary_large_image","twitter_misc":{"Gesch\u00e4tzte Lesezeit":"2\u00a0Minuten"},"schema":{"@context":"https:\/\/schema.org","@graph":[{"@type":"WebPage","@id":"https:\/\/lexify.io\/our-services\/arbitration\/","url":"https:\/\/lexify.io\/our-services\/arbitration\/","name":"Arbitration - Lexify","isPartOf":{"@id":"https:\/\/lexify.io\/#website"},"primaryImageOfPage":{"@id":"https:\/\/lexify.io\/our-services\/arbitration\/#primaryimage"},"image":{"@id":"https:\/\/lexify.io\/our-services\/arbitration\/#primaryimage"},"thumbnailUrl":"https:\/\/lexify.io\/wp-content\/uploads\/2025\/09\/arbitration-reviewing.jpg","datePublished":"2025-09-16T15:21:40+00:00","dateModified":"2025-09-16T15:30:30+00:00","breadcrumb":{"@id":"https:\/\/lexify.io\/our-services\/arbitration\/#breadcrumb"},"inLanguage":"de","potentialAction":[{"@type":"ReadAction","target":["https:\/\/lexify.io\/our-services\/arbitration\/"]}]},{"@type":"ImageObject","inLanguage":"de","@id":"https:\/\/lexify.io\/our-services\/arbitration\/#primaryimage","url":"https:\/\/lexify.io\/wp-content\/uploads\/2025\/09\/arbitration-reviewing.jpg","contentUrl":"https:\/\/lexify.io\/wp-content\/uploads\/2025\/09\/arbitration-reviewing.jpg"},{"@type":"BreadcrumbList","@id":"https:\/\/lexify.io\/our-services\/arbitration\/#breadcrumb","itemListElement":[{"@type":"ListItem","position":1,"name":"Home","item":"https:\/\/lexify.io\/"},{"@type":"ListItem","position":2,"name":"Our Services","item":"https:\/\/lexify.io\/our-services\/"},{"@type":"ListItem","position":3,"name":"Arbitration"}]},{"@type":"WebSite","@id":"https:\/\/lexify.io\/#website","url":"https:\/\/lexify.io\/","name":"Lexify","description":"","publisher":{"@id":"https:\/\/lexify.io\/#organization"},"potentialAction":[{"@type":"SearchAction","target":{"@type":"EntryPoint","urlTemplate":"https:\/\/lexify.io\/?s={search_term_string}"},"query-input":{"@type":"PropertyValueSpecification","valueRequired":true,"valueName":"search_term_string"}}],"inLanguage":"de"},{"@type":"Organization","@id":"https:\/\/lexify.io\/#organization","name":"Lexify","url":"https:\/\/lexify.io\/","logo":{"@type":"ImageObject","inLanguage":"de","@id":"https:\/\/lexify.io\/#\/schema\/logo\/image\/","url":"https:\/\/lexify.io\/wp-content\/uploads\/2024\/05\/Lexify_logo-1.png","contentUrl":"https:\/\/lexify.io\/wp-content\/uploads\/2024\/05\/Lexify_logo-1.png","width":730,"height":230,"caption":"Lexify"},"image":{"@id":"https:\/\/lexify.io\/#\/schema\/logo\/image\/"}}]}},"uagb_featured_image_src":{"full":false,"thumbnail":false,"medium":false,"medium_large":false,"large":false,"1536x1536":false,"2048x2048":false,"trp-custom-language-flag":false},"uagb_author_info":{"display_name":"admin","author_link":"https:\/\/lexify.io\/de\/author\/nextadmin\/"},"uagb_comment_info":0,"uagb_excerpt":"Arbitration Lexify offers specialized legal assistance in domestic and international arbitration, guiding [&hellip;]","_links":{"self":[{"href":"https:\/\/lexify.io\/de\/wp-json\/wp\/v2\/pages\/2126","targetHints":{"allow":["GET"]}}],"collection":[{"href":"https:\/\/lexify.io\/de\/wp-json\/wp\/v2\/pages"}],"about":[{"href":"https:\/\/lexify.io\/de\/wp-json\/wp\/v2\/types\/page"}],"author":[{"embeddable":true,"href":"https:\/\/lexify.io\/de\/wp-json\/wp\/v2\/users\/1"}],"replies":[{"embeddable":true,"href":"https:\/\/lexify.io\/de\/wp-json\/wp\/v2\/comments?post=2126"}],"version-history":[{"count":0,"href":"https:\/\/lexify.io\/de\/wp-json\/wp\/v2\/pages\/2126\/revisions"}],"up":[{"embeddable":true,"href":"https:\/\/lexify.io\/de\/wp-json\/wp\/v2\/pages\/140"}],"wp:attachment":[{"href":"https:\/\/lexify.io\/de\/wp-json\/wp\/v2\/media?parent=2126"}],"curies":[{"name":"wp","href":"https:\/\/api.w.org\/{rel}","templated":true}]}}